{"id":594956,"date":"2026-02-19T16:51:28","date_gmt":"2026-02-19T15:51:28","guid":{"rendered":"https:\/\/madelinefashion.pl\/?post_type=product&#038;p=594956"},"modified":"2026-03-26T12:38:47","modified_gmt":"2026-03-26T11:38:47","slug":"bluzka-koronkowa-krotki-rekaw-czerwona","status":"publish","type":"product","link":"https:\/\/madelinefashion.pl\/en\/product\/bluzka-koronkowa-krotki-rekaw-czerwona\/","title":{"rendered":"Red Short Sleeve Lace Blouse"},"content":{"rendered":"<h3 style=\"text-align: center;\">Red Short Sleeve Lace Blouse<\/h3>\n<p style=\"text-align: center;\"><strong>Blouse<\/strong> it is an item of clothing ordered by our clients more and more often. The offer prepared by us will certainly allow you to find something unique here. Elegant and sensual body is the perfect solution and help in shaping the figure and concealing its imperfections. Stiffened cups with floral embroidery provide good support for the bust. <strong>Blouse<\/strong> It works well with a variety of styles and for women of all ages and body types. Our selection includes styles that will fit your body shape and size.<\/p>\n<p>&nbsp;<\/p>\n<h3 style=\"text-align: center;\">Dimensions:<\/h3>\n<p style=\"text-align: center;\">A-WIDTH FROM ARMPIT TO ARMPIT 38 cm-50 cm<\/p>\n<p style=\"text-align: center;\">B - WAIST WIDTH 34cm-45cm<\/p>\n<p style=\"text-align: center;\">C-HIP WIDTH 35 cm-46 cm<\/p>\n<p style=\"text-align: center;\">D-TOTAL LENGTH 54 cm<\/p>\n<p>&nbsp;<\/p>\n<p style=\"text-align: center;\">Dimensions may slightly differ from the given +\/- 2cm. All dimensions given are measured flat.\u00a0<strong>X2 dimension<\/strong><\/p>\n<p>&nbsp;<\/p>\n<p>&nbsp;<\/p>\n<p style=\"text-align: center;\">\u00a0The model has\u00a0<strong>169<\/strong>\u00a0cm tall, wears a size every day\u00a0<strong>S.<\/strong><\/p>\n<p style=\"text-align: center;\">The width at the bust is 92 cm<\/p>\n<p style=\"text-align: center;\">Waist width 62 cm<\/p>\n<p style=\"text-align: center;\">The width at the hips is 94 cm<\/p>\n<p>&nbsp;<\/p>","protected":false},"excerpt":{"rendered":"<p>Bluzka Koronkowa Kr\u00f3tki R\u0119kaw Czerwona Bluzka to element garderoby coraz cz\u0119\u015bciej zamawiany przez nasze klientki. Przygotowana przez nas oferta z pewno\u015bci\u0105 pozwoli Ci znale\u017a\u0107 tutaj co\u015b wyj\u0105tkowego.\u00a0 Eleganckie i zmys\u0142owe body to idealne rozwi\u0105zanie i pomoc w modelowaniu sylwetki oraz ukryciu jej niedoskona\u0142o\u015bci. Usztywnione miseczki z kwiatowym haftem dobrze podtrzymuj\u0105 biust. Bluzka sprawdzi si\u0119 w<\/p>\n<div class=\"klb-readmore post-buttons\"><a class=\"button black outline size-sm\" href=\"https:\/\/madelinefashion.pl\/en\/product\/bluzka-koronkowa-krotki-rekaw-czerwona\/\">Read More <i class=\"klbth-icon-right-arrow\"><\/i><\/a><\/div>","protected":false},"featured_media":594939,"template":"","meta":[],"product_brand":[],"product_cat":[77,87,559],"product_tag":[479],"class_list":{"0":"post-594956","1":"product","2":"type-product","3":"status-publish","4":"has-post-thumbnail","6":"product_cat-bluzki","7":"product_cat-bluzki-2","8":"product_cat-noworoczna-sekcja-okazji","9":"product_tag-bluzki-z-krotkim-rekawem","11":"first","12":"instock","13":"sale","14":"purchasable","15":"product-type-simple"},"_links":{"self":[{"href":"https:\/\/madelinefashion.pl\/en\/wp-json\/wp\/v2\/product\/594956","targetHints":{"allow":["GET"]}}],"collection":[{"href":"https:\/\/madelinefashion.pl\/en\/wp-json\/wp\/v2\/product"}],"about":[{"href":"https:\/\/madelinefashion.pl\/en\/wp-json\/wp\/v2\/types\/product"}],"wp:featuredmedia":[{"embeddable":true,"href":"https:\/\/madelinefashion.pl\/en\/wp-json\/wp\/v2\/media\/594939"}],"wp:attachment":[{"href":"https:\/\/madelinefashion.pl\/en\/wp-json\/wp\/v2\/media?parent=594956"}],"wp:term":[{"taxonomy":"product_brand","embeddable":true,"href":"https:\/\/madelinefashion.pl\/en\/wp-json\/wp\/v2\/product_brand?post=594956"},{"taxonomy":"product_cat","embeddable":true,"href":"https:\/\/madelinefashion.pl\/en\/wp-json\/wp\/v2\/product_cat?post=594956"},{"taxonomy":"product_tag","embeddable":true,"href":"https:\/\/madelinefashion.pl\/en\/wp-json\/wp\/v2\/product_tag?post=594956"}],"curies":[{"name":"wp","href":"https:\/\/api.w.org\/{rel}","templated":true}]}}