{"id":594999,"date":"2026-02-20T12:15:41","date_gmt":"2026-02-20T11:15:41","guid":{"rendered":"https:\/\/madelinefashion.pl\/?post_type=product&#038;p=594999"},"modified":"2026-04-22T19:01:11","modified_gmt":"2026-04-22T17:01:11","slug":"sukienka-maxi-na-ramiaczkach-gladka-brianna-biala","status":"publish","type":"product","link":"https:\/\/madelinefashion.pl\/en\/product\/sukienka-maxi-na-ramiaczkach-gladka-brianna-biala\/","title":{"rendered":"Brianna White Strappy Maxi Dress"},"content":{"rendered":"<h3 style=\"text-align: center;\">Brianna White Strappy Maxi Dress<\/h3>\n<p style=\"text-align: center;\"><strong>Brianna<\/strong>\u00a0This is a beautiful satin dress with adjustable, thin straps. The bodice is corset-style, but not a classic, rigid construction, which significantly improves comfort. The straps are removable, so it can also be worn without them. A silicone band is sewn into the bust to keep the dress in place. The lace-up back allows for a perfect fit. This model features a flared skirt that flows beautifully with movement. It has a leg slit that beautifully highlights the leg. Despite its simplicity, the dress is sure to make a huge impression. This navy blue dress is perfect for weddings, proms, homecomings, New Year&#039;s Eve, and other special occasions. <span style=\"font-size: 10pt;\">If you can&#039;t decide which color, size is best for you, please contact us via <a href=\"https:\/\/www.facebook.com\/madelinefashionbutik\" target=\"_blank\" rel=\"noopener\">Facebook<\/a> or <a href=\"https:\/\/madelinefashion.pl\/en\/kontakt\/\">phone<\/a>. If the size is not available on the website, please contact us.\u00a0<\/span><\/p>\n<h3 style=\"text-align: center;\">DRESS DIMENSIONS:<\/h3>\n<table width=\"556\">\n<tbody>\n<tr>\n<td><strong>SIZE<\/strong><\/td>\n<td><strong>Bust<\/strong><\/td>\n<td><strong>Waist<\/strong><\/td>\n<td><strong>Hips<\/strong><\/td>\n<\/tr>\n<tr>\n<td><strong>34<\/strong><\/td>\n<td>84-86<\/td>\n<td>64-68<\/td>\n<td>\u00a082-90<\/td>\n<\/tr>\n<tr>\n<td><strong>36<\/strong><\/td>\n<td>88-90<\/td>\n<td>68-72<\/td>\n<td>\u00a086-92<\/td>\n<\/tr>\n<tr>\n<td><strong>38<\/strong><\/td>\n<td>92-94<\/td>\n<td>72-76<\/td>\n<td>\u00a090-96<\/td>\n<\/tr>\n<tr>\n<td><strong>40<\/strong><\/td>\n<td>96-98<\/td>\n<td>76-80<\/td>\n<td>\u00a094-106<\/td>\n<\/tr>\n<\/tbody>\n<\/table>\n<p style=\"text-align: center;\"><span style=\"font-size: 10pt;\">\u00a0<\/span><\/p>\n<p style=\"text-align: center;\"><span style=\"font-size: 10pt;\">total length approx. 157 cm\u00a0\u00a0<\/span><\/p>\n<p style=\"text-align: center;\"><span style=\"font-size: 10pt;\">The dress is also available in <strong>other color variants<\/strong> - we encourage you to familiarize yourself with our other products.\u00a0<\/span><\/p>\n<p style=\"text-align: center;\"><span style=\"font-size: 10pt;\">Dimensions may slightly differ from the given +\/- 2cm.\u00a0<\/span><\/p>\n<p style=\"text-align: center;\"><span style=\"font-size: 10pt;\"><strong>\u00a0<\/strong>\u00a0<\/span><\/p>\n<table width=\"618\">\n<tbody>\n<tr>\n<td width=\"302\">Model name<\/td>\n<td width=\"302\">Brianna Plain Strappy Maxi Dress<\/td>\n<\/tr>\n<tr>\n<td width=\"302\">Color<\/td>\n<td width=\"302\">White<\/td>\n<\/tr>\n<tr>\n<td width=\"302\">Material<\/td>\n<td width=\"302\">Satin<\/td>\n<\/tr>\n<tr>\n<td width=\"302\">Sizes<\/td>\n<td width=\"302\">\u00a036 38 40<\/td>\n<\/tr>\n<tr>\n<td width=\"302\">Fashion<\/td>\n<td width=\"302\">Matched<\/td>\n<\/tr>\n<tr>\n<td width=\"302\">Material<\/td>\n<td width=\"302\">Viscose, Polyester, Cotton<\/td>\n<\/tr>\n<tr>\n<td width=\"302\">Length<\/td>\n<td width=\"302\">To the ground<\/td>\n<\/tr>\n<\/tbody>\n<\/table>\n<p style=\"text-align: center;\" align=\"center\">We invite you to our wedding dress salon, located at 2 Moniuszki Street in the heart of Konstantyn\u00f3w \u0141\u00f3dzki. In our professional salon, you&#039;ll find a wide selection of wedding dresses that will fulfill your deepest dreams of a perfect day. A team of experienced consultants will help you choose the perfect gown, tailored to your expectations and figure. We cordially invite you to visit \u2013 see how special your day can be!<\/p>\n<p>Each dress can be adjusted to suit your height and heel height, if necessary. If it&#039;s too long, you can have it shortened or have a seamstress make minor alterations. This way, you can easily tailor your chosen dress to your measurements and feel perfectly at ease in it.<\/p>\n<p style=\"text-align: center;\" align=\"center\">In order to match\u00a0<strong>perfect dresses<\/strong>\u00a0we invite you to contact us by phone or contact us <a href=\"https:\/\/www.facebook.com\/madelinefashionbutik\" target=\"_blank\" rel=\"noopener\">facebook<\/a> .<br \/>\nOur team will help\u00a0<strong>Choose the right one<\/strong>\u00a0.\u00a0<strong>We can measure each dress precisely at the buyer&#039;s request.\u00a0<\/strong><\/p>\n<div class=\"additional-details\" style=\"text-align: center;\">\n<p style=\"text-align: center;\"><span style=\"font-size: 10pt;\">\u00a0<\/span><\/p>\n<\/div>","protected":false},"excerpt":{"rendered":"<p>Brianna Strappy Maxi Dress in White. Brianna is a beautiful satin dress with adjustable, thin straps. The bodice is corset-style, but it&#039;s not a classic, stiff construction, which significantly improves comfort. The straps are removable, so it can also be worn without them. A silicone band is sewn into the bust to keep the dress in place. The back ties.<\/p>\n<div class=\"klb-readmore post-buttons\"><a class=\"button black outline size-sm\" href=\"https:\/\/madelinefashion.pl\/en\/product\/sukienka-maxi-na-ramiaczkach-gladka-brianna-biala\/\">Read More <i class=\"klbth-icon-right-arrow\"><\/i><\/a><\/div>","protected":false},"featured_media":595010,"template":"","meta":[],"product_brand":[],"product_cat":[124,563,566,630],"product_tag":[219,163],"class_list":{"0":"post-594999","1":"product","2":"type-product","3":"status-publish","4":"has-post-thumbnail","6":"product_cat-sukienki-okolicznosciowe","7":"product_cat-sukienki-gorsetowe","8":"product_cat-suknie-slubne","9":"product_cat-suknie-slubne-dopasowane","10":"product_tag-sukienka-biala","11":"product_tag-sukienki-dlugie","13":"first","14":"instock","15":"purchasable","16":"product-type-variable"},"_links":{"self":[{"href":"https:\/\/madelinefashion.pl\/en\/wp-json\/wp\/v2\/product\/594999","targetHints":{"allow":["GET"]}}],"collection":[{"href":"https:\/\/madelinefashion.pl\/en\/wp-json\/wp\/v2\/product"}],"about":[{"href":"https:\/\/madelinefashion.pl\/en\/wp-json\/wp\/v2\/types\/product"}],"wp:featuredmedia":[{"embeddable":true,"href":"https:\/\/madelinefashion.pl\/en\/wp-json\/wp\/v2\/media\/595010"}],"wp:attachment":[{"href":"https:\/\/madelinefashion.pl\/en\/wp-json\/wp\/v2\/media?parent=594999"}],"wp:term":[{"taxonomy":"product_brand","embeddable":true,"href":"https:\/\/madelinefashion.pl\/en\/wp-json\/wp\/v2\/product_brand?post=594999"},{"taxonomy":"product_cat","embeddable":true,"href":"https:\/\/madelinefashion.pl\/en\/wp-json\/wp\/v2\/product_cat?post=594999"},{"taxonomy":"product_tag","embeddable":true,"href":"https:\/\/madelinefashion.pl\/en\/wp-json\/wp\/v2\/product_tag?post=594999"}],"curies":[{"name":"wp","href":"https:\/\/api.w.org\/{rel}","templated":true}]}}