{"id":595049,"date":"2026-02-20T13:24:58","date_gmt":"2026-02-20T12:24:58","guid":{"rendered":"https:\/\/madelinefashion.pl\/?post_type=product&#038;p=595049"},"modified":"2026-03-06T12:16:25","modified_gmt":"2026-03-06T11:16:25","slug":"sweter-soho-rozowy","status":"publish","type":"product","link":"https:\/\/madelinefashion.pl\/en\/product\/sweter-soho-rozowy\/","title":{"rendered":"Soho Pink Sweater"},"content":{"rendered":"<h3 style=\"text-align: center;\">Soho Pink Sweater<\/h3>\n<p style=\"text-align: center;\"><strong>Soho sweater <\/strong>It&#039;s a blend of minimalist elegance and urban cool. Its subtle blue hue evokes the freshness of a spring morning and perfectly brightens up any outfit \u2013 both casual and more sophisticated. Made of soft, pleasant-to-the-touch knit fabric, it ensures all-day comfort. The classic cut with slightly dropped shoulders beautifully drapes the sweater, accentuating its natural proportions. Carefully finished cuffs at the sleeves and hem give it a timeless character. The loose and comfortable design with long sleeves is perfect for everyday wear and a night out. It pairs well with a variety of outfits: jeans, a pencil skirt, a girly skirt, and elegant trousers. <strong>Our model is an ideal proposition for autumn and winter days, it will look great in everyday stylizations.\u00a0<\/strong> The product is available in several color variants. One size fits all recommended from <strong>S to XL<\/strong><\/p>\n<p>&nbsp;<\/p>\n<h3 style=\"text-align: center;\">Characteristics.<\/h3>\n<ul>\n<li style=\"text-align: center;\">Oversize<\/li>\n<li style=\"text-align: center;\">Incredibly soft and pleasant to the body<\/li>\n<li style=\"text-align: center;\">Fleshy and wonderful<\/li>\n<li style=\"text-align: center;\">Half-golf<\/li>\n<li style=\"text-align: center;\">Long Sleeve<\/li>\n<\/ul>\n<h3 style=\"text-align: center;\">Dimensions:<\/h3>\n<ul style=\"text-align: center;\">\n<li>Overall length: 69 cm<\/li>\n<li>Width from armpit to: 48-67 cm<\/li>\n<li>Sleeve length from the shoulder: 66 cm<\/li>\n<li>Sleeve length from armpit: 43 cm<\/li>\n<\/ul>\n<p style=\"text-align: center;\"><span style=\"font-size: 10pt;\">Dimensions may slightly differ from the given +\/- 2cm. All dimensions given are measured flat.<\/span><\/p>\n<p style=\"text-align: center;\"><span style=\"font-size: 10pt;\"><strong>\u00a0<\/strong>\u00a0<\/span><\/p>\n<table width=\"610\">\n<tbody>\n<tr>\n<td width=\"302\">Model name<\/td>\n<td width=\"302\">Soho sweater<\/td>\n<\/tr>\n<tr>\n<td width=\"302\">Color<\/td>\n<td width=\"302\">Pink<\/td>\n<\/tr>\n<tr>\n<td width=\"302\">Sizes<\/td>\n<td width=\"302\">Universal<\/td>\n<\/tr>\n<tr>\n<td width=\"302\">Fashion<\/td>\n<td width=\"302\">Oversize<\/td>\n<\/tr>\n<tr>\n<td width=\"302\">Collection<\/td>\n<td width=\"302\">Fall Winter Spring<\/td>\n<\/tr>\n<tr>\n<td width=\"302\">Warmed up<\/td>\n<td width=\"302\">Uninsulated<\/td>\n<\/tr>\n<tr>\n<td width=\"302\">Material<\/td>\n<td width=\"302\">Viscose, Polyester<\/td>\n<\/tr>\n<\/tbody>\n<\/table>\n<div class=\"additional-details\" style=\"text-align: center;\">\n<div class=\"tabs tabs-bb clear mb-80\">\n<div class=\"tab-content\">\n<div id=\"tab-description\" class=\"tab-pane fade in woocommerce-Tabs-panel--description active\">\n<p>The model has\u00a0<strong>169<\/strong>\u00a0cm tall, wears a size every day\u00a0<strong>S.<\/strong><\/p>\n<p>Bust width 91 cm<\/p>\n<p>Waist width 71 cm<\/p>\n<p>Hip width 96 cm<\/p>\n<p>&nbsp;<\/p>\n<\/div>\n<\/div>\n<\/div>\n<section class=\"up-sells upsells products mb-80\"><\/section>\n<\/div>","protected":false},"excerpt":{"rendered":"<p>Sweter Soho R\u00f3\u017cowy Sweter Soho to po\u0142\u0105czenie minimalistycznej elegancji z miejskim luzem. Jego subtelny, b\u0142\u0119kitny odcie\u0144 przywodzi na my\u015bl \u015bwie\u017co\u015b\u0107 wiosennego poranka i doskonale roz\u015bwietla ka\u017cd\u0105 stylizacj\u0119 \u2013 zar\u00f3wno casualow\u0105, jak i bardziej wyrafinowan\u0105.Wykonany z mi\u0119kkiej, przyjemnej w dotyku dzianiny, zapewnia komfort noszenia przez ca\u0142y dzie\u0144. Klasyczny kr\u00f3j z delikatnie opuszczon\u0105 lini\u0105 ramion sprawia, \u017ce<\/p>\n<div class=\"klb-readmore post-buttons\"><a class=\"button black outline size-sm\" href=\"https:\/\/madelinefashion.pl\/en\/product\/sweter-soho-rozowy\/\">Read More <i class=\"klbth-icon-right-arrow\"><\/i><\/a><\/div>","protected":false},"featured_media":596512,"template":"","meta":[],"product_brand":[],"product_cat":[78],"product_tag":[],"class_list":{"0":"post-595049","1":"product","2":"type-product","3":"status-publish","4":"has-post-thumbnail","6":"product_cat-swetry-damskie","8":"first","9":"instock","10":"purchasable","11":"product-type-simple"},"_links":{"self":[{"href":"https:\/\/madelinefashion.pl\/en\/wp-json\/wp\/v2\/product\/595049","targetHints":{"allow":["GET"]}}],"collection":[{"href":"https:\/\/madelinefashion.pl\/en\/wp-json\/wp\/v2\/product"}],"about":[{"href":"https:\/\/madelinefashion.pl\/en\/wp-json\/wp\/v2\/types\/product"}],"wp:featuredmedia":[{"embeddable":true,"href":"https:\/\/madelinefashion.pl\/en\/wp-json\/wp\/v2\/media\/596512"}],"wp:attachment":[{"href":"https:\/\/madelinefashion.pl\/en\/wp-json\/wp\/v2\/media?parent=595049"}],"wp:term":[{"taxonomy":"product_brand","embeddable":true,"href":"https:\/\/madelinefashion.pl\/en\/wp-json\/wp\/v2\/product_brand?post=595049"},{"taxonomy":"product_cat","embeddable":true,"href":"https:\/\/madelinefashion.pl\/en\/wp-json\/wp\/v2\/product_cat?post=595049"},{"taxonomy":"product_tag","embeddable":true,"href":"https:\/\/madelinefashion.pl\/en\/wp-json\/wp\/v2\/product_tag?post=595049"}],"curies":[{"name":"wp","href":"https:\/\/api.w.org\/{rel}","templated":true}]}}