{"id":595051,"date":"2026-02-20T13:30:59","date_gmt":"2026-02-20T12:30:59","guid":{"rendered":"https:\/\/madelinefashion.pl\/?post_type=product&#038;p=595051"},"modified":"2026-03-06T13:16:23","modified_gmt":"2026-03-06T12:16:23","slug":"sweter-kokardki-niebieski","status":"publish","type":"product","link":"https:\/\/madelinefashion.pl\/en\/product\/sweter-kokardki-niebieski\/","title":{"rendered":"Blue Bow Sweater"},"content":{"rendered":"<h3 style=\"text-align: center;\">Blue Bow Sweater<\/h3>\n<p data-start=\"0\" data-end=\"286\"><strong data-start=\"0\" data-end=\"27\">Silver Bow Sweater<\/strong> This is a piece for women who love subtle details with a wow factor. The classic design at the front is stunning in its simplicity, but the real magic happens at the back \u2013 the back is adorned with striking silver bows, adding a unique, feminine touch to the whole look.<\/p>\n<p data-start=\"288\" data-end=\"566\">Made of soft and pleasant-to-touch knit fabric, this piece offers all-day comfort. Its looser fit drapes beautifully, and the meticulous finishing accentuates its high-quality craftsmanship. It&#039;s the perfect blend of comfort and elegance, with a touch of romantic style.<\/p>\n<p data-start=\"568\" data-end=\"597\"><strong data-start=\"568\" data-end=\"595\">Why is it worth having?<\/strong><\/p>\n<ul data-start=\"598\" data-end=\"767\">\n<li data-start=\"598\" data-end=\"638\">\n<p data-start=\"600\" data-end=\"638\">decorative silver bows on the back<\/p>\n<\/li>\n<li data-start=\"639\" data-end=\"670\">\n<p data-start=\"641\" data-end=\"670\">soft, comfortable knitwear<\/p>\n<\/li>\n<li data-start=\"671\" data-end=\"708\">\n<p data-start=\"673\" data-end=\"708\">classic cut with an attractive back<\/p>\n<\/li>\n<li data-start=\"709\" data-end=\"767\">\n<p data-start=\"711\" data-end=\"767\">perfect for everyday and more special styles<\/p>\n<\/li>\n<\/ul>\n<p data-start=\"769\" data-end=\"923\" data-is-last-node=\"\" data-is-only-node=\"\">The Silver Bows sweater will work well with both jeans and an elegant skirt \u2013 just one detail is enough to brighten up the entire outfit.<\/p>\n<p>&nbsp;<\/p>\n<h3 style=\"text-align: center;\">Characteristics.<\/h3>\n<ul>\n<li style=\"text-align: center;\">Oversize<\/li>\n<li style=\"text-align: center;\">Incredibly soft and pleasant to the body<\/li>\n<li style=\"text-align: center;\">Fleshy and wonderful<\/li>\n<li style=\"text-align: center;\">Half-golf<\/li>\n<li style=\"text-align: center;\">Long Sleeve<\/li>\n<\/ul>\n<h3 style=\"text-align: center;\">Dimensions:<\/h3>\n<ul style=\"text-align: center;\">\n<li>Overall length: 69 cm<\/li>\n<li>Width from armpit to: 48-67 cm<\/li>\n<li>Sleeve length from the shoulder: 66 cm<\/li>\n<li>Sleeve length from armpit: 43 cm<\/li>\n<\/ul>\n<p style=\"text-align: center;\"><span style=\"font-size: 10pt;\">Dimensions may slightly differ from the given +\/- 2cm. All dimensions given are measured flat.<\/span><\/p>\n<p style=\"text-align: center;\"><span style=\"font-size: 10pt;\"><strong>\u00a0<\/strong>\u00a0<\/span><\/p>\n<table width=\"610\">\n<tbody>\n<tr>\n<td width=\"302\">Model name<\/td>\n<td width=\"302\">Blue Bow Sweater<\/td>\n<\/tr>\n<tr>\n<td width=\"302\">Color<\/td>\n<td width=\"302\">Blue<\/td>\n<\/tr>\n<tr>\n<td width=\"302\">Sizes<\/td>\n<td width=\"302\">Universal<\/td>\n<\/tr>\n<tr>\n<td width=\"302\">Fashion<\/td>\n<td width=\"302\">Oversize<\/td>\n<\/tr>\n<tr>\n<td width=\"302\">Collection<\/td>\n<td width=\"302\">Fall Winter Spring<\/td>\n<\/tr>\n<tr>\n<td width=\"302\">Warmed up<\/td>\n<td width=\"302\">Uninsulated<\/td>\n<\/tr>\n<tr>\n<td width=\"302\">Material<\/td>\n<td width=\"302\">Viscose, Polyester<\/td>\n<\/tr>\n<\/tbody>\n<\/table>\n<div class=\"additional-details\" style=\"text-align: center;\">\n<div class=\"tabs tabs-bb clear mb-80\">\n<div class=\"tab-content\">\n<div id=\"tab-description\" class=\"tab-pane fade in woocommerce-Tabs-panel--description active\">\n<p>The model has\u00a0<strong>169<\/strong>\u00a0cm tall, wears a size every day\u00a0<strong>S.<\/strong><\/p>\n<p>Bust width 91 cm<\/p>\n<p>Waist width 71 cm<\/p>\n<p>Hip width 96 cm<\/p>\n<p>&nbsp;<\/p>\n<\/div>\n<\/div>\n<\/div>\n<section class=\"up-sells upsells products mb-80\"><\/section>\n<\/div>","protected":false},"excerpt":{"rendered":"<p>Sweter Kokardki Niebieski Sweter Kokardki Srebrne to propozycja dla kobiet, kt\u00f3re kochaj\u0105 subtelne detale z efektem \u201ewow\u201d. Klasyczny fason z przodu zachwyca swoj\u0105 prostot\u0105, a prawdziwa magia dzieje si\u0119 z ty\u0142u \u2013 plecy zdobi\u0105 efektowne, srebrne kokardki, kt\u00f3re dodaj\u0105 ca\u0142o\u015bci wyj\u0105tkowego, kobiecego charakteru. Model wykonany z mi\u0119kkiej i przyjemnej w dotyku dzianiny, zapewnia komfort noszenia<\/p>\n<div class=\"klb-readmore post-buttons\"><a class=\"button black outline size-sm\" href=\"https:\/\/madelinefashion.pl\/en\/product\/sweter-kokardki-niebieski\/\">Read More <i class=\"klbth-icon-right-arrow\"><\/i><\/a><\/div>","protected":false},"featured_media":596643,"template":"","meta":[],"product_brand":[],"product_cat":[78],"product_tag":[],"class_list":{"0":"post-595051","1":"product","2":"type-product","3":"status-publish","4":"has-post-thumbnail","6":"product_cat-swetry-damskie","8":"first","9":"instock","10":"purchasable","11":"product-type-simple"},"_links":{"self":[{"href":"https:\/\/madelinefashion.pl\/en\/wp-json\/wp\/v2\/product\/595051","targetHints":{"allow":["GET"]}}],"collection":[{"href":"https:\/\/madelinefashion.pl\/en\/wp-json\/wp\/v2\/product"}],"about":[{"href":"https:\/\/madelinefashion.pl\/en\/wp-json\/wp\/v2\/types\/product"}],"wp:featuredmedia":[{"embeddable":true,"href":"https:\/\/madelinefashion.pl\/en\/wp-json\/wp\/v2\/media\/596643"}],"wp:attachment":[{"href":"https:\/\/madelinefashion.pl\/en\/wp-json\/wp\/v2\/media?parent=595051"}],"wp:term":[{"taxonomy":"product_brand","embeddable":true,"href":"https:\/\/madelinefashion.pl\/en\/wp-json\/wp\/v2\/product_brand?post=595051"},{"taxonomy":"product_cat","embeddable":true,"href":"https:\/\/madelinefashion.pl\/en\/wp-json\/wp\/v2\/product_cat?post=595051"},{"taxonomy":"product_tag","embeddable":true,"href":"https:\/\/madelinefashion.pl\/en\/wp-json\/wp\/v2\/product_tag?post=595051"}],"curies":[{"name":"wp","href":"https:\/\/api.w.org\/{rel}","templated":true}]}}