{"id":595434,"date":"2026-02-25T12:33:31","date_gmt":"2026-02-25T11:33:31","guid":{"rendered":"https:\/\/madelinefashion.pl\/?post_type=product&#038;p=595434"},"modified":"2026-03-10T09:53:10","modified_gmt":"2026-03-10T08:53:10","slug":"eleganckie-spodnie-damskie-bezowe-z-szersza-nogawka","status":"publish","type":"product","link":"https:\/\/madelinefashion.pl\/en\/product\/eleganckie-spodnie-damskie-bezowe-z-szersza-nogawka\/","title":{"rendered":"Elegant Beige Women&#039;s Trousers with a Wide Leg"},"content":{"rendered":"<h3 style=\"text-align: center;\">Elegant Beige Women&#039;s Trousers with a Wide Leg<\/h3>\n<p style=\"text-align: center;\" data-start=\"357\" data-end=\"636\">Discover comfort and modern design with <strong>our pants<\/strong> Swedes \u2013 an absolute hit this season! This model, with straight, slightly wide legs, subtly elongates the legs, while the high waistline accentuates the feminine silhouette and visually slims the waist. The trousers feature practical pockets and a button and zipper closure, further enhancing comfort. Perfect for work, meetings, and more formal occasions, they pair perfectly with an elegant blouse, jacket, or even a casual T-shirt, creating versatile looks for a variety of occasions. <strong>High-quality material<\/strong> ensures comfort all day long, and the universal cut suits various figures \u2013 from casual looks with a T-shirt and sneakers to elegant styles with a shirt and jacket. <span style=\"text-align: center;\">This is the basis for our <\/span><a style=\"text-align: center;\" href=\"https:\/\/madelinefashion.pl\/en\/bluzki-2\/\">blouses<\/a><span style=\"text-align: center;\">\u00a0and\u00a0<\/span><a style=\"text-align: center;\" href=\"https:\/\/madelinefashion.pl\/en\/bluzki-2\/koszule\/\">shirts<\/a><span style=\"text-align: center;\">\u00a0and\u00a0<\/span><a style=\"text-align: center;\" href=\"https:\/\/madelinefashion.pl\/en\/body\/\">body<\/a><span style=\"text-align: center;\">.We recommend\u00a0\u00a0<\/span><b style=\"text-align: center;\">exactly\u00a0<\/b><strong style=\"text-align: center;\">to measure<\/strong><span style=\"text-align: center;\">\u00a0according to the Dimension Chart below. Complete your wardrobe with this model of trousers from\u00a0<\/span><strong style=\"text-align: center;\"><a href=\"https:\/\/madelinefashion.pl\/en\/\">Madelinefashion<\/a>\u00a0.\u00a0<\/strong><span style=\"text-align: center;\">In the information after purchase, you can also provide your dimensions - we will choose the perfect one for you. . <\/span><span style=\"text-align: center;\">\u00a0The following <strong>dimensions given flat<\/strong> !\u00a0<\/span><\/p>\n<h3 style=\"text-align: center;\">Pants dimensions:<\/h3>\n<p>&nbsp;<\/p>\n<p style=\"text-align: center;\"><strong>SIZE M 38\u00a0<\/strong><\/p>\n<ul style=\"text-align: center;\">\n<li>Overall length: 100 cm<\/li>\n<li>Inside leg length: 70 cm<\/li>\n<li>Waist width: 36 cm<\/li>\n<li>Waist: 34 cm<\/li>\n<\/ul>\n<p style=\"text-align: center;\"><strong>SIZE L 40\u00a0<\/strong><\/p>\n<ul style=\"text-align: center;\">\n<li>Overall length: 100 cm<\/li>\n<li>Inside leg length: 72 cm<\/li>\n<li>Waist width: 38 cm<\/li>\n<li>Waist: 35 cm<\/li>\n<\/ul>\n<p style=\"text-align: center;\"><strong>SIZE XL 42\u00a0<\/strong><\/p>\n<ul style=\"text-align: center;\">\n<li>Overall length: 100 cm<\/li>\n<li>Inside leg length: 73 cm<\/li>\n<li>Waist width: 40 cm<\/li>\n<li>Waist: 35 cm<\/li>\n<\/ul>\n<p style=\"text-align: center;\"><strong>SIZE 44\u00a0<\/strong><\/p>\n<ul style=\"text-align: center;\">\n<li>Overall length: 102 cm<\/li>\n<li>Inside leg length: 74 cm<\/li>\n<li>Waist width: 42 cm<\/li>\n<li>Waist: 36 cm<\/li>\n<\/ul>\n<p style=\"text-align: center;\"><strong>SIZE 46<\/strong><\/p>\n<ul style=\"text-align: center;\">\n<li>Overall length: 102 cm<\/li>\n<li>Inside leg length: 74 cm<\/li>\n<li>Waist width: 44 cm<\/li>\n<li>Waist: 37 cm<\/li>\n<li>\n<p style=\"text-align: center;\"><strong>SIZE 48<\/strong><\/p>\n<ul style=\"text-align: center;\">\n<li>Overall length: 103 cm<\/li>\n<li>Inside leg length: 75 cm<\/li>\n<li>Waist width: 46 cm<\/li>\n<li>Waist: 38 cm<\/li>\n<\/ul>\n<ul style=\"text-align: center;\">\n<li style=\"list-style-type: none;\"><\/li>\n<\/ul>\n<\/li>\n<\/ul>\n<p style=\"text-align: center;\">Dimensions may vary from the given +\/- 2cm. All dimensions given are measured flat.\u00a0<strong>X2 dimension<\/strong><\/p>\n<p>&nbsp;<\/p>\n<p style=\"text-align: center;\" data-start=\"898\" data-end=\"937\"><strong data-start=\"898\" data-end=\"935\">Why choose these pants?<\/strong><\/p>\n<ul data-start=\"938\" data-end=\"1180\">\n<li data-start=\"938\" data-end=\"993\">\n<p style=\"text-align: center;\" data-start=\"940\" data-end=\"993\">A classic beige color that suits many styles.<\/p>\n<\/li>\n<li style=\"text-align: center;\" data-start=\"994\" data-end=\"1029\">\n<p data-start=\"996\" data-end=\"1029\">High waistline accentuating the waist<\/p>\n<\/li>\n<li style=\"text-align: center;\" data-start=\"1030\" data-end=\"1068\">\n<p data-start=\"1032\" data-end=\"1068\">Straight, slightly wide leg cut<\/p>\n<\/li>\n<li style=\"text-align: center;\" data-start=\"1069\" data-end=\"1112\">\n<p data-start=\"1071\" data-end=\"1112\">Practical pockets and a comfortable closure<\/p>\n<\/li>\n<li data-start=\"1113\" data-end=\"1180\">\n<p style=\"text-align: center;\" data-start=\"1115\" data-end=\"1180\">High-quality, slightly elastic material ensuring comfort<\/p>\n<\/li>\n<\/ul>\n<p>&nbsp;<\/p>\n<p style=\"text-align: center;\">\u00a0The model has\u00a0<strong>165<\/strong>\u00a0cm tall, wears a size every day\u00a0<strong>S.<\/strong><\/p>\n<p style=\"text-align: center;\">","protected":false},"excerpt":{"rendered":"<p>Eleganckie Spodnie Damskie Be\u017cowe z Szersz\u0105 Nogawk\u0105 Odkryj komfort i nowoczesny design z naszymi spodniami szwedami \u2013 absolutnym hitem tego sezonu! Model o prostych, lekko szerokich nogawkach subtelnie wyd\u0142u\u017ca nogi, a wysokie podniesienie talii podkre\u015bla kobiec\u0105 sylwetk\u0119 i optycznie wysmukla tali\u0119. Spodnie posiadaj\u0105 praktyczne kieszenie oraz zapi\u0119cie na guzik i zamek, co dodatkowo zwi\u0119ksza wygod\u0119<\/p>\n<div class=\"klb-readmore post-buttons\"><a class=\"button black outline size-sm\" href=\"https:\/\/madelinefashion.pl\/en\/product\/eleganckie-spodnie-damskie-bezowe-z-szersza-nogawka\/\">Read More <i class=\"klbth-icon-right-arrow\"><\/i><\/a><\/div>","protected":false},"featured_media":595584,"template":"","meta":[],"product_brand":[],"product_cat":[83,395],"product_tag":[475],"class_list":{"0":"post-595434","1":"product","2":"type-product","3":"status-publish","4":"has-post-thumbnail","6":"product_cat-spodnie","7":"product_cat-nowosci","8":"product_tag-spodnie-dlugie","9":"pa_rozmiar-s-36","10":"pa_rozmiar-m-38","11":"pa_rozmiar-l-40","12":"pa_rozmiar-xl-42","13":"pa_rozmiar-xxl-44","14":"pa_rozmiar-xxxl-46","15":"pa_rozmiar-xxxxl-48","17":"first","18":"instock","19":"purchasable","20":"product-type-variable"},"_links":{"self":[{"href":"https:\/\/madelinefashion.pl\/en\/wp-json\/wp\/v2\/product\/595434","targetHints":{"allow":["GET"]}}],"collection":[{"href":"https:\/\/madelinefashion.pl\/en\/wp-json\/wp\/v2\/product"}],"about":[{"href":"https:\/\/madelinefashion.pl\/en\/wp-json\/wp\/v2\/types\/product"}],"wp:featuredmedia":[{"embeddable":true,"href":"https:\/\/madelinefashion.pl\/en\/wp-json\/wp\/v2\/media\/595584"}],"wp:attachment":[{"href":"https:\/\/madelinefashion.pl\/en\/wp-json\/wp\/v2\/media?parent=595434"}],"wp:term":[{"taxonomy":"product_brand","embeddable":true,"href":"https:\/\/madelinefashion.pl\/en\/wp-json\/wp\/v2\/product_brand?post=595434"},{"taxonomy":"product_cat","embeddable":true,"href":"https:\/\/madelinefashion.pl\/en\/wp-json\/wp\/v2\/product_cat?post=595434"},{"taxonomy":"product_tag","embeddable":true,"href":"https:\/\/madelinefashion.pl\/en\/wp-json\/wp\/v2\/product_tag?post=595434"}],"curies":[{"name":"wp","href":"https:\/\/api.w.org\/{rel}","templated":true}]}}