{"id":59564,"date":"2022-09-24T11:11:42","date_gmt":"2022-09-24T09:11:42","guid":{"rendered":"https:\/\/madelinefashion.pl\/?post_type=product&#038;p=59564"},"modified":"2026-02-20T14:57:48","modified_gmt":"2026-02-20T13:57:48","slug":"kardigan-fredzle-futerko-napoli-blekitny","status":"publish","type":"product","link":"https:\/\/madelinefashion.pl\/en\/product\/kardigan-fredzle-futerko-napoli-blekitny\/","title":{"rendered":"Cardigan Fringe Fur Napoli Blue"},"content":{"rendered":"<h3 style=\"text-align: center;\">Cardigan Fringe Fur Napoli Blue<\/h3>\n<p style=\"text-align: center;\"><strong>Cardigan Fringe Fur Napoli<\/strong> The blue model is perfect for spring and summer days. Classic cardigan with a welt, very pleasant to the touch. Fashionable, looser cut will make you feel very comfortable in it. Napoli cardigan will make you <strong>you will stand out from the crowd<\/strong>\u00a0and you will attract everyone&#039;s eyes. The cardigan will be perfect in combination with a skirt, dress or classic jeans. Each of us should have such a sweater in our wardrobe. Classic cut, unique in casual style. Superb quality at the best price! European product, very good quality of the material. Perfectly fits the figure.<strong>\u00a0<\/strong>Perfect for school, work, a date or meeting with friends! Recommended for ladies in size SML XL XXL when wearing a larger size, please see the table below.<\/p>\n<p>&nbsp;<\/p>\n<p>&nbsp;<\/p>\n<h3 style=\"text-align: center;\">Dimensions:<\/h3>\n<ul style=\"text-align: center;\">\n<li>Total length front: 103 cm<\/li>\n<li>Total length back: 83 cm<\/li>\n<li>Width from armpit to armpit: 60-65 cm<\/li>\n<li>Sleeve length from armpit: 33 cm<\/li>\n<li>The length of the welt: 18 cm<\/li>\n<li>Recommended bust circumference: max 120 cm<\/li>\n<\/ul>\n<p style=\"text-align: center;\"><span style=\"font-size: 10pt;\">Dimensions may slightly differ from the given +\/- 2cm. All dimensions given are measured flat. X2 dimension\u00a0<\/span><\/p>\n<p style=\"text-align: center;\"><span style=\"font-size: 10pt;\"><strong>\u00a0<\/strong>\u00a0<\/span><\/p>\n<table width=\"582\">\n<tbody>\n<tr>\n<td width=\"302\">Model name<\/td>\n<td width=\"302\">Napoli<\/td>\n<\/tr>\n<tr>\n<td width=\"302\">Color<\/td>\n<td width=\"302\">Blue<\/td>\n<\/tr>\n<tr>\n<td width=\"302\">Sizes<\/td>\n<td width=\"302\">Universal<\/td>\n<\/tr>\n<tr>\n<td width=\"302\">Fashion<\/td>\n<td width=\"302\">Oversize<\/td>\n<\/tr>\n<tr>\n<td width=\"302\">Hood<\/td>\n<td width=\"302\">Not<\/td>\n<\/tr>\n<tr>\n<td width=\"302\">Warmed up<\/td>\n<td width=\"302\">Uninsulated<\/td>\n<\/tr>\n<tr>\n<td width=\"302\">Material<\/td>\n<td width=\"302\">100 % Polyester<\/td>\n<\/tr>\n<\/tbody>\n<\/table>\n<p style=\"text-align: center;\">The model has\u00a0<strong>169<\/strong>\u00a0cm tall, wears a size every day\u00a0<strong>S.<\/strong><\/p>\n<p style=\"text-align: center;\">The width at the bust is 92 cm<\/p>\n<p style=\"text-align: center;\">Waist width 62 cm<\/p>\n<p style=\"text-align: center;\">The width at the hips is 94 cm<\/p>","protected":false},"excerpt":{"rendered":"<p>Kardigan Fr\u0119dzle Futerko Napoli B\u0142\u0119kitny Kardigan Fr\u0119dzle Futerko Napoli B\u0142\u0119kitny to model idealny na wiosenne i letnie dni. Klasyczny Kardigan ze \u015bci\u0105gaczem, bardzo mi\u0142ego w dotyku. Modny, lu\u017aniejszy fason sprawia, \u017ce b\u0119dziesz si\u0119 w nim czu\u0142a bardzo komfortowo. Kardigan Napoli sprawi, \u017ce wyr\u00f3\u017cnisz si\u0119 z t\u0142umu\u00a0i przyci\u0105gniesz spojrzenia wszystkich. Narzutka doskonale sprawdzi si\u0119 w po\u0142\u0105czeniu<\/p>\n<div class=\"klb-readmore post-buttons\"><a class=\"button black outline size-sm\" href=\"https:\/\/madelinefashion.pl\/en\/product\/kardigan-fredzle-futerko-napoli-blekitny\/\">Read More <i class=\"klbth-icon-right-arrow\"><\/i><\/a><\/div>","protected":false},"featured_media":59342,"template":"","meta":[],"product_brand":[],"product_cat":[91,395],"product_tag":[],"class_list":{"0":"post-59564","1":"product","2":"type-product","3":"status-publish","4":"has-post-thumbnail","6":"product_cat-kardigany-damskie","7":"product_cat-nowosci","9":"first","10":"instock","11":"purchasable","12":"product-type-simple"},"_links":{"self":[{"href":"https:\/\/madelinefashion.pl\/en\/wp-json\/wp\/v2\/product\/59564","targetHints":{"allow":["GET"]}}],"collection":[{"href":"https:\/\/madelinefashion.pl\/en\/wp-json\/wp\/v2\/product"}],"about":[{"href":"https:\/\/madelinefashion.pl\/en\/wp-json\/wp\/v2\/types\/product"}],"wp:featuredmedia":[{"embeddable":true,"href":"https:\/\/madelinefashion.pl\/en\/wp-json\/wp\/v2\/media\/59342"}],"wp:attachment":[{"href":"https:\/\/madelinefashion.pl\/en\/wp-json\/wp\/v2\/media?parent=59564"}],"wp:term":[{"taxonomy":"product_brand","embeddable":true,"href":"https:\/\/madelinefashion.pl\/en\/wp-json\/wp\/v2\/product_brand?post=59564"},{"taxonomy":"product_cat","embeddable":true,"href":"https:\/\/madelinefashion.pl\/en\/wp-json\/wp\/v2\/product_cat?post=59564"},{"taxonomy":"product_tag","embeddable":true,"href":"https:\/\/madelinefashion.pl\/en\/wp-json\/wp\/v2\/product_tag?post=59564"}],"curies":[{"name":"wp","href":"https:\/\/api.w.org\/{rel}","templated":true}]}}