{"id":595972,"date":"2026-03-02T14:46:49","date_gmt":"2026-03-02T13:46:49","guid":{"rendered":"https:\/\/madelinefashion.pl\/?post_type=product&#038;p=595972"},"modified":"2026-04-15T15:29:17","modified_gmt":"2026-04-15T13:29:17","slug":"marynarka-z-ozdobnymi-guzikami-fuksja","status":"publish","type":"product","link":"https:\/\/madelinefashion.pl\/en\/product\/marynarka-z-ozdobnymi-guzikami-fuksja\/","title":{"rendered":"Jacket with decorative fuchsia buttons"},"content":{"rendered":"<h3 style=\"text-align: center;\">Jacket with decorative fuchsia buttons<\/h3>\n<p style=\"text-align: center;\"><strong>Jacket <\/strong>is a classic model recommended as a complement to the styling. Thicker material, very elegant. With lining. The jacket has sewn-in shoulder pads. <strong>A classic jacket is a garment that each of us should have in our wardrobe. <\/strong>Perfect for elegant styling and will be perfect for a regular T-shirt and jeans. High-quality material. <strong>Classic jacket<\/strong> in a flattering and fashionable shade must find a place in your wardrobe \u2013 especially if you are looking to diversify minimalist outfits.<br \/>\n<strong>Original cut<\/strong> jackets will work in both elegant and sporty styling. <strong>High quality material<\/strong>The material from which the jacket is made guarantees the durability of the product and makes it suitable for many seasons. Connect it with <strong>elegant trousers<\/strong> cigarillos or a pencil skirt. You can choose for her <strong>trousers in the same shade, creating a stylish suit<\/strong>. The jacket has decorative dummy pockets. An extremely stylish proposition for everyday use as well as for more elegant stylizations. The perfect model for many occasions and <strong>for work<\/strong>.\u00a0 <strong>Jacket<\/strong> with a looser cut with a slightly crinkled sleeve at the end, available in several colors. A timeless model, it will serve you for many years and you will use it in various ways and occasions.<\/p>\n<p>&nbsp;<\/p>\n<p style=\"text-align: center;\"><strong>36 \/ S<\/strong><\/p>\n<p style=\"text-align: center;\">Total front length - 70 cm<br \/>\nTotal length back: 74 cm<br \/>\nWidth from armpit to armpit - 43 cm x2<br \/>\nSleeve length from the shoulder - 60 cm<br \/>\nSleeve length from the armpit - 28 cm<\/p>\n<p style=\"text-align: center;\"><strong>38 \/ M<\/strong><\/p>\n<p style=\"text-align: center;\">Total front length - 72 cm<br \/>\nTotal length back: 66 cm<br \/>\nWidth from armpit to armpit - 45 cm x2<br \/>\nSleeve length from the shoulder - 61 cm<br \/>\nSleeve length from the armpit - 28 cm<\/p>\n<p style=\"text-align: center;\"><strong>40 \/ L<\/strong><\/p>\n<p style=\"text-align: center;\">Total front length - 72 cm<br \/>\nTotal length back: 68 cm<br \/>\nWidth from armpit to armpit - 48 cm x2<br \/>\nSleeve length from the shoulder - 62 cm<br \/>\nSleeve length from the armpit - 28 cm<\/p>\n<p style=\"text-align: center;\"><strong>42 \/ XL<\/strong><\/p>\n<p style=\"text-align: center;\">Total front length - 74 cm<br \/>\nTotal length back: 69 cm<br \/>\nWidth from armpit to armpit - 50 cm x2<br \/>\nSleeve length from the shoulder - 62 cm<br \/>\nSleeve length from the armpit - 28 cm<\/p>\n<p style=\"text-align: center;\"><strong>44 \/ XXL<\/strong><\/p>\n<p style=\"text-align: center;\">Total front length - 74 cm<br \/>\nTotal length back: 69 cm<br \/>\nWidth from armpit to armpit - 53 cm x2<br \/>\nSleeve length from the shoulder - 63 cm<br \/>\nSleeve length from the armpit - 28 cm<\/p>\n<p style=\"text-align: center;\"><strong>46 \/ XXXL<\/strong><\/p>\n<p style=\"text-align: center;\">Total front length - 76 cm<br \/>\nTotal length back: 69 cm<br \/>\nWidth from armpit to armpit - 56 cm x2<br \/>\nSleeve length from the shoulder - 63 cm<br \/>\nSleeve length from the armpit - 30 cm<\/p>\n<p style=\"text-align: center;\"><strong>48 \/ XXXXL<\/strong><\/p>\n<p style=\"text-align: center;\">Total front length - 77 cm<br \/>\nTotal length back: 70 cm<br \/>\nThe width from armpit to armpit - 60 cm x2<br \/>\nSleeve length from the shoulder - 64 cm<br \/>\nSleeve length from the armpit - 30 cm<\/p>\n<p style=\"text-align: center;\"><strong>50\/XXXXXL<\/strong><\/p>\n<p style=\"text-align: center;\">Total front length - 80 cm<br \/>\nTotal length back: 71 cm<br \/>\nWidth from armpit to armpit - 64 cm x2<br \/>\nSleeve length from shoulder - 65 cm<br \/>\nSleeve length from the armpit - 30 cm<\/p>\n<p style=\"text-align: center;\">Dimensions may vary from the given +\/- 2cm. All dimensions given are measured flat. Dimension <strong>x2<\/strong><\/p>\n<p>&nbsp;<\/p>\n<h3 style=\"text-align: center;\">Characteristics:<strong><br \/>\n<\/strong><\/h3>\n<ul>\n<li style=\"text-align: center;\">with a longer cut<\/li>\n<li style=\"text-align: center;\">button fastening<\/li>\n<li style=\"text-align: center;\">with lining<\/li>\n<li style=\"text-align: center;\">Polish product<\/li>\n<\/ul>\n<p style=\"text-align: center;\"><strong>\u00a0<\/strong><\/p>\n<table>\n<tbody>\n<tr>\n<td width=\"302\">Model name<\/td>\n<td width=\"302\">Jacket with decorative buttons<\/td>\n<\/tr>\n<tr>\n<td width=\"302\">Color<\/td>\n<td width=\"302\">Fuchsia<\/td>\n<\/tr>\n<tr>\n<td width=\"302\">Sizes<\/td>\n<td width=\"302\">36 38 40 42 44 46 48 50 52<\/td>\n<\/tr>\n<tr>\n<td width=\"302\">Fashion<\/td>\n<td width=\"302\">Elegant<\/td>\n<\/tr>\n<tr>\n<td width=\"302\">Material<\/td>\n<td width=\"302\">95% Viscose 5 % Elastane<\/td>\n<\/tr>\n<\/tbody>\n<\/table>\n<p style=\"text-align: center;\">","protected":false},"excerpt":{"rendered":"<p>Marynarka Z Ozdobnymi Guzikami Fuksja Marynarka to\u00a0 klasyczny model\u00a0 polecany jako dope\u0142nienie stylizacji. Materia\u0142 grubszy, bardzo elegancki. Z podszewk\u0105. Marynarka posiada wszyte poduszki na ramionach. Klasyczna marynarka to element garderoby, kt\u00f3ra powinna mie\u0107 ka\u017cda z Nas w swojej szafie. Idealna do eleganckich stylizacji oraz \u015bwietnie si\u0119 sprawdzi do zwyk\u0142ego T-shirtu i jeans\u00f3w. Wysoka jako\u015b\u0107 materia\u0142u.<\/p>\n<div class=\"klb-readmore post-buttons\"><a class=\"button black outline size-sm\" href=\"https:\/\/madelinefashion.pl\/en\/product\/marynarka-z-ozdobnymi-guzikami-fuksja\/\">Read More <i class=\"klbth-icon-right-arrow\"><\/i><\/a><\/div>","protected":false},"featured_media":595970,"template":"","meta":[],"product_brand":[],"product_cat":[95,395],"product_tag":[],"class_list":{"0":"post-595972","1":"product","2":"type-product","3":"status-publish","4":"has-post-thumbnail","6":"product_cat-marynarki-i-zakiety","7":"product_cat-nowosci","8":"pa_rozmiar-xxxxl-48","9":"pa_rozmiar-s-36","10":"pa_rozmiar-m-38","11":"pa_rozmiar-l-40","12":"pa_rozmiar-xl-42","13":"pa_rozmiar-xxl-44","14":"pa_rozmiar-xxxl-46","15":"pa_rozmiar-438","16":"pa_rozmiar-439","18":"first","19":"instock","20":"purchasable","21":"product-type-variable"},"_links":{"self":[{"href":"https:\/\/madelinefashion.pl\/en\/wp-json\/wp\/v2\/product\/595972","targetHints":{"allow":["GET"]}}],"collection":[{"href":"https:\/\/madelinefashion.pl\/en\/wp-json\/wp\/v2\/product"}],"about":[{"href":"https:\/\/madelinefashion.pl\/en\/wp-json\/wp\/v2\/types\/product"}],"wp:featuredmedia":[{"embeddable":true,"href":"https:\/\/madelinefashion.pl\/en\/wp-json\/wp\/v2\/media\/595970"}],"wp:attachment":[{"href":"https:\/\/madelinefashion.pl\/en\/wp-json\/wp\/v2\/media?parent=595972"}],"wp:term":[{"taxonomy":"product_brand","embeddable":true,"href":"https:\/\/madelinefashion.pl\/en\/wp-json\/wp\/v2\/product_brand?post=595972"},{"taxonomy":"product_cat","embeddable":true,"href":"https:\/\/madelinefashion.pl\/en\/wp-json\/wp\/v2\/product_cat?post=595972"},{"taxonomy":"product_tag","embeddable":true,"href":"https:\/\/madelinefashion.pl\/en\/wp-json\/wp\/v2\/product_tag?post=595972"}],"curies":[{"name":"wp","href":"https:\/\/api.w.org\/{rel}","templated":true}]}}