{"id":596650,"date":"2026-03-06T13:21:04","date_gmt":"2026-03-06T12:21:04","guid":{"rendered":"https:\/\/madelinefashion.pl\/?post_type=product&#038;p=596650"},"modified":"2026-03-06T14:04:12","modified_gmt":"2026-03-06T13:04:12","slug":"koszula-wiazana-w-kwiaty-bialo-rozowa","status":"publish","type":"product","link":"https:\/\/madelinefashion.pl\/en\/product\/koszula-wiazana-w-kwiaty-bialo-rozowa\/","title":{"rendered":"White and Pink Floral Tied Shirt"},"content":{"rendered":"<h3 style=\"text-align: center;\">White and Pink Floral Tied Shirt<\/h3>\n<p style=\"text-align: center;\"><strong>Floral Tied Shirt.<\/strong>\u00a0 This elegant shirt features a looser, oversized fit that complements most outfits. Our shirt can be a foundation for many elegant and timeless looks. It&#039;s sure to pair well with pencil skirts, classic jeans, or shorts. This shirt is perfect for work, everyday wear, family gatherings, and many other occasions. Recommended for women wearing one size fits all.<\/p>\n<h3 style=\"text-align: center;\">\u00a0 \u00a0 \u00a0Dimensions:<\/h3>\n<ul style=\"text-align: center;\">\n<li>width from armpit to armpit 70 cm<\/li>\n<li>total length: 74 cm<\/li>\n<li>shoulder width: 63 cm<\/li>\n<\/ul>\n<p style=\"text-align: center;\">Dimensions may slightly differ from the given +\/- 2cm. All dimensions given are measured flat. X2 dimension<\/p>\n<p>&nbsp;<\/p>\n<table style=\"height: 288px;\" width=\"433\">\n<tbody>\n<tr>\n<td>Model Name<\/td>\n<td>Tied Shirt<\/td>\n<\/tr>\n<tr>\n<td>Color<\/td>\n<td>White and pink<\/td>\n<\/tr>\n<tr>\n<td>Collection<\/td>\n<td>Spring Summer Autumn Winter<\/td>\n<\/tr>\n<tr>\n<td>Size<\/td>\n<td>Universal<\/td>\n<\/tr>\n<tr>\n<td>Fashion<\/td>\n<td>Ethereal<\/td>\n<\/tr>\n<tr>\n<td>Cleavage<\/td>\n<td>Style V<\/td>\n<\/tr>\n<tr>\n<td>composition of materials<\/td>\n<td>tencel, polyester<\/td>\n<\/tr>\n<\/tbody>\n<\/table>\n<div class=\"tabs tabs-bb clear mb-80\">\n<div class=\"tab-content\">\n<div id=\"tab-description\" class=\"tab-pane fade in woocommerce-Tabs-panel--description active\">\n<div class=\"tabs tabs-bb clear mb-80\">\n<div class=\"tab-content\">\n<div id=\"tab-description\" class=\"tab-pane fade in woocommerce-Tabs-panel--description active\">\n<p>&nbsp;<\/p>\n<p>&nbsp;<\/p>\n<p style=\"text-align: center;\">The model has\u00a0<strong>169<\/strong>\u00a0cm tall, wears a size every day\u00a0<strong>S.<\/strong><\/p>\n<p style=\"text-align: center;\">The width at the bust is 92 cm<\/p>\n<p style=\"text-align: center;\">Waist width 62 cm<\/p>\n<p style=\"text-align: center;\">The width at the hips is 94 cm<\/p>\n<\/div>\n<\/div>\n<\/div>\n<section class=\"related products mb-80\"><\/section>\n<section class=\"page-product-box\">\n<div class=\"rte\">\n<p style=\"text-align: center;\">\n<\/div>\n<\/section>\n<\/div>\n<\/div>\n<\/div>\n<section class=\"up-sells upsells products mb-80\"><\/section>\n<p>&nbsp;<\/p>\n<p style=\"text-align: center;\"><strong>\u00a0<\/strong><\/p>","protected":false},"excerpt":{"rendered":"<p>Koszula Wi\u0105zana W Kwiaty Bia\u0142o-R\u00f3\u017cowa Koszula Wi\u0105zana W kwiaty.\u00a0 Elegancka koszula lu\u017aniejszym\u00a0 oversizowy fasonie, kt\u00f3ry sprawdzi si\u0119 w wi\u0119kszo\u015bci stylizacjach.\u00a0 Nasza koszula mo\u017ce stanowi\u0107 baz\u0119 do wielu eleganckich i ponadczasowych stylizacji\u00a0 Z pewno\u015bci\u0105 sprawdzi si\u0119 przy o\u0142\u00f3wkowych sp\u00f3dnicach, klasycznych jeansach czy szortach. Koszula jest idealn\u0105 propozycj\u0105 do pracy, na co dzie\u0144, na spotkania rodzinne oraz<\/p>\n<div class=\"klb-readmore post-buttons\"><a class=\"button black outline size-sm\" href=\"https:\/\/madelinefashion.pl\/en\/product\/koszula-wiazana-w-kwiaty-bialo-rozowa\/\">Read More <i class=\"klbth-icon-right-arrow\"><\/i><\/a><\/div>","protected":false},"featured_media":596653,"template":"","meta":[],"product_brand":[],"product_cat":[92,395],"product_tag":[],"class_list":{"0":"post-596650","1":"product","2":"type-product","3":"status-publish","4":"has-post-thumbnail","6":"product_cat-koszule","7":"product_cat-nowosci","9":"first","10":"instock","11":"sale","12":"purchasable","13":"product-type-simple"},"_links":{"self":[{"href":"https:\/\/madelinefashion.pl\/en\/wp-json\/wp\/v2\/product\/596650","targetHints":{"allow":["GET"]}}],"collection":[{"href":"https:\/\/madelinefashion.pl\/en\/wp-json\/wp\/v2\/product"}],"about":[{"href":"https:\/\/madelinefashion.pl\/en\/wp-json\/wp\/v2\/types\/product"}],"wp:featuredmedia":[{"embeddable":true,"href":"https:\/\/madelinefashion.pl\/en\/wp-json\/wp\/v2\/media\/596653"}],"wp:attachment":[{"href":"https:\/\/madelinefashion.pl\/en\/wp-json\/wp\/v2\/media?parent=596650"}],"wp:term":[{"taxonomy":"product_brand","embeddable":true,"href":"https:\/\/madelinefashion.pl\/en\/wp-json\/wp\/v2\/product_brand?post=596650"},{"taxonomy":"product_cat","embeddable":true,"href":"https:\/\/madelinefashion.pl\/en\/wp-json\/wp\/v2\/product_cat?post=596650"},{"taxonomy":"product_tag","embeddable":true,"href":"https:\/\/madelinefashion.pl\/en\/wp-json\/wp\/v2\/product_tag?post=596650"}],"curies":[{"name":"wp","href":"https:\/\/api.w.org\/{rel}","templated":true}]}}