{"id":596695,"date":"2026-03-06T13:57:07","date_gmt":"2026-03-06T12:57:07","guid":{"rendered":"https:\/\/madelinefashion.pl\/?post_type=product&#038;p=596695"},"modified":"2026-03-06T17:29:09","modified_gmt":"2026-03-06T16:29:09","slug":"koszula-w-kwiaty-biala-lorena","status":"publish","type":"product","link":"https:\/\/madelinefashion.pl\/en\/product\/koszula-w-kwiaty-biala-lorena\/","title":{"rendered":"Lorena White Floral Shirt"},"content":{"rendered":"<h3 style=\"text-align: center;\">Lorena White Floral Shirt<\/h3>\n<p style=\"text-align: center;\" data-start=\"106\" data-end=\"333\">This stylish white floral shirt features a looser, oversized fit that&#039;s perfect for a variety of outfits. Its versatile cut makes it a perfect base for both elegant and timeless ensembles.<\/p>\n<p style=\"text-align: center;\" data-start=\"335\" data-end=\"579\">This shirt pairs well with pencil skirts, classic jeans, and shorts, making it easy to match to a variety of occasions. It&#039;s the perfect choice for work, everyday wear, family gatherings, or outings with friends.<\/p>\n<p style=\"text-align: center;\" data-start=\"581\" data-end=\"691\">Model available in <strong data-start=\"598\" data-end=\"624\">universal size<\/strong>, recommended for women who value comfort, style and timeless elegance.<\/p>\n<h3 style=\"text-align: center;\">\u00a0 \u00a0 \u00a0Dimensions:<\/h3>\n<ul style=\"text-align: center;\">\n<li>width from armpit to armpit 70 cm<\/li>\n<li>total length: 74 cm<\/li>\n<li>shoulder width: 63 cm<\/li>\n<\/ul>\n<p style=\"text-align: center;\">Dimensions may slightly differ from the given +\/- 2cm. All dimensions given are measured flat. X2 dimension<\/p>\n<p>&nbsp;<\/p>\n<table style=\"height: 288px;\" width=\"433\">\n<tbody>\n<tr>\n<td>Model Name<\/td>\n<td>Lorena White Floral Shirt<\/td>\n<\/tr>\n<tr>\n<td>Color<\/td>\n<td>White and blue<\/td>\n<\/tr>\n<tr>\n<td>Collection<\/td>\n<td>Spring Summer Autumn Winter<\/td>\n<\/tr>\n<tr>\n<td>Size<\/td>\n<td>Universal<\/td>\n<\/tr>\n<tr>\n<td>Fashion<\/td>\n<td>Ethereal<\/td>\n<\/tr>\n<tr>\n<td>Cleavage<\/td>\n<td>Style V<\/td>\n<\/tr>\n<tr>\n<td>composition of materials<\/td>\n<td>tencel, polyester<\/td>\n<\/tr>\n<\/tbody>\n<\/table>\n<div class=\"tabs tabs-bb clear mb-80\">\n<div class=\"tab-content\">\n<div id=\"tab-description\" class=\"tab-pane fade in woocommerce-Tabs-panel--description active\">\n<div class=\"tabs tabs-bb clear mb-80\">\n<div class=\"tab-content\">\n<div id=\"tab-description\" class=\"tab-pane fade in woocommerce-Tabs-panel--description active\">\n<p>&nbsp;<\/p>\n<p>&nbsp;<\/p>\n<p style=\"text-align: center;\">The model has\u00a0<strong>169<\/strong>\u00a0cm tall, wears a size every day\u00a0<strong>S.<\/strong><\/p>\n<p style=\"text-align: center;\">The width at the bust is 92 cm<\/p>\n<p style=\"text-align: center;\">Waist width 62 cm<\/p>\n<p style=\"text-align: center;\">The width at the hips is 94 cm<\/p>\n<\/div>\n<\/div>\n<\/div>\n<section class=\"related products mb-80\"><\/section>\n<section class=\"page-product-box\">\n<div class=\"rte\">\n<p style=\"text-align: center;\">\n<\/div>\n<\/section>\n<\/div>\n<\/div>\n<\/div>\n<section class=\"up-sells upsells products mb-80\"><\/section>\n<p>&nbsp;<\/p>\n<p style=\"text-align: center;\"><strong>\u00a0<\/strong><\/p>","protected":false},"excerpt":{"rendered":"<p>Koszula W Kwiaty Bia\u0142a Lorena Stylowa bia\u0142a koszula w kwiaty o lu\u017aniejszym, oversizowym fasonie, kt\u00f3ry doskonale sprawdzi si\u0119 w wielu stylizacjach. Dzi\u0119ki swojemu uniwersalnemu krojowi mo\u017ce stanowi\u0107 baz\u0119 zar\u00f3wno eleganckich, jak i ponadczasowych zestaw\u00f3w. Koszula \u015bwietnie komponuje si\u0119 z o\u0142\u00f3wkowymi sp\u00f3dnicami, klasycznymi jeansami oraz szortami, dzi\u0119ki czemu z \u0142atwo\u015bci\u0105 dopasujesz j\u0105 do r\u00f3\u017cnych okazji. To<\/p>\n<div class=\"klb-readmore post-buttons\"><a class=\"button black outline size-sm\" href=\"https:\/\/madelinefashion.pl\/en\/product\/koszula-w-kwiaty-biala-lorena\/\">Read More <i class=\"klbth-icon-right-arrow\"><\/i><\/a><\/div>","protected":false},"featured_media":596693,"template":"","meta":[],"product_brand":[],"product_cat":[92,395],"product_tag":[],"class_list":{"0":"post-596695","1":"product","2":"type-product","3":"status-publish","4":"has-post-thumbnail","6":"product_cat-koszule","7":"product_cat-nowosci","9":"first","10":"instock","11":"sale","12":"purchasable","13":"product-type-simple"},"_links":{"self":[{"href":"https:\/\/madelinefashion.pl\/en\/wp-json\/wp\/v2\/product\/596695","targetHints":{"allow":["GET"]}}],"collection":[{"href":"https:\/\/madelinefashion.pl\/en\/wp-json\/wp\/v2\/product"}],"about":[{"href":"https:\/\/madelinefashion.pl\/en\/wp-json\/wp\/v2\/types\/product"}],"wp:featuredmedia":[{"embeddable":true,"href":"https:\/\/madelinefashion.pl\/en\/wp-json\/wp\/v2\/media\/596693"}],"wp:attachment":[{"href":"https:\/\/madelinefashion.pl\/en\/wp-json\/wp\/v2\/media?parent=596695"}],"wp:term":[{"taxonomy":"product_brand","embeddable":true,"href":"https:\/\/madelinefashion.pl\/en\/wp-json\/wp\/v2\/product_brand?post=596695"},{"taxonomy":"product_cat","embeddable":true,"href":"https:\/\/madelinefashion.pl\/en\/wp-json\/wp\/v2\/product_cat?post=596695"},{"taxonomy":"product_tag","embeddable":true,"href":"https:\/\/madelinefashion.pl\/en\/wp-json\/wp\/v2\/product_tag?post=596695"}],"curies":[{"name":"wp","href":"https:\/\/api.w.org\/{rel}","templated":true}]}}