{"id":596776,"date":"2026-03-06T17:04:10","date_gmt":"2026-03-06T16:04:10","guid":{"rendered":"https:\/\/madelinefashion.pl\/?post_type=product&#038;p=596776"},"modified":"2026-03-06T17:20:01","modified_gmt":"2026-03-06T16:20:01","slug":"sweterek-czarny-krotki-nadia","status":"publish","type":"product","link":"https:\/\/madelinefashion.pl\/en\/product\/sweterek-czarny-krotki-nadia\/","title":{"rendered":"Nadia Black Short Sweater"},"content":{"rendered":"<h3 style=\"text-align: center;\">Nadia Black Short Sweater<\/h3>\n<p style=\"text-align: center;\">\u00a0This sweater is made of incredibly comfortable material. It pulls on over the head and has a round neckline, draping beautifully. <strong>Sweater<\/strong> 3\/4 sleeves in the most fashionable color this season. Its simple cut and classic pattern will complement many styles. You can easily wear it for everyday wear, work, a family gathering, or even a more important occasion. Thanks to the material&#039;s structure, it will work better <strong>on colder days and during transitional periods<\/strong> or on <strong>winter in combination with a jacket<\/strong>. We recommend combining them with high boots, which will make you stand out from the crowd.\u00a0 <strong>The size is UNIVERSAL<\/strong> recommended for ladies wearing <strong> SML XL<\/strong><strong>,<\/strong>\u00a0but we recommend\u00a0<strong>accurate measurement <\/strong>according to the dimension table below. Available in our e-shop in several color variants, so do not hesitate and choose the one that is perfect for you. If you cannot decide which color is best for you, please contact us through <strong>Facebook<\/strong>\u00a0or phone.<\/p>\n<h3 style=\"text-align: center;\">Sweater dimensions:<\/h3>\n<ul>\n<li style=\"text-align: center;\">Total length: 63 cm<\/li>\n<li style=\"text-align: center;\">Width from armpit to armpit: 71-87 cm<\/li>\n<li style=\"text-align: center;\">Sleeve length from shoulder: 39 cm<\/li>\n<li style=\"text-align: center;\">Sleeve length from armpit: 19 cm<\/li>\n<li style=\"text-align: center;\"><\/li>\n<li style=\"text-align: center;\"><\/li>\n<\/ul>\n<p style=\"text-align: center;\">Dimensions may slightly differ from the given +\/- 2cm. All dimensions given are measured flat.<\/p>\n<table width=\"610\">\n<tbody>\n<tr>\n<td width=\"302\">Model name<\/td>\n<td width=\"302\">Nadia Short Sweater<\/td>\n<\/tr>\n<tr>\n<td width=\"302\">Color<\/td>\n<td width=\"302\">Black<\/td>\n<\/tr>\n<tr>\n<td width=\"302\">Sizes<\/td>\n<td width=\"302\">Universal<\/td>\n<\/tr>\n<tr>\n<td width=\"302\">Collection<\/td>\n<td width=\"302\">Spring \/ Autumn \/ Winter<\/td>\n<\/tr>\n<tr>\n<td width=\"302\">Cleavage<\/td>\n<td width=\"302\">round<\/td>\n<\/tr>\n<tr>\n<td width=\"302\">Warmed up<\/td>\n<td width=\"302\">Uninsulated<\/td>\n<\/tr>\n<tr>\n<td width=\"302\">Material<\/td>\n<td width=\"302\">40% Acrylic 40% Mohair 20% Lana<\/td>\n<\/tr>\n<\/tbody>\n<\/table>\n<section class=\"page-product-box\">\n<div class=\"rte\">\n<div class=\"tabs tabs-bb clear mb-80\">\n<div class=\"tab-content\">\n<div id=\"tab-description\" class=\"tab-pane fade in woocommerce-Tabs-panel--description active\">\n<p style=\"text-align: center;\">The model has\u00a0<strong>169<\/strong>\u00a0cm tall, wears a size every day\u00a0<strong>S.<\/strong><\/p>\n<p style=\"text-align: center;\">Bust width 91 cm<\/p>\n<p style=\"text-align: center;\">Waist width 71 cm<\/p>\n<p style=\"text-align: center;\">Hip width 96 cm<\/p>\n<\/div>\n<\/div>\n<\/div>\n<\/div>\n<\/section>","protected":false},"excerpt":{"rendered":"<p>Sweterek Czarny Kr\u00f3tki Nadia \u00a0Sweterek wykonany z niezwykle przyjemnego materia\u0142u. Wk\u0142adany przez g\u0142ow\u0119, z okr\u0105g\u0142ym dekoltem \u015bwietnie uk\u0142ada si\u0119 na ciele. Sweter na r\u0119kaw\u00a0 3\/4 w najmodniejszy w tym sezonie kolor.\u00a0 Prosty kr\u00f3j i klasyczny wz\u00f3r wpisze si\u0119 w wiele stylizacji. Z powodzeniem mo\u017cesz go ubra\u0107 na codzienne wyj\u015bcia, do pracy, spotkanie rodzinne czy nawet<\/p>\n<div class=\"klb-readmore post-buttons\"><a class=\"button black outline size-sm\" href=\"https:\/\/madelinefashion.pl\/en\/product\/sweterek-czarny-krotki-nadia\/\">Read More <i class=\"klbth-icon-right-arrow\"><\/i><\/a><\/div>","protected":false},"featured_media":596778,"template":"","meta":[],"product_brand":[],"product_cat":[90],"product_tag":[],"class_list":{"0":"post-596776","1":"product","2":"type-product","3":"status-publish","4":"has-post-thumbnail","6":"product_cat-swetry","8":"first","9":"instock","10":"purchasable","11":"product-type-simple"},"_links":{"self":[{"href":"https:\/\/madelinefashion.pl\/en\/wp-json\/wp\/v2\/product\/596776","targetHints":{"allow":["GET"]}}],"collection":[{"href":"https:\/\/madelinefashion.pl\/en\/wp-json\/wp\/v2\/product"}],"about":[{"href":"https:\/\/madelinefashion.pl\/en\/wp-json\/wp\/v2\/types\/product"}],"wp:featuredmedia":[{"embeddable":true,"href":"https:\/\/madelinefashion.pl\/en\/wp-json\/wp\/v2\/media\/596778"}],"wp:attachment":[{"href":"https:\/\/madelinefashion.pl\/en\/wp-json\/wp\/v2\/media?parent=596776"}],"wp:term":[{"taxonomy":"product_brand","embeddable":true,"href":"https:\/\/madelinefashion.pl\/en\/wp-json\/wp\/v2\/product_brand?post=596776"},{"taxonomy":"product_cat","embeddable":true,"href":"https:\/\/madelinefashion.pl\/en\/wp-json\/wp\/v2\/product_cat?post=596776"},{"taxonomy":"product_tag","embeddable":true,"href":"https:\/\/madelinefashion.pl\/en\/wp-json\/wp\/v2\/product_tag?post=596776"}],"curies":[{"name":"wp","href":"https:\/\/api.w.org\/{rel}","templated":true}]}}