{"id":597187,"date":"2026-03-11T15:52:52","date_gmt":"2026-03-11T14:52:52","guid":{"rendered":"https:\/\/madelinefashion.pl\/?post_type=product&#038;p=597187"},"modified":"2026-03-11T16:04:20","modified_gmt":"2026-03-11T15:04:20","slug":"bluzka-iron-wheel-biala","status":"publish","type":"product","link":"https:\/\/madelinefashion.pl\/en\/product\/bluzka-iron-wheel-biala\/","title":{"rendered":"Iron Wheel Blouse White"},"content":{"rendered":"<h3 style=\"text-align: center;\">Iron Wheel Blouse White<\/h3>\n<p style=\"text-align: center;\"><span style=\"font-size: 10pt;\"><strong>White blouse\u00a0<\/strong> This model is perfect for various everyday occasions, paired with trousers. The blouse is made of high-quality material. The top features a fashionable print that matches most styles. This model will make you stand out. Recommended for women wearing size <strong>XS, S, M, L<\/strong><\/span><\/p>\n<h3 style=\"text-align: center;\">Dimensions:<\/h3>\n<ul style=\"text-align: center;\">\n<li>overall length: 58 cm<\/li>\n<li>width from armpit to armpit: 43-52 cm<\/li>\n<li>width at the waist: 35-38 cm<\/li>\n<li><\/li>\n<\/ul>\n<p style=\"text-align: center;\">Dimensions may slightly differ from the given +\/- 2cm. All dimensions given are measured flat. X2 dimension<\/p>\n<p style=\"text-align: center;\"><span style=\"font-size: 10pt;\">\u00a0<\/span><\/p>\n<p style=\"text-align: center;\"><span style=\"font-size: 10pt;\">\u00a0<\/span><\/p>\n<table width=\"621\">\n<tbody>\n<tr>\n<td width=\"302\">Model name<\/td>\n<td width=\"302\">Iron Wheel Blouse White<\/td>\n<\/tr>\n<tr>\n<td width=\"302\">Color<\/td>\n<td width=\"302\">White<\/td>\n<\/tr>\n<tr>\n<td width=\"302\">Sizes<\/td>\n<td width=\"302\">Universal<\/td>\n<\/tr>\n<tr>\n<td width=\"302\">Fashion<\/td>\n<td width=\"302\">Oversize<\/td>\n<\/tr>\n<tr>\n<td width=\"302\">Material<\/td>\n<td width=\"302\">95 % Polyester 5% Cotton<\/td>\n<\/tr>\n<\/tbody>\n<\/table>\n<div class=\"tabs tabs-bb clear mb-80\">\n<div class=\"tab-content\">\n<div id=\"tab-description\" class=\"tab-pane fade in woocommerce-Tabs-panel--description active\">\n<p style=\"text-align: center;\">The model has\u00a0<strong>169<\/strong>\u00a0cm tall, wears a size every day\u00a0<strong>S.<\/strong><\/p>\n<p style=\"text-align: center;\">The width at the bust is 92 cm<\/p>\n<p style=\"text-align: center;\">Waist width 62 cm<\/p>\n<p style=\"text-align: center;\">The width at the hips is 94 cm<\/p>\n<\/div>\n<\/div>\n<\/div>","protected":false},"excerpt":{"rendered":"<p>Bluzka Iron Wheel Bia\u0142a Bluzka Bia\u0142a\u00a0 to model, kt\u00f3ry idealnie sprawdzi si\u0119 na r\u00f3\u017cne codzienne okazje, do spodni. Bluzka wykonana z jako\u015bciowego materia\u0142u. Top\u00a0 posiada modny nadruk pasuj\u0105cy do wi\u0119kszo\u015bci stylizacji. Model, w kt\u00f3rym nie przejdziesz nie zauwa\u017cona. Zalecana dla Pa\u0144 w rozmiarze XS, S, M, L Wymiary: d\u0142ugo\u015b\u0107 ca\u0142kowita: 58 cm szeroko\u015b\u0107 od pachy<\/p>\n<div class=\"klb-readmore post-buttons\"><a class=\"button black outline size-sm\" href=\"https:\/\/madelinefashion.pl\/en\/product\/bluzka-iron-wheel-biala\/\">Read More <i class=\"klbth-icon-right-arrow\"><\/i><\/a><\/div>","protected":false},"featured_media":597179,"template":"","meta":[],"product_brand":[],"product_cat":[77,395],"product_tag":[251],"class_list":{"0":"post-597187","1":"product","2":"type-product","3":"status-publish","4":"has-post-thumbnail","6":"product_cat-bluzki","7":"product_cat-nowosci","8":"product_tag-bluzka-biala","10":"first","11":"instock","12":"sale","13":"purchasable","14":"product-type-simple"},"_links":{"self":[{"href":"https:\/\/madelinefashion.pl\/en\/wp-json\/wp\/v2\/product\/597187","targetHints":{"allow":["GET"]}}],"collection":[{"href":"https:\/\/madelinefashion.pl\/en\/wp-json\/wp\/v2\/product"}],"about":[{"href":"https:\/\/madelinefashion.pl\/en\/wp-json\/wp\/v2\/types\/product"}],"wp:featuredmedia":[{"embeddable":true,"href":"https:\/\/madelinefashion.pl\/en\/wp-json\/wp\/v2\/media\/597179"}],"wp:attachment":[{"href":"https:\/\/madelinefashion.pl\/en\/wp-json\/wp\/v2\/media?parent=597187"}],"wp:term":[{"taxonomy":"product_brand","embeddable":true,"href":"https:\/\/madelinefashion.pl\/en\/wp-json\/wp\/v2\/product_brand?post=597187"},{"taxonomy":"product_cat","embeddable":true,"href":"https:\/\/madelinefashion.pl\/en\/wp-json\/wp\/v2\/product_cat?post=597187"},{"taxonomy":"product_tag","embeddable":true,"href":"https:\/\/madelinefashion.pl\/en\/wp-json\/wp\/v2\/product_tag?post=597187"}],"curies":[{"name":"wp","href":"https:\/\/api.w.org\/{rel}","templated":true}]}}