{"id":597690,"date":"2026-03-18T10:23:47","date_gmt":"2026-03-18T09:23:47","guid":{"rendered":"https:\/\/madelinefashion.pl\/?post_type=product&#038;p=597690"},"modified":"2026-04-15T15:34:24","modified_gmt":"2026-04-15T13:34:24","slug":"sukienka-maxi-gala-brokatowa-lawendowa","status":"publish","type":"product","link":"https:\/\/madelinefashion.pl\/en\/product\/sukienka-maxi-gala-brokatowa-lawendowa\/","title":{"rendered":"Gala Glitter Lavender Maxi Dress"},"content":{"rendered":"<h3 style=\"text-align: center;\">Gala Glitter Lavender Maxi Dress<\/h3>\n<p style=\"text-align: center;\"><span style=\"font-size: 10pt;\">\u00a0<\/span>Evening maxi dress made of delicate, freely flowing fabric. Fashionable cut emphasizing the female figure. Effective draping at the front and an envelope neckline. Kimono sleeve slightly falling on the shoulder and a crack on the leg. <span style=\"font-size: 10pt;\"><strong>It beautifully displays feminine shapes<\/strong>- the bottom of the dress is made entirely of flowing material.\u00a0 <\/span><span style=\"font-size: 10pt;\">The dress exposes the back beautifully - the V-shaped neckline.\u00a0<\/span><br \/>\n<span style=\"font-size: 10pt;\">Available in sizes 38 40 42 44 46 48 50 52. Available in our e-shop in several color variants, so do not hesitate and choose the one that is perfect for you. If you can&#039;t decide which color, <strong>size<\/strong> is the best for you, <strong>contact us<\/strong> through <a href=\"https:\/\/www.facebook.com\/madelinefashionbutik\" target=\"_blank\" rel=\"noopener\">Facebook<\/a> or <a href=\"https:\/\/madelinefashion.pl\/en\/kontakt\/\">phone<\/a>. If the size is not available on the website, please contact us.\u00a0<\/span><\/p>\n<h3 style=\"text-align: center;\">DRESS DIMENSIONS:<\/h3>\n<table width=\"556\">\n<tbody>\n<tr>\n<td width=\"202\"><strong>SIZE<\/strong><\/td>\n<td><strong>Bust<\/strong><\/td>\n<td><strong>Waist<\/strong><\/td>\n<td><strong>Hips<\/strong><\/td>\n<\/tr>\n<tr>\n<td width=\"202\"><strong>38<\/strong><\/td>\n<td>92-94<\/td>\n<td>72<\/td>\n<td>\u00a0Any<\/td>\n<\/tr>\n<tr>\n<td width=\"202\"><strong>40<\/strong><\/td>\n<td>96-98<\/td>\n<td>76<\/td>\n<td>\u00a0Any<\/td>\n<\/tr>\n<tr>\n<td width=\"202\"><strong>42<\/strong><\/td>\n<td>100-104<\/td>\n<td>80<\/td>\n<td>\u00a0Any<\/td>\n<\/tr>\n<tr>\n<td width=\"202\"><strong>44<\/strong><\/td>\n<td>102-106<\/td>\n<td>86<\/td>\n<td>\u00a0Any<\/td>\n<\/tr>\n<tr>\n<td width=\"202\"><strong>46<\/strong><\/td>\n<td>106-110<\/td>\n<td>88<\/td>\n<td>\u00a0Any<\/td>\n<\/tr>\n<tr>\n<td width=\"202\"><strong>48<\/strong><\/td>\n<td>110-112<\/td>\n<td>92<\/td>\n<td>\u00a0Any<\/td>\n<\/tr>\n<tr>\n<td width=\"202\"><strong>50<\/strong><\/td>\n<td>114-116<\/td>\n<td>96<\/td>\n<td>\u00a0Any<\/td>\n<\/tr>\n<tr>\n<td width=\"202\"><strong>52<\/strong><\/td>\n<td>116-118<\/td>\n<td>98<\/td>\n<td>\u00a0any<\/td>\n<\/tr>\n<\/tbody>\n<\/table>\n<p style=\"text-align: center;\"><span style=\"font-size: 10pt;\">total length approx. 157 cm (the dress can be shortened on your own)\u00a0<\/span><\/p>\n<p style=\"text-align: center;\"><span style=\"font-size: 10pt;\">The dress is also available in <strong>other color variants<\/strong> - we encourage you to familiarize yourself with our other products.\u00a0<\/span><\/p>\n<p style=\"text-align: center;\"><span style=\"font-size: 10pt;\">Dimensions may slightly differ from the given +\/- 2cm.\u00a0<\/span><\/p>\n<p style=\"text-align: center;\"><span style=\"font-size: 10pt;\"><strong>\u00a0<\/strong>\u00a0<\/span><\/p>\n<table width=\"618\">\n<tbody>\n<tr>\n<td width=\"302\">Model name<\/td>\n<td width=\"302\">Glitter Gala Maxi Dress<\/td>\n<\/tr>\n<tr>\n<td width=\"302\">Color<\/td>\n<td width=\"302\">Lavender<\/td>\n<\/tr>\n<tr>\n<td width=\"302\">Cleavage<\/td>\n<td width=\"302\">\u201e&quot;V&quot;\u201d<\/td>\n<\/tr>\n<tr>\n<td width=\"302\">Sizes<\/td>\n<td width=\"302\">\u00a038 40 42 44 46 48 50 52<\/td>\n<\/tr>\n<tr>\n<td width=\"302\">Fashion<\/td>\n<td width=\"302\">Matched<\/td>\n<\/tr>\n<tr>\n<td width=\"302\">Material<\/td>\n<td width=\"302\">Viscose, Polyester, Cotton<\/td>\n<\/tr>\n<tr>\n<td width=\"302\">Length<\/td>\n<td width=\"302\">To the ground<\/td>\n<\/tr>\n<\/tbody>\n<\/table>\n<p style=\"text-align: center;\" align=\"center\">We invite you to our wedding dress salon, located at 2 Moniuszki Street in the heart of Konstantyn\u00f3w \u0141\u00f3dzki. In our professional salon, you&#039;ll find a wide selection of wedding dresses that will fulfill your deepest dreams of a perfect day. A team of experienced consultants will help you choose the perfect gown, tailored to your expectations and figure. We cordially invite you to visit \u2013 see how special your day can be!<\/p>\n<p>Each dress can be adjusted to suit your height and heel height, if necessary. If it&#039;s too long, you can have it shortened or have a seamstress make minor alterations. This way, you can easily tailor your chosen dress to your measurements and feel perfectly at ease in it.<\/p>\n<p style=\"text-align: center;\" align=\"center\">In order to match\u00a0<strong>perfect dresses<\/strong>\u00a0we invite you to contact us by phone or contact us <a href=\"https:\/\/www.facebook.com\/madelinefashionbutik\" target=\"_blank\" rel=\"noopener\">facebook<\/a> .<br \/>\nOur team will help\u00a0<strong>Choose the right one<\/strong>\u00a0.\u00a0<strong>We can measure each dress precisely at the buyer&#039;s request.\u00a0<\/strong><\/p>\n<div class=\"additional-details\" style=\"text-align: center;\">\n<p style=\"text-align: center;\"><span style=\"font-size: 10pt;\">\u00a0<\/span><\/p>\n<\/div>","protected":false},"excerpt":{"rendered":"<p>Sukienka Maxi Gala Brokatowa Lawendowa \u00a0Wieczorowa suknia maxi wykonana z delikatnej, swobodnie uk\u0142adaj\u0105cej si\u0119 tkaniny. Modny fason podkre\u015blaj\u0105cy kobiec\u0105 sylwetk\u0119. Efektowne drapowanie z przodu oraz kopertowy dekolt. Lekko opadaj\u0105cy na rami\u0119 kimonowy r\u0119kaw oraz p\u0119kni\u0119cie na nodze. Pi\u0119knie eksponuje kobiece kszta\u0142ty&#8211; d\u00f3\u0142 sukienki wykonany w ca\u0142o\u015bci z lej\u0105cego si\u0119 materia\u0142u.\u00a0 Sukienka pi\u0119knie eksponuje plecy\u00a0 &#8211;<\/p>\n<div class=\"klb-readmore post-buttons\"><a class=\"button black outline size-sm\" href=\"https:\/\/madelinefashion.pl\/en\/product\/sukienka-maxi-gala-brokatowa-lawendowa\/\">Read More <i class=\"klbth-icon-right-arrow\"><\/i><\/a><\/div>","protected":false},"featured_media":597685,"template":"","meta":[],"product_brand":[],"product_cat":[124,395,560,564],"product_tag":[626,385,163],"class_list":{"0":"post-597690","1":"product","2":"type-product","3":"status-publish","4":"has-post-thumbnail","6":"product_cat-sukienki-okolicznosciowe","7":"product_cat-nowosci","8":"product_cat-sukienki-brokatowe","9":"product_cat-sukienki-plus-size","10":"product_tag-fioletowe-sukienki","11":"product_tag-plus-size","12":"product_tag-sukienki-dlugie","14":"first","15":"instock","16":"purchasable","17":"product-type-variable"},"_links":{"self":[{"href":"https:\/\/madelinefashion.pl\/en\/wp-json\/wp\/v2\/product\/597690","targetHints":{"allow":["GET"]}}],"collection":[{"href":"https:\/\/madelinefashion.pl\/en\/wp-json\/wp\/v2\/product"}],"about":[{"href":"https:\/\/madelinefashion.pl\/en\/wp-json\/wp\/v2\/types\/product"}],"wp:featuredmedia":[{"embeddable":true,"href":"https:\/\/madelinefashion.pl\/en\/wp-json\/wp\/v2\/media\/597685"}],"wp:attachment":[{"href":"https:\/\/madelinefashion.pl\/en\/wp-json\/wp\/v2\/media?parent=597690"}],"wp:term":[{"taxonomy":"product_brand","embeddable":true,"href":"https:\/\/madelinefashion.pl\/en\/wp-json\/wp\/v2\/product_brand?post=597690"},{"taxonomy":"product_cat","embeddable":true,"href":"https:\/\/madelinefashion.pl\/en\/wp-json\/wp\/v2\/product_cat?post=597690"},{"taxonomy":"product_tag","embeddable":true,"href":"https:\/\/madelinefashion.pl\/en\/wp-json\/wp\/v2\/product_tag?post=597690"}],"curies":[{"name":"wp","href":"https:\/\/api.w.org\/{rel}","templated":true}]}}