{"id":597738,"date":"2026-03-18T11:26:35","date_gmt":"2026-03-18T10:26:35","guid":{"rendered":"https:\/\/madelinefashion.pl\/?post_type=product&#038;p=597738"},"modified":"2026-04-15T12:01:24","modified_gmt":"2026-04-15T10:01:24","slug":"sukienka-maxi-zwiewna-roselle-biala-w-niebieskie-kwiaty","status":"publish","type":"product","link":"https:\/\/madelinefashion.pl\/en\/product\/sukienka-maxi-zwiewna-roselle-biala-w-niebieskie-kwiaty\/","title":{"rendered":"Roselle Airy Maxi Dress White with Blue Flowers"},"content":{"rendered":"<h3 style=\"text-align: center;\">Roselle Airy Maxi Dress White with Blue Flowers<\/h3>\n<p style=\"text-align: center;\" data-start=\"0\" data-end=\"126\">The &quot;Roselle&quot; dress is an exceptionally feminine maxi dress that captivates with its romantic floral pattern in shades of blue. Made of a lightweight, pleasant material, it drapes beautifully and provides all-day comfort. An elastic waistband subtly accentuates the waist, adapting to the figure and shaping proportions. The dress can be worn two ways \u2013 classically off the shoulders or as a Spanish dress, exposing the neckline and shoulders, adding a light and romantic touch to the look. The maxi length makes the dress perfect for special occasions \u2013 weddings, parties, or summer outings. Available in sizes S, M, and L. &quot;Roselle&quot; combines comfort, style, and feminine charm. If you can&#039;t decide which color to choose, <strong>size<\/strong> is the best for you, <strong>contact us<\/strong> through <a href=\"https:\/\/www.facebook.com\/madelinefashionbutik\" target=\"_blank\" rel=\"noopener\">Facebook<\/a> or <a href=\"https:\/\/madelinefashion.pl\/en\/kontakt\/\">phone<\/a>. If the size is not available on the website, please contact us.<\/p>\n<h3 style=\"text-align: center;\">Dimensions:<\/h3>\n<p style=\"text-align: center;\"><strong>Size S\/36<\/strong><\/p>\n<ul style=\"text-align: center;\">\n<li style=\"text-align: center;\">Total length: 150 cm<br \/>\nFrom armpit to armpit: 44-50 cm<\/li>\n<li style=\"text-align: center;\">Hips: loose<\/li>\n<li style=\"text-align: center;\">Waist: 33-56 cm (elastic)<\/li>\n<li>\n<p style=\"text-align: center;\"><strong>Size M\/38<\/strong><\/p>\n<ul>\n<li style=\"text-align: center;\">Total length: 150 cm<br \/>\nFrom armpit to armpit: 47-53 cm<\/li>\n<li style=\"text-align: center;\">Hips: loose<\/li>\n<li style=\"text-align: center;\">Waist: 36-53 cm (elastic)<\/li>\n<li>\n<p style=\"text-align: center;\"><strong>Size L \/ 40<\/strong><\/p>\n<ul>\n<li style=\"text-align: center;\">Total length: 150 cm<br \/>\nFrom armpit to armpit: 50-56 cm<\/li>\n<li style=\"text-align: center;\">Hips: loose<\/li>\n<li style=\"text-align: center;\">Waist: 40-65 cm (elastic)<\/li>\n<\/ul>\n<\/li>\n<\/ul>\n<\/li>\n<\/ul>\n<p style=\"text-align: center;\">Dimensions may slightly differ from the given +\/- 2cm. All dimensions given are measured flat. <strong>X2 dimension<\/strong><\/p>\n<div class=\"additional-details\" style=\"text-align: center;\">\n<p style=\"text-align: center;\">(the dress can be shortened on your own)<\/p>\n<\/div>\n<p style=\"text-align: center;\"><span style=\"font-size: 10pt;\">The dress is also available in other colors - see our other products.<\/span><\/p>\n<p style=\"text-align: center;\"><span style=\"font-size: 10pt;\">Dimensions may slightly differ from the given +\/- 2cm.\u00a0<\/span><\/p>\n<p style=\"text-align: center;\"><span style=\"font-size: 10pt;\"><strong>\u00a0<\/strong>\u00a0<\/span><\/p>\n<table width=\"620\">\n<tbody>\n<tr>\n<td width=\"302\">Model name<\/td>\n<td width=\"302\">Roselle Airy Maxi Dress White with Blue Flowers<\/td>\n<\/tr>\n<tr>\n<td width=\"302\">Color<\/td>\n<td width=\"302\">White<\/td>\n<\/tr>\n<tr>\n<td width=\"302\">Theme<\/td>\n<td width=\"302\">Flowers<\/td>\n<\/tr>\n<tr>\n<td width=\"302\">Sizes<\/td>\n<td width=\"302\">36 38 40<\/td>\n<\/tr>\n<tr>\n<td width=\"302\">Fashion<\/td>\n<td width=\"302\">Flared<\/td>\n<\/tr>\n<tr>\n<td width=\"302\">Material<\/td>\n<td width=\"302\">Viscose, Polyester<\/td>\n<\/tr>\n<tr>\n<td width=\"302\">Length<\/td>\n<td width=\"302\">To the ground<\/td>\n<\/tr>\n<\/tbody>\n<\/table>\n<p style=\"text-align: center;\"><span style=\"font-size: 10pt;\">\u00a0<\/span><\/p>\n<p style=\"text-align: center;\"><span style=\"font-size: 10pt;\">In order to match <strong>perfect dresses<\/strong> we invite you to contact us by phone or contact us <a href=\"https:\/\/www.facebook.com\/madelinefashionbutik\" target=\"_blank\" rel=\"noopener\">Facebook<\/a> .<\/span><br \/>\n<span style=\"font-size: 10pt;\">Our team will help <strong>Choose the right one<\/strong> . <strong>We can make each dress at the request of the buyer\u00a0<\/strong><strong>measure carefully.\u00a0<\/strong><\/span><\/p>\n<div class=\"additional-details\" style=\"text-align: center;\">\n<p style=\"text-align: center;\"><span style=\"font-size: 10pt;\">\u00a0<\/span><\/p>\n<\/div>","protected":false},"excerpt":{"rendered":"<p>Sukienka Maxi Zwiewna Roselle Bia\u0142a W Niebieskie Kwiaty Sukienka \u201eRoselle\u201d to wyj\u0105tkowo kobiecy model maxi, kt\u00f3ry zachwyca romantycznym, kwiatowym wzorem w odcieniach niebieskiego. Wykonana z lekkiego, przyjemnego materia\u0142u, pi\u0119knie uk\u0142ada si\u0119 na sylwetce i zapewnia komfort noszenia przez ca\u0142y dzie\u0144. Elastyczna gumka w talii subtelnie j\u0105 podkre\u015bla, dopasowuj\u0105c si\u0119 do figury i modeluj\u0105c proporcje. Model<\/p>\n<div class=\"klb-readmore post-buttons\"><a class=\"button black outline size-sm\" href=\"https:\/\/madelinefashion.pl\/en\/product\/sukienka-maxi-zwiewna-roselle-biala-w-niebieskie-kwiaty\/\">Read More <i class=\"klbth-icon-right-arrow\"><\/i><\/a><\/div>","protected":false},"featured_media":599144,"template":"","meta":[],"product_brand":[],"product_cat":[124,395,568],"product_tag":[257,163,215,396],"class_list":{"0":"post-597738","1":"product","2":"type-product","3":"status-publish","4":"has-post-thumbnail","6":"product_cat-sukienki-okolicznosciowe","7":"product_cat-nowosci","8":"product_cat-sukienki-rozkloszowane-szyfonowe","9":"product_tag-madelinefashion","10":"product_tag-sukienki-dlugie","11":"product_tag-sukienki-rozowe","12":"product_tag-sukienki-w-kwiaty","14":"first","15":"instock","16":"purchasable","17":"product-type-variable"},"_links":{"self":[{"href":"https:\/\/madelinefashion.pl\/en\/wp-json\/wp\/v2\/product\/597738","targetHints":{"allow":["GET"]}}],"collection":[{"href":"https:\/\/madelinefashion.pl\/en\/wp-json\/wp\/v2\/product"}],"about":[{"href":"https:\/\/madelinefashion.pl\/en\/wp-json\/wp\/v2\/types\/product"}],"wp:featuredmedia":[{"embeddable":true,"href":"https:\/\/madelinefashion.pl\/en\/wp-json\/wp\/v2\/media\/599144"}],"wp:attachment":[{"href":"https:\/\/madelinefashion.pl\/en\/wp-json\/wp\/v2\/media?parent=597738"}],"wp:term":[{"taxonomy":"product_brand","embeddable":true,"href":"https:\/\/madelinefashion.pl\/en\/wp-json\/wp\/v2\/product_brand?post=597738"},{"taxonomy":"product_cat","embeddable":true,"href":"https:\/\/madelinefashion.pl\/en\/wp-json\/wp\/v2\/product_cat?post=597738"},{"taxonomy":"product_tag","embeddable":true,"href":"https:\/\/madelinefashion.pl\/en\/wp-json\/wp\/v2\/product_tag?post=597738"}],"curies":[{"name":"wp","href":"https:\/\/api.w.org\/{rel}","templated":true}]}}