{"id":599024,"date":"2026-03-30T16:35:11","date_gmt":"2026-03-30T14:35:11","guid":{"rendered":"https:\/\/madelinefashion.pl\/?post_type=product&#038;p=599024"},"modified":"2026-04-28T20:27:08","modified_gmt":"2026-04-28T18:27:08","slug":"sukienka-koronkowa-krotka-biala-liora","status":"publish","type":"product","link":"https:\/\/madelinefashion.pl\/en\/product\/sukienka-koronkowa-krotka-biala-liora\/","title":{"rendered":"Liora Short White Lace Dress"},"content":{"rendered":"<h3 style=\"text-align: center;\">Liora Short White Lace Dress<\/h3>\n<p style=\"text-align: center;\" data-start=\"61\" data-end=\"394\">Dress <strong data-start=\"70\" data-end=\"79\">Liora<\/strong> It&#039;s a unique blend of subtle elegance and romantic style. Crafted from delicate, embellished lace, it captivates with its lightness and feminine character. The short design beautifully accentuates the legs, while the long sleeves add a touch of class, making this dress perfect not only for summer but also for cooler days.<\/p>\n<p style=\"text-align: center;\" data-start=\"396\" data-end=\"639\">The white color gives the dress a fresh, timeless charm, making it perfect for special occasions\u2014from parties and dates to family celebrations. The fitted cut flatters the figure while ensuring comfort.<\/p>\n<p style=\"text-align: center;\" data-start=\"641\" data-end=\"660\"><strong data-start=\"641\" data-end=\"660\">Product features:<\/strong><\/p>\n<ul style=\"text-align: center;\" data-start=\"661\" data-end=\"802\">\n<li data-section-id=\"rs7gjy\" data-start=\"661\" data-end=\"692\">delicate lace fabric<\/li>\n<li data-section-id=\"1huo7dp\" data-start=\"693\" data-end=\"718\">short, feminine cut<\/li>\n<li data-section-id=\"y8rjdy\" data-start=\"719\" data-end=\"744\">elegant long sleeve<\/li>\n<li data-section-id=\"1xab9se\" data-start=\"745\" data-end=\"770\">classic white color<\/li>\n<li data-section-id=\"1y93e2c\" data-start=\"771\" data-end=\"802\">perfect for special occasions<\/li>\n<\/ul>\n<p style=\"text-align: center;\" data-start=\"804\" data-end=\"896\" data-is-last-node=\"\" data-is-only-node=\"\">Model <strong data-start=\"810\" data-end=\"819\">Liora<\/strong> is a perfect choice for women who want to look stylish, light and classy.<\/p>\n<p style=\"text-align: center;\"><span style=\"font-size: 10pt;\">.If you can&#039;t decide which color, <strong>size<\/strong> is the best for you, <strong>contact us<\/strong> through <a href=\"https:\/\/www.facebook.com\/madelinefashionbutik\" target=\"_blank\" rel=\"noopener\">Facebook<\/a> or <a href=\"https:\/\/madelinefashion.pl\/en\/kontakt\/\">phone<\/a>. If the size is not available on the website, please contact us.\u00a0<\/span><\/p>\n<h3 style=\"text-align: center;\"><span style=\"font-size: 16px;\"><br \/>\ntotal length approx. 95 cm<\/span><\/h3>\n<p style=\"text-align: center;\">The dress is also available in other colors - see our other products.<\/p>\n<p style=\"text-align: center;\">Dimensions may slightly differ from the given +\/- 2cm.<\/p>\n<p style=\"text-align: center;\"><strong>\u00a0<\/strong><\/p>\n<table>\n<tbody>\n<tr>\n<td width=\"302\">Model name<\/td>\n<td width=\"302\">Liora Short White Lace Dress<\/td>\n<\/tr>\n<tr>\n<td width=\"302\">Color<\/td>\n<td width=\"302\">White<\/td>\n<\/tr>\n<tr>\n<td width=\"302\">Sizes<\/td>\n<td width=\"302\">S\/M , M\/L<\/td>\n<\/tr>\n<tr>\n<td width=\"302\">Fashion<\/td>\n<td width=\"302\">Matched<\/td>\n<\/tr>\n<tr>\n<td width=\"302\">Material<\/td>\n<td width=\"302\">Viscose, Polyester, Cotton<\/td>\n<\/tr>\n<tr>\n<td width=\"302\">Length<\/td>\n<td width=\"302\">Above the knee<\/td>\n<\/tr>\n<\/tbody>\n<\/table>\n<p>&nbsp;<\/p>\n<p style=\"text-align: center;\">In order to match\u00a0<strong>perfect dresses<\/strong>\u00a0we invite you to contact us by phone or via our facebook.<br \/>\nOur team will help\u00a0<strong>Choose the right one<\/strong>\u00a0.\u00a0<strong>We can make each dress at the request of the buyer\u00a0<\/strong><strong>measure carefully.\u00a0<\/strong><\/p>\n<div class=\"additional-details\">\n<p style=\"text-align: center;\">\n<\/div>","protected":false},"excerpt":{"rendered":"<p>Sukienka Koronkowa Kr\u00f3tka Bia\u0142a Liora Sukienka Liora to wyj\u0105tkowe po\u0142\u0105czenie subtelnej elegancji i romantycznego stylu. Wykonana z delikatnej, zdobionej koronki, zachwyca lekko\u015bci\u0105 i kobiecym charakterem. Kr\u00f3tki fason pi\u0119knie podkre\u015bla nogi, a d\u0142ugi r\u0119kaw dodaje ca\u0142o\u015bci klasy i sprawia, \u017ce model \u015bwietnie sprawdzi si\u0119 nie tylko latem, ale r\u00f3wnie\u017c w ch\u0142odniejsze dni. Bia\u0142a kolorystyka nadaje sukience<\/p>\n<div class=\"klb-readmore post-buttons\"><a class=\"button black outline size-sm\" href=\"https:\/\/madelinefashion.pl\/en\/product\/sukienka-koronkowa-krotka-biala-liora\/\">Read More <i class=\"klbth-icon-right-arrow\"><\/i><\/a><\/div>","protected":false},"featured_media":599019,"template":"","meta":[],"product_brand":[],"product_cat":[124,395,569],"product_tag":[257,219,262],"class_list":{"0":"post-599024","1":"product","2":"type-product","3":"status-publish","4":"has-post-thumbnail","6":"product_cat-sukienki-okolicznosciowe","7":"product_cat-nowosci","8":"product_cat-sukienki-dopasowane","9":"product_tag-madelinefashion","10":"product_tag-sukienka-biala","11":"product_tag-sukienki-krotkie","13":"first","14":"instock","15":"purchasable","16":"product-type-variable"},"_links":{"self":[{"href":"https:\/\/madelinefashion.pl\/en\/wp-json\/wp\/v2\/product\/599024","targetHints":{"allow":["GET"]}}],"collection":[{"href":"https:\/\/madelinefashion.pl\/en\/wp-json\/wp\/v2\/product"}],"about":[{"href":"https:\/\/madelinefashion.pl\/en\/wp-json\/wp\/v2\/types\/product"}],"wp:featuredmedia":[{"embeddable":true,"href":"https:\/\/madelinefashion.pl\/en\/wp-json\/wp\/v2\/media\/599019"}],"wp:attachment":[{"href":"https:\/\/madelinefashion.pl\/en\/wp-json\/wp\/v2\/media?parent=599024"}],"wp:term":[{"taxonomy":"product_brand","embeddable":true,"href":"https:\/\/madelinefashion.pl\/en\/wp-json\/wp\/v2\/product_brand?post=599024"},{"taxonomy":"product_cat","embeddable":true,"href":"https:\/\/madelinefashion.pl\/en\/wp-json\/wp\/v2\/product_cat?post=599024"},{"taxonomy":"product_tag","embeddable":true,"href":"https:\/\/madelinefashion.pl\/en\/wp-json\/wp\/v2\/product_tag?post=599024"}],"curies":[{"name":"wp","href":"https:\/\/api.w.org\/{rel}","templated":true}]}}