{"id":599054,"date":"2026-03-30T16:58:09","date_gmt":"2026-03-30T14:58:09","guid":{"rendered":"https:\/\/madelinefashion.pl\/?post_type=product&#038;p=599054"},"modified":"2026-04-28T13:05:04","modified_gmt":"2026-04-28T11:05:04","slug":"sukienka-zielona-nemi-z-rekawkiem","status":"publish","type":"product","link":"https:\/\/madelinefashion.pl\/en\/product\/sukienka-zielona-nemi-z-rekawkiem\/","title":{"rendered":"Nemi Green Dress With Sleeves"},"content":{"rendered":"<h3 style=\"text-align: center;\">Nemi Green Dress With Sleeves<\/h3>\n<p style=\"text-align: center;\" data-start=\"168\" data-end=\"459\">Discover the Nemi dress \u2013 an elegant and feminine piece that accentuates the figure while ensuring comfort. Perfect for women who value classic style with a modern twist. The skirt is slightly flared from the waist with a sewn-in fabric. Emphasize your femininity and feel comfortable in our unique plus-size dress. Designed for figures XL and larger, this model combines comfort with subtle elegance. The bodice features a deep V-neckline and long, flowing sleeves that add lightness and sophistication. The fitted waist accentuates proportions. The back of the dress is closed, making the style more versatile and more comfortable to wear. Instead of a zipper, a slip-on design with an elastic waistband makes it easier to put on and increases comfort.<br \/>\nThe dress is made of a delicate, flowing fabric. The bottom is lined with a flowing lining. Dresses If you can&#039;t decide which color,\u00a0<strong>size<\/strong>\u00a0is the best for you,\u00a0<strong>contact us<\/strong>\u00a0through\u00a0<a href=\"https:\/\/www.facebook.com\/madelinefashionbutik\" target=\"_blank\" rel=\"noopener\">Facebook<\/a>\u00a0or\u00a0<a href=\"https:\/\/madelinefashion.pl\/en\/kontakt\/\">phone<\/a>. If the size is not available on the website, please contact us.<\/p>\n<h3 style=\"text-align: center;\">DRESS DIMENSIONS:<\/h3>\n<table width=\"512\">\n<tbody>\n<tr>\n<td><strong>SIZE<\/strong><\/td>\n<td><strong>Bust<\/strong><\/td>\n<td><strong>Waist<\/strong><\/td>\n<td width=\"86\"><strong>Hips<\/strong><\/td>\n<\/tr>\n<tr>\n<td><strong>34<\/strong><\/td>\n<td>84-86<\/td>\n<td>64<\/td>\n<td width=\"86\">\u00a0any<\/td>\n<\/tr>\n<tr>\n<td><strong>36<\/strong><\/td>\n<td>88-90<\/td>\n<td>68<\/td>\n<td width=\"86\">\u00a0any<\/td>\n<\/tr>\n<tr>\n<td><strong>38<\/strong><\/td>\n<td>92-94<\/td>\n<td>72<\/td>\n<td width=\"86\">\u00a0any<\/td>\n<\/tr>\n<tr>\n<td><strong>40<\/strong><\/td>\n<td>96-98<\/td>\n<td>76<\/td>\n<td width=\"86\">\u00a0any<\/td>\n<\/tr>\n<tr>\n<td><strong>42<\/strong><\/td>\n<td>96-102<\/td>\n<td>80-88<\/td>\n<td width=\"86\">\u00a0any<\/td>\n<\/tr>\n<tr>\n<td><strong>44<\/strong><\/td>\n<td>102-112<\/td>\n<td>84-92<\/td>\n<td width=\"86\">\u00a0any<\/td>\n<\/tr>\n<tr>\n<td><strong>46<\/strong><\/td>\n<td>106-116<\/td>\n<td>88-98<\/td>\n<td width=\"86\">\u00a0any<\/td>\n<\/tr>\n<tr>\n<td><strong>48<\/strong><\/td>\n<td>110-120<\/td>\n<td>100-110<\/td>\n<td width=\"86\">\u00a0any<\/td>\n<\/tr>\n<\/tbody>\n<\/table>\n<p>&nbsp;<\/p>\n<p style=\"text-align: center;\"><span style=\"font-size: 10pt;\">total length approx. 157 cm <\/span>(the dress can be shortened on your own)<\/p>\n<p style=\"text-align: center;\"><span style=\"font-size: 10pt;\">The dress is also available in other colors - see our other products.<\/span><\/p>\n<p style=\"text-align: center;\"><span style=\"font-size: 10pt;\">Dimensions may slightly differ from the given +\/- 2cm.\u00a0<\/span><\/p>\n<p style=\"text-align: center;\"><span style=\"font-size: 10pt;\"><strong>\u00a0<\/strong>\u00a0<\/span><\/p>\n<table width=\"620\">\n<tbody>\n<tr>\n<td width=\"302\">Model name<\/td>\n<td width=\"302\">Nemi Green Dress With Sleeves<\/td>\n<\/tr>\n<tr>\n<td width=\"302\">Color<\/td>\n<td width=\"302\">Green<\/td>\n<\/tr>\n<tr>\n<td width=\"302\">Sleeve<\/td>\n<td width=\"302\">Yes<\/td>\n<\/tr>\n<tr>\n<td width=\"302\">Sizes<\/td>\n<td width=\"302\">36 38 40 42 44 46 48<\/td>\n<\/tr>\n<tr>\n<td width=\"302\">Fashion<\/td>\n<td width=\"302\">Matched<\/td>\n<\/tr>\n<tr>\n<td width=\"302\">Material<\/td>\n<td width=\"302\">Viscose, Polyester, Cotton<\/td>\n<\/tr>\n<tr>\n<td width=\"302\">Length<\/td>\n<td width=\"302\">To the ground<\/td>\n<\/tr>\n<\/tbody>\n<\/table>\n<p style=\"text-align: center;\"><span style=\"font-size: 10pt;\">\u00a0<\/span><\/p>\n<p style=\"text-align: center;\"><span style=\"font-size: 10pt;\">In order to match <strong>perfect dresses<\/strong> we invite you to contact us by phone or contact us <a href=\"https:\/\/www.facebook.com\/madelinefashionbutik\" target=\"_blank\" rel=\"noopener\">Facebook<\/a> .<\/span><br \/>\n<span style=\"font-size: 10pt;\">Our team will help <strong>Choose the right one<\/strong> . <strong>We can make each dress at the request of the buyer\u00a0<\/strong><strong>measure carefully.\u00a0<\/strong><\/span><\/p>\n<div class=\"additional-details\" style=\"text-align: center;\">\n<p style=\"text-align: center;\"><span style=\"font-size: 10pt;\">\u00a0<\/span><\/p>\n<\/div>","protected":false},"excerpt":{"rendered":"<p>Sukienka Zielona Nemi Z R\u0119kawkiem Poznaj sukienk\u0119 Nemi \u2013 eleganck\u0105 i kobiec\u0105 propozycj\u0119, kt\u00f3ra podkre\u015bla atuty sylwetki, zapewniaj\u0105c jednocze\u015bnie wygod\u0119 noszenia. Idealna dla kobiet ceni\u0105cych klasyk\u0119 z nowoczesnym akcentem. Od talii sp\u00f3dnica z przeszyt\u0105 tkanin\u0105 powoduj\u0105c\u0105 lekkie rozkloszowanie.\u00a0 Podkre\u015bl swoj\u0105 kobieco\u015b\u0107 i poczuj si\u0119 komfortowo w naszej wyj\u0105tkowej sukience plus size. Model zaprojektowany z my\u015bl\u0105<\/p>\n<div class=\"klb-readmore post-buttons\"><a class=\"button black outline size-sm\" href=\"https:\/\/madelinefashion.pl\/en\/product\/sukienka-zielona-nemi-z-rekawkiem\/\">Read More <i class=\"klbth-icon-right-arrow\"><\/i><\/a><\/div>","protected":false},"featured_media":599063,"template":"","meta":[],"product_brand":[],"product_cat":[124,395,564,568],"product_tag":[385,163,535],"class_list":{"0":"post-599054","1":"product","2":"type-product","3":"status-publish","4":"has-post-thumbnail","6":"product_cat-sukienki-okolicznosciowe","7":"product_cat-nowosci","8":"product_cat-sukienki-plus-size","9":"product_cat-sukienki-rozkloszowane-szyfonowe","10":"product_tag-plus-size","11":"product_tag-sukienki-dlugie","12":"product_tag-zielone-sukienki","14":"first","15":"instock","16":"purchasable","17":"product-type-variable"},"_links":{"self":[{"href":"https:\/\/madelinefashion.pl\/en\/wp-json\/wp\/v2\/product\/599054","targetHints":{"allow":["GET"]}}],"collection":[{"href":"https:\/\/madelinefashion.pl\/en\/wp-json\/wp\/v2\/product"}],"about":[{"href":"https:\/\/madelinefashion.pl\/en\/wp-json\/wp\/v2\/types\/product"}],"wp:featuredmedia":[{"embeddable":true,"href":"https:\/\/madelinefashion.pl\/en\/wp-json\/wp\/v2\/media\/599063"}],"wp:attachment":[{"href":"https:\/\/madelinefashion.pl\/en\/wp-json\/wp\/v2\/media?parent=599054"}],"wp:term":[{"taxonomy":"product_brand","embeddable":true,"href":"https:\/\/madelinefashion.pl\/en\/wp-json\/wp\/v2\/product_brand?post=599054"},{"taxonomy":"product_cat","embeddable":true,"href":"https:\/\/madelinefashion.pl\/en\/wp-json\/wp\/v2\/product_cat?post=599054"},{"taxonomy":"product_tag","embeddable":true,"href":"https:\/\/madelinefashion.pl\/en\/wp-json\/wp\/v2\/product_tag?post=599054"}],"curies":[{"name":"wp","href":"https:\/\/api.w.org\/{rel}","templated":true}]}}