{"id":599156,"date":"2026-03-31T11:29:48","date_gmt":"2026-03-31T09:29:48","guid":{"rendered":"https:\/\/madelinefashion.pl\/?post_type=product&#038;p=599156"},"modified":"2026-03-31T11:35:13","modified_gmt":"2026-03-31T09:35:13","slug":"sukienka-wieczorowa-z-szalem-madame-lunessa-bordowa","status":"publish","type":"product","link":"https:\/\/madelinefashion.pl\/en\/product\/sukienka-wieczorowa-z-szalem-madame-lunessa-bordowa\/","title":{"rendered":"Madame Lunessa Burgundy Evening Dress with Shawl"},"content":{"rendered":"<h3 style=\"text-align: center;\">Madame Lunessa Burgundy Evening Dress with Shawl<\/h3>\n<p style=\"text-align: center;\"><span style=\"font-size: 10pt;\">\u00a0A beautiful long evening gown made of airy material with a lace bodice and 3\/4-length chiffon sleeves. This plus-size gown is adorned with exquisite embroidery and shimmering crystal embellishments. It beautifully accentuates feminine curves, with the hemline made entirely of flowing material. The dress features a V-neckline and is tapered at the waist. <strong>great emphasizes the waist<\/strong>.\u00a0<\/span><span style=\"font-size: 10pt;\"> The dress has cups sewn in at the front, so you do not need to wear a bra. <strong>The dress has a shawl <\/strong>available in sizes 36, 38, 40,42,44, 46, 48, Elegant <strong data-start=\"266\" data-end=\"319\">a dress for the wedding mother with delicate sleeves<\/strong> It&#039;s the perfect choice for weddings, family gatherings, and other special occasions. This dress impresses with its timeless design, subtle finishing, and relaxed fit, ensuring freedom of movement and comfort throughout the day and night. Designed for women who value class, comfort, and modern elegance, the looser cut doesn&#039;t cling to the figure, making it perfect for both women who prefer a relaxed fit and those seeking a figure-flattering dress. <\/span><span style=\"font-size: 10pt;\">Dresses <strong>Madeline Fashion<\/strong> is an excellent choice for a wedding, prom, New Year&#039;s Eve and other elegant special events. Available in our e-shop in several color variants, so do not hesitate and choose the one that is perfect for you. If you can&#039;t decide which color, <strong>size<\/strong> is the best for you, <strong>contact us<\/strong> through <a href=\"https:\/\/www.facebook.com\/madelinefashionbutik\" target=\"_blank\" rel=\"noopener\">Facebook<\/a> or <a href=\"https:\/\/madelinefashion.pl\/en\/kontakt\/\">phone<\/a>. If the size is not available on the website, please contact us.\u00a0<\/span><\/p>\n<h3 style=\"text-align: center;\">DRESS DIMENSIONS:<\/h3>\n<table width=\"556\">\n<tbody>\n<tr>\n<td><strong>SIZE<\/strong><\/td>\n<td><strong>Bust<\/strong><\/td>\n<td><strong>Waist<\/strong><\/td>\n<td><strong>Hips<\/strong><\/td>\n<\/tr>\n<tr>\n<td><strong>36<\/strong><\/td>\n<td>88-90<\/td>\n<td>68-72<\/td>\n<td>\u00a086-92<\/td>\n<\/tr>\n<tr>\n<td><strong>38<\/strong><\/td>\n<td>92-94<\/td>\n<td>72-76<\/td>\n<td>\u00a090-96<\/td>\n<\/tr>\n<tr>\n<td><strong>40<\/strong><\/td>\n<td>96-98<\/td>\n<td>76-80<\/td>\n<td>\u00a094-106<\/td>\n<\/tr>\n<tr>\n<td><strong>42<\/strong><\/td>\n<td>100-104<\/td>\n<td>80-84<\/td>\n<td>\u00a098-108<\/td>\n<\/tr>\n<tr>\n<td><strong>44<\/strong><\/td>\n<td>102-106<\/td>\n<td>84-88<\/td>\n<td>\u00a0102-112<\/td>\n<\/tr>\n<tr>\n<td><strong>46<\/strong><\/td>\n<td>106-110<\/td>\n<td>88-92<\/td>\n<td>106-118<\/td>\n<\/tr>\n<tr>\n<td><strong>48<\/strong><\/td>\n<td>110-112<\/td>\n<td>92-98<\/td>\n<td>\u00a0110-122<\/td>\n<\/tr>\n<\/tbody>\n<\/table>\n<p>&nbsp;<\/p>\n<p style=\"text-align: center;\"><span style=\"font-size: 10pt;\"><br \/>\ntotal length approx. 158 cm<\/span>\u00a0(the dress can be shortened on your own)<\/p>\n<p style=\"text-align: center;\"><span style=\"font-size: 10pt;\">The dress is also available in other colors - see our other products.\u00a0<\/span><\/p>\n<p style=\"text-align: center;\"><span style=\"font-size: 10pt;\">Dimensions may slightly differ from the given +\/- 2cm.<\/span><\/p>\n<p>&nbsp;<\/p>\n<ul>\n<li style=\"text-align: center;\">Plus size evening dress.<\/li>\n<li style=\"text-align: center;\">Material: Chiffon.<\/li>\n<li style=\"text-align: center;\">Well-fitting, corset top, covered with a very impressive guipure lace decorated with pearls<\/li>\n<li style=\"text-align: center;\">Mesh insert partially covering the bust.<\/li>\n<li style=\"text-align: center;\">Flared bottom, made of chiffon.<\/li>\n<li style=\"text-align: center;\">Satin lining.<\/li>\n<li style=\"text-align: center;\">The dress is cut at the waist, without gathers, which beautifully slims the waist area.<\/li>\n<li style=\"text-align: center;\">3\/4 sleeves \u2013 flowing \u2013 chiffon.<\/li>\n<li style=\"text-align: center;\">The dress fastens at the back with 5 buttons and a fabric-covered zipper.<\/li>\n<\/ul>\n<p style=\"text-align: center;\"><span style=\"font-size: 10pt;\">\u00a0<\/span><\/p>\n<p style=\"text-align: center;\"><span style=\"font-size: 10pt;\"><strong>\u00a0<\/strong>\u00a0<\/span><\/p>\n<table width=\"616\">\n<tbody>\n<tr>\n<td width=\"302\">Model name<\/td>\n<td width=\"302\">Madame Lunessa Burgundy Evening Dress with Shawl<\/td>\n<\/tr>\n<tr>\n<td width=\"302\">Color<\/td>\n<td width=\"302\">Claret<\/td>\n<\/tr>\n<tr>\n<td width=\"302\">Mark<\/td>\n<td width=\"302\">Madeline Fashion<\/td>\n<\/tr>\n<tr>\n<td width=\"302\">Sizes<\/td>\n<td width=\"302\">\u00a0 36 38 40 42 44 46 48<\/td>\n<\/tr>\n<tr>\n<td width=\"302\">Fashion<\/td>\n<td width=\"302\">Matched<\/td>\n<\/tr>\n<tr>\n<td width=\"302\">Material<\/td>\n<td width=\"302\">Viscose, Polyester,<\/td>\n<\/tr>\n<tr>\n<td width=\"302\">Length<\/td>\n<td width=\"302\">To the ground<\/td>\n<\/tr>\n<\/tbody>\n<\/table>\n<p style=\"text-align: center;\" align=\"center\">We invite you to our wedding dress salon, located at 2 Moniuszki Street in the heart of Konstantyn\u00f3w \u0141\u00f3dzki. In our professional salon, you&#039;ll find a wide selection of wedding dresses that will fulfill your deepest dreams of a perfect day. A team of experienced consultants will help you choose the perfect gown, tailored to your expectations and figure. We cordially invite you to visit \u2013 see how special your day can be!<\/p>\n<p>Each dress can be adjusted to suit your height and heel height, if necessary. If it&#039;s too long, you can have it shortened or have a seamstress make minor alterations. This way, you can easily tailor your chosen dress to your measurements and feel perfectly at ease in it.<\/p>\n<p style=\"text-align: center;\" align=\"center\">In order to match\u00a0<strong>perfect dresses<\/strong>\u00a0we invite you to contact us by phone or contact us <a href=\"https:\/\/www.facebook.com\/madelinefashionbutik\" target=\"_blank\" rel=\"noopener\">facebook<\/a> .<br \/>\nOur team will help\u00a0<strong>Choose the right one<\/strong>\u00a0.\u00a0<strong>We can measure each dress precisely at the buyer&#039;s request.\u00a0<\/strong><\/p>\n<div class=\"additional-details\">\n<p style=\"text-align: center;\"><span style=\"font-size: 10pt;\">\u00a0<\/span><\/p>\n<\/div>","protected":false},"excerpt":{"rendered":"<p>Sukienka Wieczorowa z Szalem Madame Lunessa Bordowa \u00a0Pi\u0119kna d\u0142uga suknia wieczorowa ze zwiewnego materia\u0142u z koronkow\u0105 g\u00f3r\u0105 oraz\u00a0 r\u0119kawkiem szyfonowym 3\/4\u00a0 Suknia Plus Size zdobiona cudownymi haftami oraz zdobieniami w postaci mieni\u0105cych si\u0119 kryszta\u0142k\u00f3w. Pi\u0119knie eksponuje kobiece kszta\u0142ty- d\u00f3\u0142 sukienki wykonany w ca\u0142o\u015bci z lej\u0105cego si\u0119 materia\u0142u. \u00a0Sukienka posiada dekolt pod &#8222;V&#8221;, zw\u0119\u017cana na wysoko\u015bci<\/p>\n<div class=\"klb-readmore post-buttons\"><a class=\"button black outline size-sm\" href=\"https:\/\/madelinefashion.pl\/en\/product\/sukienka-wieczorowa-z-szalem-madame-lunessa-bordowa\/\">Read More <i class=\"klbth-icon-right-arrow\"><\/i><\/a><\/div>","protected":false},"featured_media":599155,"template":"","meta":[],"product_brand":[],"product_cat":[124,395,564,568],"product_tag":[257,385,216,163],"class_list":{"0":"post-599156","1":"product","2":"type-product","3":"status-publish","4":"has-post-thumbnail","6":"product_cat-sukienki-okolicznosciowe","7":"product_cat-nowosci","8":"product_cat-sukienki-plus-size","9":"product_cat-sukienki-rozkloszowane-szyfonowe","10":"product_tag-madelinefashion","11":"product_tag-plus-size","12":"product_tag-sukienki-bordowe","13":"product_tag-sukienki-dlugie","15":"first","16":"instock","17":"purchasable","18":"product-type-variable"},"_links":{"self":[{"href":"https:\/\/madelinefashion.pl\/en\/wp-json\/wp\/v2\/product\/599156","targetHints":{"allow":["GET"]}}],"collection":[{"href":"https:\/\/madelinefashion.pl\/en\/wp-json\/wp\/v2\/product"}],"about":[{"href":"https:\/\/madelinefashion.pl\/en\/wp-json\/wp\/v2\/types\/product"}],"wp:featuredmedia":[{"embeddable":true,"href":"https:\/\/madelinefashion.pl\/en\/wp-json\/wp\/v2\/media\/599155"}],"wp:attachment":[{"href":"https:\/\/madelinefashion.pl\/en\/wp-json\/wp\/v2\/media?parent=599156"}],"wp:term":[{"taxonomy":"product_brand","embeddable":true,"href":"https:\/\/madelinefashion.pl\/en\/wp-json\/wp\/v2\/product_brand?post=599156"},{"taxonomy":"product_cat","embeddable":true,"href":"https:\/\/madelinefashion.pl\/en\/wp-json\/wp\/v2\/product_cat?post=599156"},{"taxonomy":"product_tag","embeddable":true,"href":"https:\/\/madelinefashion.pl\/en\/wp-json\/wp\/v2\/product_tag?post=599156"}],"curies":[{"name":"wp","href":"https:\/\/api.w.org\/{rel}","templated":true}]}}