{"id":59927,"date":"2022-09-26T10:48:30","date_gmt":"2022-09-26T08:48:30","guid":{"rendered":"https:\/\/madelinefashion.pl\/?post_type=product&#038;p=59927"},"modified":"2026-02-20T14:57:47","modified_gmt":"2026-02-20T13:57:47","slug":"kamizelka-davids-dluga-wrzosowa","status":"publish","type":"product","link":"https:\/\/madelinefashion.pl\/en\/product\/kamizelka-davids-dluga-wrzosowa\/","title":{"rendered":"Davids Long Heather Vest"},"content":{"rendered":"<h3 style=\"text-align: center;\">Davids Long Heather Vest<\/h3>\n<p style=\"text-align: center;\">Feel beautiful ... Crazy sensual ... and ... Seductive ...<\/p>\n<p style=\"text-align: center;\">Asymmetric cut will add a unique character to most styles<\/p>\n<p style=\"text-align: center;\">\u00a0A vest is an essential, warm item of clothing<\/p>\n<p style=\"text-align: center;\">Superb quality at the best price!<\/p>\n<h3 style=\"text-align: center;\">Vest dimensions<\/h3>\n<ul style=\"text-align: center;\">\n<li>total length back: 80 cm<\/li>\n<li>sleeve length from armpit: 45 cm<\/li>\n<li>recommended maximum bust circumference: 125-140 cm<\/li>\n<li><strong>recommended from 36 to max 48<\/strong><\/li>\n<li><\/li>\n<\/ul>\n<p style=\"text-align: center;\">Dimensions may slightly differ from the given +\/- 2cm. All dimensions given are measured flat.<\/p>\n<p style=\"text-align: center;\">The model has\u00a0<strong>169<\/strong>\u00a0cm tall, wears a size every day\u00a0<strong>S.<\/strong><\/p>\n<p style=\"text-align: center;\">The width at the bust is 92 cm<\/p>\n<p style=\"text-align: center;\">Waist width 62 cm<\/p>\n<p style=\"text-align: center;\">The width at the hips is 94 cm<\/p>\n<table>\n<tbody>\n<tr>\n<td width=\"302\">Model name<\/td>\n<td width=\"302\">Davids vest<\/td>\n<\/tr>\n<tr>\n<td width=\"302\">Color<\/td>\n<td width=\"302\">Heather<\/td>\n<\/tr>\n<tr>\n<td width=\"302\">Sizes<\/td>\n<td width=\"302\">Universal<\/td>\n<\/tr>\n<tr>\n<td width=\"302\">Fashion<\/td>\n<td width=\"302\">Oversize<\/td>\n<\/tr>\n<tr>\n<td width=\"302\">Hood<\/td>\n<td width=\"302\">Without the hood<\/td>\n<\/tr>\n<tr>\n<td width=\"302\">Warmed up<\/td>\n<td width=\"302\">Uninsulated<\/td>\n<\/tr>\n<tr>\n<td width=\"302\">Material<\/td>\n<td width=\"302\">Bukla - 95% Polyester 5% Elastane<\/td>\n<\/tr>\n<\/tbody>\n<\/table>\n<p style=\"text-align: center;\">\u00a0<strong>Recommended<\/strong>\u00a0for people wearing size from\u00a0<strong>S.\u00a0<\/strong>down\u00a0<strong>XXXL<\/strong><\/p>\n<p style=\"text-align: center;\">","protected":false},"excerpt":{"rendered":"<p>Kamizelka Davids D\u0142uga Wrzosowa Poczuj si\u0119 pi\u0119kna&#8230; Szalenie zmys\u0142owa&#8230; i &#8230; Uwodzicielska&#8230; Asymetryczny Kr\u00f3j doda niepowtarzalnego charakteru wi\u0119kszo\u015bci stylizacji \u00a0Kamizelka to niezb\u0119dny, ciep\u0142y, element garderoby Rewelacyjna jako\u015b\u0107 w najlepszej cenie ! Wymiary Kamizelki d\u0142ugo\u015b\u0107 ca\u0142kowita ty\u0142: 80 cm d\u0142ugo\u015b\u0107 r\u0119kawa od pachy: 45 cm zalecany max obw\u00f3d w biu\u015bcie: 125-140 cm zalecana od 36 do<\/p>\n<div class=\"klb-readmore post-buttons\"><a class=\"button black outline size-sm\" href=\"https:\/\/madelinefashion.pl\/en\/product\/kamizelka-davids-dluga-wrzosowa\/\">Read More <i class=\"klbth-icon-right-arrow\"><\/i><\/a><\/div>","protected":false},"featured_media":59845,"template":"","meta":[],"product_brand":[],"product_cat":[79,395],"product_tag":[],"class_list":{"0":"post-59927","1":"product","2":"type-product","3":"status-publish","4":"has-post-thumbnail","6":"product_cat-kamizelki","7":"product_cat-nowosci","9":"first","10":"outofstock","11":"purchasable","12":"product-type-simple"},"_links":{"self":[{"href":"https:\/\/madelinefashion.pl\/en\/wp-json\/wp\/v2\/product\/59927","targetHints":{"allow":["GET"]}}],"collection":[{"href":"https:\/\/madelinefashion.pl\/en\/wp-json\/wp\/v2\/product"}],"about":[{"href":"https:\/\/madelinefashion.pl\/en\/wp-json\/wp\/v2\/types\/product"}],"wp:featuredmedia":[{"embeddable":true,"href":"https:\/\/madelinefashion.pl\/en\/wp-json\/wp\/v2\/media\/59845"}],"wp:attachment":[{"href":"https:\/\/madelinefashion.pl\/en\/wp-json\/wp\/v2\/media?parent=59927"}],"wp:term":[{"taxonomy":"product_brand","embeddable":true,"href":"https:\/\/madelinefashion.pl\/en\/wp-json\/wp\/v2\/product_brand?post=59927"},{"taxonomy":"product_cat","embeddable":true,"href":"https:\/\/madelinefashion.pl\/en\/wp-json\/wp\/v2\/product_cat?post=59927"},{"taxonomy":"product_tag","embeddable":true,"href":"https:\/\/madelinefashion.pl\/en\/wp-json\/wp\/v2\/product_tag?post=59927"}],"curies":[{"name":"wp","href":"https:\/\/api.w.org\/{rel}","templated":true}]}}