{"id":59990,"date":"2022-09-26T11:46:45","date_gmt":"2022-09-26T09:46:45","guid":{"rendered":"https:\/\/madelinefashion.pl\/?post_type=product&#038;p=59990"},"modified":"2026-02-20T14:57:46","modified_gmt":"2026-02-20T13:57:46","slug":"sweterek-z-alpaki-z-kokardka-na-placach-butelkowa-zielen","status":"publish","type":"product","link":"https:\/\/madelinefashion.pl\/en\/product\/sweterek-z-alpaki-z-kokardka-na-placach-butelkowa-zielen\/","title":{"rendered":"Alpaca sweater with a bow on the squares of bottle green"},"content":{"rendered":"<h2 style=\"text-align: center;\">Alpaca sweater with a bow on the squares of bottle green<\/h2>\n<p style=\"text-align: center;\"><strong>Comfortable, comfortable sweater <\/strong>decorated with a simple cut<strong> bow on the back.\u00a0<\/strong> The sweater is made of a very nice alpaca \u00a0<strong>adapts to the figure<\/strong> and complements any outfit. It fits perfectly with leggings, jeans or leather pants. The sweater is suitable for every season. The size is\u00a0<strong>universal<\/strong> Perfect for ladies wearing\u00a0 <strong>S, M, L.<\/strong>,<strong>XL\u00a0<\/strong> in case of wearing a larger size, we recommend that you refer to the dimension table below. Available in our e-shop in several variants <strong>color<\/strong>so don&#039;t hesitate and choose the one that&#039;s perfect for you. If you cannot decide which color is best for you, please contact us via Facebook or by phone.<\/p>\n<h2 style=\"text-align: center;\">Dimensions:<\/h2>\n<ul style=\"text-align: center;\">\n<li><span style=\"font-size: 10pt;\">width from armpit to armpit 40-504 cm<\/span><\/li>\n<li><span style=\"font-size: 10pt;\">overall length: 64 cm\u00a0<\/span><\/li>\n<li><span style=\"font-size: 10pt;\">recommended maximum bust circumference: 108 cm<\/span><\/li>\n<\/ul>\n<p style=\"text-align: center;\"><span style=\"font-size: 10pt;\">\u00a0Dimensions may slightly differ from the given +\/- 2cm. All dimensions given are measured flat.<\/span><\/p>\n<table width=\"617\">\n<tbody>\n<tr>\n<td width=\"302\">Model name<\/td>\n<td width=\"302\">Alpaca sweater with a bow in the squares<\/td>\n<\/tr>\n<tr>\n<td width=\"302\">Color<\/td>\n<td width=\"302\">Bottle<\/td>\n<\/tr>\n<tr>\n<td width=\"302\">Sizes<\/td>\n<td width=\"302\">Universal<\/td>\n<\/tr>\n<tr>\n<td width=\"302\">Fashion<\/td>\n<td width=\"302\">Oversize<\/td>\n<\/tr>\n<tr>\n<td width=\"302\">Warmed up<\/td>\n<td width=\"302\">Uninsulated<\/td>\n<\/tr>\n<tr>\n<td width=\"302\">Material<\/td>\n<td width=\"302\">Alpaca<\/td>\n<\/tr>\n<\/tbody>\n<\/table>\n<p style=\"text-align: center;\"><span style=\"font-size: 10pt;\">\u00a0<\/span><\/p>\n<p style=\"text-align: center;\">The model has\u00a0<strong>169<\/strong>\u00a0cm tall, wears a size every day\u00a0<strong>S.<\/strong><\/p>\n<p style=\"text-align: center;\">The width at the bust is 92 cm<\/p>\n<p style=\"text-align: center;\">Waist width 62 cm<\/p>\n<p style=\"text-align: center;\">The width at the hips is 94 cm<\/p>","protected":false},"excerpt":{"rendered":"<p>Sweterek z Alpaki z Kokardk\u0105 na Placach Butelkowa Ziele\u0144 Wygodny, komfortowy sweterek o prostym fasonie ozdobiony kokardk\u0105 na plecach.\u00a0 Sweterek wykonany jest bardzo przyjemnej alpaki \u00a0dopasowuje si\u0119 do sylwetki i uzupe\u0142nia ka\u017cd\u0105 stylizacj\u0119.\u00a0 Idealnie komponuje si\u0119 z legginsami, jeansami czy sk\u00f3rzanymi spodniami .\u00a0Sweter nadaje si\u0119 na ka\u017cd\u0105 por\u0119 roku. Rozmiar jest\u00a0uniwersalny , idealnie pasuje na<\/p>\n<div class=\"klb-readmore post-buttons\"><a class=\"button black outline size-sm\" href=\"https:\/\/madelinefashion.pl\/en\/product\/sweterek-z-alpaki-z-kokardka-na-placach-butelkowa-zielen\/\">Read More <i class=\"klbth-icon-right-arrow\"><\/i><\/a><\/div>","protected":false},"featured_media":59921,"template":"","meta":[],"product_brand":[],"product_cat":[78],"product_tag":[],"class_list":{"0":"post-59990","1":"product","2":"type-product","3":"status-publish","4":"has-post-thumbnail","6":"product_cat-swetry-damskie","8":"first","9":"outofstock","10":"purchasable","11":"product-type-simple"},"_links":{"self":[{"href":"https:\/\/madelinefashion.pl\/en\/wp-json\/wp\/v2\/product\/59990","targetHints":{"allow":["GET"]}}],"collection":[{"href":"https:\/\/madelinefashion.pl\/en\/wp-json\/wp\/v2\/product"}],"about":[{"href":"https:\/\/madelinefashion.pl\/en\/wp-json\/wp\/v2\/types\/product"}],"wp:featuredmedia":[{"embeddable":true,"href":"https:\/\/madelinefashion.pl\/en\/wp-json\/wp\/v2\/media\/59921"}],"wp:attachment":[{"href":"https:\/\/madelinefashion.pl\/en\/wp-json\/wp\/v2\/media?parent=59990"}],"wp:term":[{"taxonomy":"product_brand","embeddable":true,"href":"https:\/\/madelinefashion.pl\/en\/wp-json\/wp\/v2\/product_brand?post=59990"},{"taxonomy":"product_cat","embeddable":true,"href":"https:\/\/madelinefashion.pl\/en\/wp-json\/wp\/v2\/product_cat?post=59990"},{"taxonomy":"product_tag","embeddable":true,"href":"https:\/\/madelinefashion.pl\/en\/wp-json\/wp\/v2\/product_tag?post=59990"}],"curies":[{"name":"wp","href":"https:\/\/api.w.org\/{rel}","templated":true}]}}