{"id":601884,"date":"2026-04-24T13:40:10","date_gmt":"2026-04-24T11:40:10","guid":{"rendered":"https:\/\/madelinefashion.pl\/?post_type=product&#038;p=601884"},"modified":"2026-04-24T13:40:47","modified_gmt":"2026-04-24T11:40:47","slug":"torebka-kopertowa-srebrna-lumina","status":"publish","type":"product","link":"https:\/\/madelinefashion.pl\/en\/product\/torebka-kopertowa-srebrna-lumina\/","title":{"rendered":"Lumina Silver Envelope Bag"},"content":{"rendered":"<h3 style=\"text-align: center;\">Lumina Silver Envelope Bag<\/h3>\n<p style=\"text-align: center;\">A handbag is an essential part of an evening outfit. This model is characterized not only by its practicality, but also elegance. An elegant handbag will be perfect for every woman who follows the latest fashion trends. It has a chain included.<\/p>\n<p>&nbsp;<\/p>\n<h3 style=\"text-align: center;\">Characteristics:<\/h3>\n<p style=\"text-align: center;\">evening<\/p>\n<p style=\"text-align: center;\">perfect for a wedding \/ prom \/ prom<\/p>\n<h3 style=\"text-align: center;\">Bag dimensions:<\/h3>\n<ul style=\"text-align: center;\">\n<li>height - 16 cm<\/li>\n<li>length - 23 cm<\/li>\n<\/ul>","protected":false},"excerpt":{"rendered":"<p>Torebka Kopertowa Srebrna Lumina Torebka, to niezb\u0119dny cz\u0119\u015b\u0107 stylizacji wieczorowej. Ten model charakteryzuje si\u0119 nie tylko sw\u0105 praktyczno\u015bci\u0105, ale r\u00f3wnie\u017c elegancj\u0105.\u00a0 Elegancka torebka sprawdzi si\u0119 idealnie\u00a0 dla ka\u017cdej kobiety pod\u0105\u017caj\u0105cej za najnowszymi trendami w modzie. Posiada w zestawie \u0142a\u0144cuszek. &nbsp; Cechy Charakterystyczne: wieczorowa idealna na wesele\/bal\/ studni\u00f3wk\u0119 Wymiary Torebki: wysoko\u015b\u0107 &#8211; 16 cm d\u0142ugo\u015b\u0107- 23<\/p>\n<div class=\"klb-readmore post-buttons\"><a class=\"button black outline size-sm\" href=\"https:\/\/madelinefashion.pl\/en\/product\/torebka-kopertowa-srebrna-lumina\/\">Read More <i class=\"klbth-icon-right-arrow\"><\/i><\/a><\/div>","protected":false},"featured_media":601879,"template":"","meta":[],"product_brand":[],"product_cat":[113],"product_tag":[504,412],"class_list":{"0":"post-601884","1":"product","2":"type-product","3":"status-publish","4":"has-post-thumbnail","6":"product_cat-dodatki","7":"product_tag-party-time","8":"product_tag-torebki-damskie","10":"first","11":"instock","12":"sale","13":"purchasable","14":"product-type-simple"},"_links":{"self":[{"href":"https:\/\/madelinefashion.pl\/en\/wp-json\/wp\/v2\/product\/601884","targetHints":{"allow":["GET"]}}],"collection":[{"href":"https:\/\/madelinefashion.pl\/en\/wp-json\/wp\/v2\/product"}],"about":[{"href":"https:\/\/madelinefashion.pl\/en\/wp-json\/wp\/v2\/types\/product"}],"wp:featuredmedia":[{"embeddable":true,"href":"https:\/\/madelinefashion.pl\/en\/wp-json\/wp\/v2\/media\/601879"}],"wp:attachment":[{"href":"https:\/\/madelinefashion.pl\/en\/wp-json\/wp\/v2\/media?parent=601884"}],"wp:term":[{"taxonomy":"product_brand","embeddable":true,"href":"https:\/\/madelinefashion.pl\/en\/wp-json\/wp\/v2\/product_brand?post=601884"},{"taxonomy":"product_cat","embeddable":true,"href":"https:\/\/madelinefashion.pl\/en\/wp-json\/wp\/v2\/product_cat?post=601884"},{"taxonomy":"product_tag","embeddable":true,"href":"https:\/\/madelinefashion.pl\/en\/wp-json\/wp\/v2\/product_tag?post=601884"}],"curies":[{"name":"wp","href":"https:\/\/api.w.org\/{rel}","templated":true}]}}