{"id":60210,"date":"2022-09-27T09:44:14","date_gmt":"2022-09-27T07:44:14","guid":{"rendered":"https:\/\/madelinefashion.pl\/?post_type=product&#038;p=60210"},"modified":"2025-10-01T07:34:20","modified_gmt":"2025-10-01T05:34:20","slug":"spodnie-dresowe-ocieplane-pudrowy-roz","status":"publish","type":"product","link":"https:\/\/madelinefashion.pl\/en\/product\/spodnie-dresowe-ocieplane-pudrowy-roz\/","title":{"rendered":"Powder Pink Warm Sweatpants"},"content":{"rendered":"<h3 style=\"text-align: center;\">Powder Pink Warm Sweatpants<\/h3>\n<p style=\"text-align: center;\"><strong><span style=\"vertical-align: inherit;\"><span style=\"vertical-align: inherit;\">Comfortable sweatpants <\/span><\/span><\/strong><span style=\"vertical-align: inherit;\"><span style=\"vertical-align: inherit;\">is an irreplaceable model that you must have in your wardrobe. Cozy, warm and mega comfortable, it is an ideal everyday proposition. High-quality, with a thicker, fleshy material with a classic, simple cut, thanks to which our pants will be with you for years. They are very comfortable and easy to combine, they can be easily combined with our blouses, cardigans, jackets and sweatshirts. <strong>Model for ladies in Size from S- XXL !! <\/strong>Sweatpants with an elastic waistband and a drawstring are insulated, which makes them perfect for cold autumn evenings. The model has two pockets. <strong>Perfect for everyday styling. They are made in\u00a0<\/strong>95% made of cotton, which makes them very pleasant.<\/span><\/span><strong><span style=\"vertical-align: inherit;\"><span style=\"vertical-align: inherit;\"><br \/>\n<\/span><\/span><\/strong><\/p>\n<p>&nbsp;<\/p>\n<h3 style=\"text-align: center;\"><span style=\"vertical-align: inherit;\"><span style=\"vertical-align: inherit;\">Dimensions<\/span><\/span><\/h3>\n<ul style=\"text-align: center;\">\n<li><span style=\"vertical-align: inherit;\"><span style=\"vertical-align: inherit;\">Overall length: 96 cm<\/span><\/span><\/li>\n<li><span style=\"vertical-align: inherit;\"><span style=\"vertical-align: inherit;\">Inside leg length: 72 cm<\/span><\/span><\/li>\n<li>The length of the leg from the outside: 90 cm<\/li>\n<li><span style=\"vertical-align: inherit;\"><span style=\"vertical-align: inherit;\">Waist width: 36-54 cm<\/span><\/span><\/li>\n<li><span style=\"vertical-align: inherit;\"><span style=\"vertical-align: inherit;\">Waist: 30 cm<\/span><\/span><\/li>\n<li><span style=\"vertical-align: inherit;\"><span style=\"vertical-align: inherit;\">Hip width: 44-52 cm<\/span><\/span><\/li>\n<\/ul>\n<p style=\"text-align: center;\"><span style=\"vertical-align: inherit;\"><span style=\"vertical-align: inherit;\">Dimensions may vary from the given +\/- 2cm. <\/span><span style=\"vertical-align: inherit;\">All dimensions given are measured flat.<\/span><\/span><\/p>\n<p>&nbsp;<\/p>\n<p style=\"text-align: center;\">The model has\u00a0<strong>169<\/strong>\u00a0cm tall, wears a size every day\u00a0<strong>S.<\/strong><\/p>\n<p style=\"text-align: center;\">The width at the bust is 92 cm<\/p>\n<p style=\"text-align: center;\">Waist width 62 cm<\/p>\n<p style=\"text-align: center;\">The width at the hips is 94 cm<\/p>\n<p style=\"text-align: center;\">","protected":false},"excerpt":{"rendered":"<p>Spodnie Dresowe Ocieplane Pudrowy R\u00f3\u017c Wygodny spodnie dresowe to niezast\u0105piony model, kt\u00f3ry musisz mie\u0107 w swojej szafie. Przytulny, ciep\u0142y i mega wygodny jest idealn\u0105 propozycj\u0105 na co dzie\u0144. Wysokiej jako\u015bci z grubszym, mi\u0119sistym materia\u0142em o klasycznym, prostym fasonie dzi\u0119ki czemu nasze Spodnie b\u0119d\u0105 z Tob\u0105 na lata. S\u0105 bardzo wygodne oraz \u0142atwe w \u0142\u0105czeniu, bez<\/p>\n<div class=\"klb-readmore post-buttons\"><a class=\"button black outline size-sm\" href=\"https:\/\/madelinefashion.pl\/en\/product\/spodnie-dresowe-ocieplane-pudrowy-roz\/\">Read More <i class=\"klbth-icon-right-arrow\"><\/i><\/a><\/div>","protected":false},"featured_media":60138,"template":"","meta":[],"product_brand":[],"product_cat":[83,395],"product_tag":[385,475],"class_list":{"0":"post-60210","1":"product","2":"type-product","3":"status-publish","4":"has-post-thumbnail","6":"product_cat-spodnie","7":"product_cat-nowosci","8":"product_tag-plus-size","9":"product_tag-spodnie-dlugie","11":"first","12":"instock","13":"purchasable","14":"product-type-simple"},"_links":{"self":[{"href":"https:\/\/madelinefashion.pl\/en\/wp-json\/wp\/v2\/product\/60210","targetHints":{"allow":["GET"]}}],"collection":[{"href":"https:\/\/madelinefashion.pl\/en\/wp-json\/wp\/v2\/product"}],"about":[{"href":"https:\/\/madelinefashion.pl\/en\/wp-json\/wp\/v2\/types\/product"}],"wp:featuredmedia":[{"embeddable":true,"href":"https:\/\/madelinefashion.pl\/en\/wp-json\/wp\/v2\/media\/60138"}],"wp:attachment":[{"href":"https:\/\/madelinefashion.pl\/en\/wp-json\/wp\/v2\/media?parent=60210"}],"wp:term":[{"taxonomy":"product_brand","embeddable":true,"href":"https:\/\/madelinefashion.pl\/en\/wp-json\/wp\/v2\/product_brand?post=60210"},{"taxonomy":"product_cat","embeddable":true,"href":"https:\/\/madelinefashion.pl\/en\/wp-json\/wp\/v2\/product_cat?post=60210"},{"taxonomy":"product_tag","embeddable":true,"href":"https:\/\/madelinefashion.pl\/en\/wp-json\/wp\/v2\/product_tag?post=60210"}],"curies":[{"name":"wp","href":"https:\/\/api.w.org\/{rel}","templated":true}]}}