{"id":604269,"date":"2026-05-15T11:32:30","date_gmt":"2026-05-15T09:32:30","guid":{"rendered":"https:\/\/madelinefashion.pl\/?post_type=product&#038;p=604269"},"modified":"2026-05-15T11:35:47","modified_gmt":"2026-05-15T09:35:47","slug":"sukienka-cekinowa-valencia-zlota","status":"publish","type":"product","link":"https:\/\/madelinefashion.pl\/en\/product\/sukienka-cekinowa-valencia-zlota\/","title":{"rendered":"Valencia Gold Sequin Dress"},"content":{"rendered":"<h3 style=\"text-align: center;\">Valencia Gold Sequin Dress<\/h3>\n<p style=\"text-align: center;\">Sukienka Cekinowa Valencia Z\u0142ota to wyj\u0105tkowa propozycja dla kobiet, kt\u00f3re ceni\u0105 elegancj\u0119 i efektowny styl. Model wykonany z po\u0142yskuj\u0105cych cekin\u00f3w pi\u0119knie prezentuje si\u0119 w \u015bwietle i przyci\u0105ga uwag\u0119 przy ka\u017cdej okazji.Zabudowany fason pod szyj\u0119 dodaje klasy i podkre\u015bla elegancki charakter sukienki. Dopasowany kr\u00f3j rybki idealnie eksponuje sylwetk\u0119, podkre\u015blaj\u0105c tali\u0119 oraz kobiece kszta\u0142ty. To model stworzony na wyj\u0105tkowe wyj\u015bcia \u2014 wesele, studni\u00f3wk\u0119, sylwestra, bale oraz eleganckie przyj\u0119cia.Valencia Z\u0142ota \u0142\u0105czy w sobie szyk, kobieco\u015b\u0107 i nowoczesny glamour, dzi\u0119ki czemu pozwala poczu\u0107 si\u0119 wyj\u0105tkowo i pewnie.Pokryta drobnymi cekinami, kt\u00f3re pi\u0119knie odbijaj\u0105 \u015bwiat\u0142o, zapewni Ci spektakularny efekt na weselu, balu czy uroczystej gali. <strong>Sequin Dress <\/strong>available in sizes <strong>34, 36, 38<\/strong> , <strong>40<\/strong>\u00a0 . Dresses from <strong>madelinefashion<\/strong> is an excellent choice for a wedding, prom, New Year&#039;s Eve and other elegant special events. Available in our e-shop in several color variants, so do not hesitate and choose the one that is perfect for you. If you can&#039;t decide which color, <strong>size<\/strong> is the best for you, <strong>contact us<\/strong> through <a href=\"https:\/\/www.facebook.com\/madelinefashionbutik\" target=\"_blank\" rel=\"noopener\">Facebook<\/a> or <a href=\"https:\/\/madelinefashion.pl\/en\/kontakt\/\">phone<\/a>. If the size is not available on the website, please contact us.<\/p>\n<h3 style=\"text-align: center;\">DRESS DIMENSIONS:<\/h3>\n<table width=\"556\">\n<tbody>\n<tr>\n<td><strong>SIZE<\/strong><\/td>\n<td><strong>Bust<\/strong><\/td>\n<td><strong>Waist<\/strong><\/td>\n<td><strong>Hips<\/strong><\/td>\n<\/tr>\n<tr>\n<td><strong>34<\/strong><\/td>\n<td>84-86<\/td>\n<td>64-68<\/td>\n<td>\u00a082-90<\/td>\n<\/tr>\n<tr>\n<td><strong>36<\/strong><\/td>\n<td>88-90<\/td>\n<td>68-72<\/td>\n<td>\u00a086-92<\/td>\n<\/tr>\n<tr>\n<td><strong>38<\/strong><\/td>\n<td>92-94<\/td>\n<td>72-76<\/td>\n<td>\u00a090-96<\/td>\n<\/tr>\n<tr>\n<td><strong>40<\/strong><\/td>\n<td>96-98<\/td>\n<td>76-80<\/td>\n<td>\u00a094-106<\/td>\n<\/tr>\n<\/tbody>\n<\/table>\n<p style=\"text-align: center;\">total length approx. 157 cm<\/p>\n<p style=\"text-align: center;\">The dress is also available in other colors - see our other products.<\/p>\n<p style=\"text-align: center;\">Dimensions may slightly differ from the given +\/- 2cm.<\/p>\n<p style=\"text-align: center;\"><strong>\u00a0<\/strong><\/p>\n<p>\u00a0<\/p>\n<table>\n<tbody>\n<tr>\n<td width=\"302\">Model name<\/td>\n<td width=\"302\">Valencia Gold Sequin Dress<\/td>\n<\/tr>\n<tr>\n<td width=\"302\">Color<\/td>\n<td width=\"302\">Golden<\/td>\n<\/tr>\n<tr>\n<td width=\"302\">Mark<\/td>\n<td width=\"302\">Madelinefashion<\/td>\n<\/tr>\n<tr>\n<td width=\"302\">Sizes<\/td>\n<td width=\"302\">34 36 38 40<\/td>\n<\/tr>\n<tr>\n<td width=\"302\">Fashion<\/td>\n<td width=\"302\">Matched<\/td>\n<\/tr>\n<tr>\n<td width=\"302\">Material<\/td>\n<td width=\"302\">Viscose, Polyester<\/td>\n<\/tr>\n<tr>\n<td width=\"302\">Length<\/td>\n<td width=\"302\">To the ground<\/td>\n<\/tr>\n<\/tbody>\n<\/table>\n<p>\u00a0<\/p>\n<p style=\"text-align: center;\">In order to match\u00a0<strong>perfect dresses<\/strong>\u00a0we invite you to contact us by phone or via our facebook.<br \/>\nOur team will help\u00a0<strong>Choose the right one<\/strong>\u00a0.\u00a0<strong>We can make each dress at the request of the buyer\u00a0<\/strong><strong>measure carefully.\u00a0<\/strong><\/p>\n<div class=\"additional-details\">\n<p style=\"text-align: center;\">\n<\/div>","protected":false},"excerpt":{"rendered":"<p>Sukienka Cekinowa Valencia Z\u0142ota Sukienka Cekinowa Valencia Z\u0142ota to wyj\u0105tkowa propozycja dla kobiet, kt\u00f3re ceni\u0105 elegancj\u0119 i efektowny styl. Model wykonany z po\u0142yskuj\u0105cych cekin\u00f3w pi\u0119knie prezentuje si\u0119 w \u015bwietle i przyci\u0105ga uwag\u0119 przy ka\u017cdej okazji.Zabudowany fason pod szyj\u0119 dodaje klasy i podkre\u015bla elegancki charakter sukienki. Dopasowany kr\u00f3j rybki idealnie eksponuje sylwetk\u0119, podkre\u015blaj\u0105c tali\u0119 oraz kobiece<\/p>\n<div class=\"klb-readmore post-buttons\"><a class=\"button black outline size-sm\" href=\"https:\/\/madelinefashion.pl\/en\/product\/sukienka-cekinowa-valencia-zlota\/\">Read More <i class=\"klbth-icon-right-arrow\"><\/i><\/a><\/div>","protected":false},"featured_media":604248,"template":"","meta":[],"product_brand":[],"product_cat":[395,558,569,692,124],"product_tag":[257,163,445],"class_list":{"0":"post-604269","1":"product","2":"type-product","3":"status-publish","4":"has-post-thumbnail","6":"product_cat-nowosci","7":"product_cat-sukienki-cekinowe","8":"product_cat-sukienki-dopasowane","9":"product_cat-sukienki-na-studniowke","10":"product_cat-sukienki-okolicznosciowe","11":"product_tag-madelinefashion","12":"product_tag-sukienki-dlugie","13":"product_tag-sukienki-zlote","15":"first","16":"instock","17":"purchasable","18":"product-type-variable"},"_links":{"self":[{"href":"https:\/\/madelinefashion.pl\/en\/wp-json\/wp\/v2\/product\/604269","targetHints":{"allow":["GET"]}}],"collection":[{"href":"https:\/\/madelinefashion.pl\/en\/wp-json\/wp\/v2\/product"}],"about":[{"href":"https:\/\/madelinefashion.pl\/en\/wp-json\/wp\/v2\/types\/product"}],"wp:featuredmedia":[{"embeddable":true,"href":"https:\/\/madelinefashion.pl\/en\/wp-json\/wp\/v2\/media\/604248"}],"wp:attachment":[{"href":"https:\/\/madelinefashion.pl\/en\/wp-json\/wp\/v2\/media?parent=604269"}],"wp:term":[{"taxonomy":"product_brand","embeddable":true,"href":"https:\/\/madelinefashion.pl\/en\/wp-json\/wp\/v2\/product_brand?post=604269"},{"taxonomy":"product_cat","embeddable":true,"href":"https:\/\/madelinefashion.pl\/en\/wp-json\/wp\/v2\/product_cat?post=604269"},{"taxonomy":"product_tag","embeddable":true,"href":"https:\/\/madelinefashion.pl\/en\/wp-json\/wp\/v2\/product_tag?post=604269"}],"curies":[{"name":"wp","href":"https:\/\/api.w.org\/{rel}","templated":true}]}}