{"id":604289,"date":"2026-05-15T11:45:20","date_gmt":"2026-05-15T09:45:20","guid":{"rendered":"https:\/\/madelinefashion.pl\/?post_type=product&#038;p=604289"},"modified":"2026-05-15T11:51:42","modified_gmt":"2026-05-15T09:51:42","slug":"sukienka-krotka-koronkowa-plus-size-malme","status":"publish","type":"product","link":"https:\/\/madelinefashion.pl\/en\/product\/sukienka-krotka-koronkowa-plus-size-malme\/","title":{"rendered":"Malme Plus Size Short Lace Dress"},"content":{"rendered":"<h3 style=\"text-align: center;\">Malme Plus Size Short Lace Dress<\/h3>\n<p>\u00a0<\/p>\n<div class=\"h-(--last-known-height,50vh) min-h-14\" data-turn-id-container=\"1cdebde8-c164-4ef1-8431-ee87dcff71ee\" data-is-intersecting=\"false\">\n<p class=\"relative w-full overflow-visible\" style=\"text-align: center;\">Elegancka sukienka koronkowa w odcieniu be\u017cu to wyj\u0105tkowa propozycja dla kobiet ceni\u0105cych subtelny szyk i ponadczasow\u0105 klasyk\u0119. Dopasowany fason pi\u0119knie podkre\u015bla sylwetk\u0119, a delikatna koronka nadaje ca\u0142o\u015bci niezwykle kobiecego i luksusowego charakteru.Model posiada elegancki dekolt w kszta\u0142cie litery V, kt\u00f3ry subtelnie eksponuje szyj\u0119 i wysmukla g\u00f3rn\u0105 cz\u0119\u015b\u0107 sylwetki. Kr\u00f3tkie koronkowe r\u0119kawki dodaj\u0105 lekko\u015bci i romantycznego wyko\u0144czenia. D\u0142ugo\u015b\u0107 midi sprawia, \u017ce sukienka doskonale sprawdzi si\u0119 zar\u00f3wno na rodzinne uroczysto\u015bci, jak i eleganckie przyj\u0119cia.To idealna stylizacja na wesele, komuni\u0119, chrzciny, jubileusze oraz inne wyj\u0105tkowe okazje, podczas kt\u00f3rych liczy si\u0119 elegancja i kobiecy styl.To idealna kreacja na wesela, chrzciny, komunie czy inne wyj\u0105tkowe uroczysto\u015bci \u2013 wsz\u0119dzie tam, gdzie chcesz wygl\u0105da\u0107 ol\u015bniewaj\u0105co i czu\u0107 si\u0119 komfortowo przez ca\u0142y dzie\u0144.Wygodna, lekko elastyczna, \u015bwietnie dopasowuj\u0105ca si\u0119 do sylwetki. Model sukni wysmuklaj\u0105cy, zaprojektowany z my\u015bl\u0105 o sylwetkach <strong>PLUS SIZE<\/strong>. Dost\u0119pna w rozmiarach\u00a0<strong> 48 50 52<\/strong> . Dost\u0119pna w naszym e-sklepie w kilku wariantach kolorystycznych, wi\u0119c nie wahaj si\u0119 i wybierz ten, kt\u00f3ry jest dla Ciebie idealny. Je\u015bli nie mo\u017cesz zdecydowa\u0107, kt\u00f3ry kolor, rozmiar jest dla Ciebie najlepszy, skontaktuj si\u0119 z nami za po\u015brednictwem <a href=\"https:\/\/www.facebook.com\/madelinefashionbutik\" target=\"_blank\" rel=\"noopener\">Facebook<\/a> or <a href=\"https:\/\/madelinefashion.pl\/en\/kontakt\/\">phone<\/a>. If the size is not available on the website, please contact us.<\/p>\n<\/div>\n<h3 style=\"text-align: center;\">DRESS DIMENSIONS:<\/h3>\n<table class=\"aligncenter\" width=\"338\">\n<tbody>\n<tr>\n<td><strong>SIZE<\/strong><\/td>\n<td><strong>Bust<\/strong><\/td>\n<td><strong>Waist<\/strong><\/td>\n<td><strong>Hips<\/strong><\/td>\n<\/tr>\n<tr>\n<td><strong>48<\/strong><\/td>\n<td>110-120<\/td>\n<td>96-104<\/td>\n<td>\u00a0116-124<\/td>\n<\/tr>\n<tr>\n<td><strong>50<\/strong><\/td>\n<td>112-122<\/td>\n<td>100-108<\/td>\n<td>\u00a0120-128<\/td>\n<\/tr>\n<tr>\n<td><strong>52<\/strong><\/td>\n<td>116-126<\/td>\n<td>104-112<\/td>\n<td>\u00a0124-132<\/td>\n<\/tr>\n<\/tbody>\n<\/table>\n<p style=\"text-align: center;\"><span style=\"font-size: 10pt;\">total length approx. 134 cm\u00a0\u00a0<\/span><\/p>\n<p style=\"text-align: center;\"><span style=\"font-size: 10pt;\">The dress is also available in <strong>other color variants<\/strong> - we encourage you to familiarize yourself with our other products.\u00a0<\/span><\/p>\n<p style=\"text-align: center;\"><span style=\"font-size: 10pt;\">Dimensions may slightly differ from the given +\/- 2cm.\u00a0<\/span><\/p>\n<p style=\"text-align: center;\"><span style=\"font-size: 10pt;\"><strong>\u00a0<\/strong>\u00a0<\/span><\/p>\n<table width=\"618\">\n<tbody>\n<tr>\n<td width=\"302\">Model name<\/td>\n<td width=\"302\">Malme Plus Size Short Lace Dress<\/td>\n<\/tr>\n<tr>\n<td width=\"302\">Color<\/td>\n<td width=\"302\">Beige<\/td>\n<\/tr>\n<tr>\n<td width=\"302\">Cleavage<\/td>\n<td width=\"302\">\u201e&quot;AT&quot;\u201d<\/td>\n<\/tr>\n<tr>\n<td width=\"302\">Sizes<\/td>\n<td width=\"302\">\u00a048 50 52<\/td>\n<\/tr>\n<tr>\n<td width=\"302\">Fashion<\/td>\n<td width=\"302\">Flared<\/td>\n<\/tr>\n<tr>\n<td width=\"302\">Material<\/td>\n<td width=\"302\">Viscose, Polyester<\/td>\n<\/tr>\n<tr>\n<td width=\"302\">Length<\/td>\n<td width=\"302\">Over the knee<\/td>\n<\/tr>\n<\/tbody>\n<\/table>\n<p style=\"text-align: center;\"><span style=\"font-size: 10pt;\">\u00a0<\/span><\/p>\n<p>\u00a0<\/p>\n<p style=\"text-align: center;\"><span style=\"font-size: 10pt;\">In order to match <strong>perfect dresses<\/strong> we invite you to contact us by phone or contact us <a href=\"https:\/\/www.facebook.com\/madelinefashionbutik\" target=\"_blank\" rel=\"noopener\">Facebook<\/a> .<\/span><br \/>\n<span style=\"font-size: 10pt;\">Our team will help <strong>Choose the right one<\/strong> . <strong>We can make each dress at the request of the buyer\u00a0<\/strong><strong>measure carefully.\u00a0<\/strong><\/span><\/p>\n<div class=\"additional-details\" style=\"text-align: center;\">\n<p style=\"text-align: center;\"><span style=\"font-size: 10pt;\">\u00a0<\/span><\/p>\n<\/div>","protected":false},"excerpt":{"rendered":"<p>Sukienka Kr\u00f3tka Koronkowa Plus Size Malme \u00a0 Elegancka sukienka koronkowa w odcieniu be\u017cu to wyj\u0105tkowa propozycja dla kobiet ceni\u0105cych subtelny szyk i ponadczasow\u0105 klasyk\u0119. Dopasowany fason pi\u0119knie podkre\u015bla sylwetk\u0119, a delikatna koronka nadaje ca\u0142o\u015bci niezwykle kobiecego i luksusowego charakteru.Model posiada elegancki dekolt w kszta\u0142cie litery V, kt\u00f3ry subtelnie eksponuje szyj\u0119 i wysmukla g\u00f3rn\u0105 cz\u0119\u015b\u0107 sylwetki.<\/p>\n<div class=\"klb-readmore post-buttons\"><a class=\"button black outline size-sm\" href=\"https:\/\/madelinefashion.pl\/en\/product\/sukienka-krotka-koronkowa-plus-size-malme\/\">Read More <i class=\"klbth-icon-right-arrow\"><\/i><\/a><\/div>","protected":false},"featured_media":604253,"template":"","meta":[],"product_brand":[],"product_cat":[124,395,560,564],"product_tag":[385,212],"class_list":{"0":"post-604289","1":"product","2":"type-product","3":"status-publish","4":"has-post-thumbnail","6":"product_cat-sukienki-okolicznosciowe","7":"product_cat-nowosci","8":"product_cat-sukienki-brokatowe","9":"product_cat-sukienki-plus-size","10":"product_tag-plus-size","11":"product_tag-sukienki-bezowe","13":"first","14":"instock","15":"purchasable","16":"product-type-variable"},"_links":{"self":[{"href":"https:\/\/madelinefashion.pl\/en\/wp-json\/wp\/v2\/product\/604289","targetHints":{"allow":["GET"]}}],"collection":[{"href":"https:\/\/madelinefashion.pl\/en\/wp-json\/wp\/v2\/product"}],"about":[{"href":"https:\/\/madelinefashion.pl\/en\/wp-json\/wp\/v2\/types\/product"}],"wp:featuredmedia":[{"embeddable":true,"href":"https:\/\/madelinefashion.pl\/en\/wp-json\/wp\/v2\/media\/604253"}],"wp:attachment":[{"href":"https:\/\/madelinefashion.pl\/en\/wp-json\/wp\/v2\/media?parent=604289"}],"wp:term":[{"taxonomy":"product_brand","embeddable":true,"href":"https:\/\/madelinefashion.pl\/en\/wp-json\/wp\/v2\/product_brand?post=604289"},{"taxonomy":"product_cat","embeddable":true,"href":"https:\/\/madelinefashion.pl\/en\/wp-json\/wp\/v2\/product_cat?post=604289"},{"taxonomy":"product_tag","embeddable":true,"href":"https:\/\/madelinefashion.pl\/en\/wp-json\/wp\/v2\/product_tag?post=604289"}],"curies":[{"name":"wp","href":"https:\/\/api.w.org\/{rel}","templated":true}]}}