{"id":604302,"date":"2026-05-15T11:54:48","date_gmt":"2026-05-15T09:54:48","guid":{"rendered":"https:\/\/madelinefashion.pl\/?post_type=product&#038;p=604302"},"modified":"2026-05-15T12:48:11","modified_gmt":"2026-05-15T10:48:11","slug":"sukienka-z-dlugim-rekawem-krotka-koronkowa-pudrowy-roz","status":"publish","type":"product","link":"https:\/\/madelinefashion.pl\/en\/product\/sukienka-z-dlugim-rekawem-krotka-koronkowa-pudrowy-roz\/","title":{"rendered":"Long Sleeve Short Lace Dress Powder Pink"},"content":{"rendered":"<h3 style=\"text-align: center;\">Long Sleeve Short Lace Dress Powder Pink<\/h3>\n<p style=\"text-align: center;\" data-start=\"0\" data-end=\"224\">Koronkowa sukienka mini w odcieniu pudrowego r\u00f3\u017cu to niezwykle kobieca i elegancka propozycja na wyj\u0105tkowe okazje. Delikatna koronka w po\u0142\u0105czeniu z romantycznym fasonem tworzy subteln\u0105, a jednocze\u015bnie efektown\u0105 stylizacj\u0119.Model posiada kopertowy dekolt w kszta\u0142cie litery V, kt\u00f3ry pi\u0119knie podkre\u015bla szyj\u0119 i dekolt. D\u0142ugie koronkowe r\u0119kawy dodaj\u0105 elegancji i lekko\u015bci, a marszczenie w talii doskonale modeluje sylwetk\u0119. Zwiewny d\u00f3\u0142 z falban\u0105 nadaje sukience dziewcz\u0119cego uroku i sprawia, \u017ce ca\u0142o\u015b\u0107 prezentuje si\u0119 niezwykle stylowo.To idealna propozycja na wesele, chrzciny, komuni\u0119, romantyczn\u0105 kolacj\u0119 oraz wszelkie eleganckie uroczysto\u015bci.<\/p>\n<h3 style=\"text-align: center;\">DRESS DIMENSIONS:<\/h3>\n<div class=\"additional-details\" style=\"text-align: center;\">\n<table width=\"556\">\n<tbody>\n<tr>\n<td width=\"205\"><strong>SIZE<\/strong><\/td>\n<td><strong>Bust<\/strong><\/td>\n<td><strong>Waist<\/strong><\/td>\n<td><strong>Hips<\/strong><\/td>\n<\/tr>\n<tr>\n<td width=\"205\"><strong>36<\/strong><\/td>\n<td>88-94<\/td>\n<td>68<\/td>\n<td>\u00a0any<\/td>\n<\/tr>\n<tr>\n<td width=\"205\"><strong>38<\/strong><\/td>\n<td>92-96<\/td>\n<td>72<\/td>\n<td>\u00a0any<\/td>\n<\/tr>\n<tr>\n<td width=\"205\"><strong>40<\/strong><\/td>\n<td>96-102<\/td>\n<td>76<\/td>\n<td>\u00a0any<\/td>\n<\/tr>\n<\/tbody>\n<\/table>\n<p>\u00a0<\/p>\n<\/div>\n<p style=\"text-align: center;\"><span style=\"font-size: 10pt;\">total length approx. 90 cm <\/span>(the dress can be shortened on your own)<\/p>\n<p style=\"text-align: center;\"><span style=\"font-size: 10pt;\">Dimensions may slightly differ from the given +\/- 2cm.\u00a0<\/span><\/p>\n<p style=\"text-align: center;\"><span style=\"font-size: 10pt;\"><strong>\u00a0<\/strong>\u00a0<\/span><\/p>\n<table width=\"620\">\n<tbody>\n<tr>\n<td width=\"302\">Model name<\/td>\n<td width=\"302\">Long Sleeve Short Lace Dress Powder Pink<\/td>\n<\/tr>\n<tr>\n<td width=\"302\">Color<\/td>\n<td width=\"302\">Powder Pink<\/td>\n<\/tr>\n<tr>\n<td width=\"302\">Sleeve<\/td>\n<td width=\"302\">Not<\/td>\n<\/tr>\n<tr>\n<td width=\"302\">Sizes<\/td>\n<td width=\"302\">36 38 40<\/td>\n<\/tr>\n<tr>\n<td width=\"302\">Fashion<\/td>\n<td width=\"302\">Straight<\/td>\n<\/tr>\n<tr>\n<td width=\"302\">Material<\/td>\n<td width=\"302\">Viscose, Polyester<\/td>\n<\/tr>\n<tr>\n<td width=\"302\">Length<\/td>\n<td width=\"302\">Before the Knee<\/td>\n<\/tr>\n<\/tbody>\n<\/table>\n<p style=\"text-align: center;\">We invite you to our wedding dress salon, located at 2 Moniuszki Street in the heart of Konstantyn\u00f3w \u0141\u00f3dzki. In our professional salon, you&#039;ll find a wide selection of wedding dresses that will fulfill your deepest dreams of a perfect day. A team of experienced consultants will help you choose the perfect gown, tailored to your expectations and figure. We cordially invite you to visit \u2013 see how special your day can be!<\/p>\n<p style=\"text-align: center;\"><span style=\"font-size: 10pt;\">\u00a0<\/span><\/p>\n<p style=\"text-align: center;\"><span style=\"font-size: 10pt;\">In order to match <strong>perfect dresses<\/strong> we invite you to contact us by phone or contact us <a href=\"https:\/\/www.facebook.com\/madelinefashionbutik\" target=\"_blank\" rel=\"noopener\">Facebook<\/a> .<\/span><br \/>\n<span style=\"font-size: 10pt;\">Our team will help <strong>Choose the right one<\/strong> . <strong>We can make each dress at the request of the buyer\u00a0<\/strong><strong>measure carefully.\u00a0<\/strong><\/span><\/p>\n<div class=\"additional-details\" style=\"text-align: center;\">\n<p style=\"text-align: center;\"><span style=\"font-size: 10pt;\">\u00a0<\/span><\/p>\n<\/div>","protected":false},"excerpt":{"rendered":"<p>Sukienka Z d\u0142ugim R\u0119kawem Kr\u00f3tka Koronkowa Pudrowy R\u00f3\u017c Koronkowa sukienka mini w odcieniu pudrowego r\u00f3\u017cu to niezwykle kobieca i elegancka propozycja na wyj\u0105tkowe okazje. Delikatna koronka w po\u0142\u0105czeniu z romantycznym fasonem tworzy subteln\u0105, a jednocze\u015bnie efektown\u0105 stylizacj\u0119.Model posiada kopertowy dekolt w kszta\u0142cie litery V, kt\u00f3ry pi\u0119knie podkre\u015bla szyj\u0119 i dekolt. D\u0142ugie koronkowe r\u0119kawy dodaj\u0105 elegancji<\/p>\n<div class=\"klb-readmore post-buttons\"><a class=\"button black outline size-sm\" href=\"https:\/\/madelinefashion.pl\/en\/product\/sukienka-z-dlugim-rekawem-krotka-koronkowa-pudrowy-roz\/\">Read More <i class=\"klbth-icon-right-arrow\"><\/i><\/a><\/div>","protected":false},"featured_media":604276,"template":"","meta":[],"product_brand":[],"product_cat":[124,568,566,632],"product_tag":[219,262],"class_list":{"0":"post-604302","1":"product","2":"type-product","3":"status-publish","4":"has-post-thumbnail","6":"product_cat-sukienki-okolicznosciowe","7":"product_cat-sukienki-rozkloszowane-szyfonowe","8":"product_cat-suknie-slubne","9":"product_cat-suknie-slubne-rozkloszowane","10":"product_tag-sukienka-biala","11":"product_tag-sukienki-krotkie","13":"first","14":"instock","15":"purchasable","16":"product-type-variable"},"_links":{"self":[{"href":"https:\/\/madelinefashion.pl\/en\/wp-json\/wp\/v2\/product\/604302","targetHints":{"allow":["GET"]}}],"collection":[{"href":"https:\/\/madelinefashion.pl\/en\/wp-json\/wp\/v2\/product"}],"about":[{"href":"https:\/\/madelinefashion.pl\/en\/wp-json\/wp\/v2\/types\/product"}],"wp:featuredmedia":[{"embeddable":true,"href":"https:\/\/madelinefashion.pl\/en\/wp-json\/wp\/v2\/media\/604276"}],"wp:attachment":[{"href":"https:\/\/madelinefashion.pl\/en\/wp-json\/wp\/v2\/media?parent=604302"}],"wp:term":[{"taxonomy":"product_brand","embeddable":true,"href":"https:\/\/madelinefashion.pl\/en\/wp-json\/wp\/v2\/product_brand?post=604302"},{"taxonomy":"product_cat","embeddable":true,"href":"https:\/\/madelinefashion.pl\/en\/wp-json\/wp\/v2\/product_cat?post=604302"},{"taxonomy":"product_tag","embeddable":true,"href":"https:\/\/madelinefashion.pl\/en\/wp-json\/wp\/v2\/product_tag?post=604302"}],"curies":[{"name":"wp","href":"https:\/\/api.w.org\/{rel}","templated":true}]}}