{"id":60701,"date":"2022-09-30T12:18:29","date_gmt":"2022-09-30T10:18:29","guid":{"rendered":"https:\/\/madelinefashion.pl\/?post_type=product&#038;p=60701"},"modified":"2025-02-18T09:53:14","modified_gmt":"2025-02-18T08:53:14","slug":"body-przezroczyste-z-golfem-dlugi-rekaw-bezowe","status":"publish","type":"product","link":"https:\/\/madelinefashion.pl\/en\/product\/body-przezroczyste-z-golfem-dlugi-rekaw-bezowe\/","title":{"rendered":"Transparent Bodysuit with Turtleneck Long Sleeve Beige"},"content":{"rendered":"<h3 style=\"text-align: center;\">Transparent Bodysuit with Turtleneck Long Sleeve Beige<\/h3>\n<p>Let our sexy body become the perfect complement to your styling. Delicate, cotton material and a built-up turtleneck top is a combination that will allow you to use them not only as sexy underwear, but also as the top of your everyday outfit. Body made of light and pleasant to the touch fabric. Selected for many styles. <strong>A model you will fall in love with<\/strong>. You can wear them with shorts, skirts and even leather pants. European product, very good quality. Perfect for school, work, a date or a meeting with friends! <strong>Perfect for any time and occasion!\u00a0<\/strong><\/p>\n<h3 style=\"text-align: center;\">Dimensions<\/h3>\n<p style=\"text-align: center;\"><strong>SIZE S \/ M<\/strong><\/p>\n<ul>\n<li style=\"text-align: center;\">overall length: 72 cm<\/li>\n<li style=\"text-align: center;\">width from armpit to armpit: 40-50cm<\/li>\n<li style=\"text-align: center;\">waist width: 35-48 cm<\/li>\n<li style=\"text-align: center;\">sleeve length from armpit: 44 cm<\/li>\n<li style=\"text-align: center;\">sleeve length from the shoulder: 60 cm<\/li>\n<\/ul>\n<p>&nbsp;<\/p>\n<p style=\"text-align: center;\"><strong>SIZE M \/ L<\/strong><\/p>\n<ul>\n<li style=\"text-align: center;\">overall length: 74 cm<\/li>\n<li style=\"text-align: center;\">width from armpit to armpit: 44-53 cm<\/li>\n<li style=\"text-align: center;\">waist width: 37-50 cm<\/li>\n<li style=\"text-align: center;\">sleeve length from armpit: 47 cm<\/li>\n<li style=\"text-align: center;\">sleeve length from shoulder: 64 cm<\/li>\n<li><\/li>\n<\/ul>\n<p>&nbsp;<\/p>\n<p style=\"text-align: center;\">Dimensions may slightly differ from the given +\/- 2cm. All dimensions given are measured flat. <strong>X2 dimension<\/strong><\/p>\n<p style=\"text-align: center;\"><strong>\u00a0<\/strong><\/p>\n<table width=\"623\">\n<tbody>\n<tr>\n<td width=\"302\">Model name<\/td>\n<td width=\"302\">Transparent Bodysuit with Turtleneck Long Sleeve<\/td>\n<\/tr>\n<tr>\n<td width=\"302\">Color<\/td>\n<td width=\"302\">Without<\/td>\n<\/tr>\n<tr>\n<td width=\"302\">Collection<\/td>\n<td width=\"302\">Spring Summer Autumn Winter<\/td>\n<\/tr>\n<tr>\n<td width=\"302\">Sizes<\/td>\n<td width=\"302\">S \/ MM \/ L<\/td>\n<\/tr>\n<tr>\n<td width=\"302\">Fashion<\/td>\n<td width=\"302\">Close-fitting \/ panties<\/td>\n<\/tr>\n<tr>\n<td width=\"302\">Cleavage<\/td>\n<td width=\"302\">Golf<\/td>\n<\/tr>\n<tr>\n<td width=\"302\">Bust stiffening cups<\/td>\n<td width=\"302\">Not<\/td>\n<\/tr>\n<tr>\n<td width=\"302\">Material<\/td>\n<td width=\"302\">Composition: 90% cotton 10% Spandex<\/td>\n<\/tr>\n<\/tbody>\n<\/table>\n<p style=\"text-align: center;\">\u00a0The model has\u00a0<strong>169<\/strong>\u00a0cm tall, wears a size every day\u00a0<strong>S.<\/strong><\/p>\n<p style=\"text-align: center;\">The width at the bust is 92 cm<\/p>\n<p style=\"text-align: center;\">Waist width 62 cm<\/p>\n<p style=\"text-align: center;\">The width at the hips is 94 cm<\/p>","protected":false},"excerpt":{"rendered":"<p>Body Przezroczyste z Golfem D\u0142ugi R\u0119kaw Be\u017cowe Pozw\u00f3l by nasze seksowne body sta\u0142o si\u0119 idealnym dope\u0142nieniem Twojej stylizacji. Delikatny, bawe\u0142niany materia\u0142 i zabudowana g\u00f3ra z golfem to kombinacja, kt\u00f3ra pozwoli Ci wykorzysta\u0107 je nie tylko jako seksown\u0105 bielizn\u0119, ale tak\u017ce jako g\u00f3r\u0119 codziennego outfitu. Body wykonane z lekkiej i przyjemnej w dotyku tkaniny. Wybierane do<\/p>\n<div class=\"klb-readmore post-buttons\"><a class=\"button black outline size-sm\" href=\"https:\/\/madelinefashion.pl\/en\/product\/body-przezroczyste-z-golfem-dlugi-rekaw-bezowe\/\">Read More <i class=\"klbth-icon-right-arrow\"><\/i><\/a><\/div>","protected":false},"featured_media":60681,"template":"","meta":[],"product_brand":[],"product_cat":[84,395],"product_tag":[],"class_list":{"0":"post-60701","1":"product","2":"type-product","3":"status-publish","4":"has-post-thumbnail","6":"product_cat-body","7":"product_cat-nowosci","9":"first","10":"outofstock","11":"product-type-variable"},"_links":{"self":[{"href":"https:\/\/madelinefashion.pl\/en\/wp-json\/wp\/v2\/product\/60701","targetHints":{"allow":["GET"]}}],"collection":[{"href":"https:\/\/madelinefashion.pl\/en\/wp-json\/wp\/v2\/product"}],"about":[{"href":"https:\/\/madelinefashion.pl\/en\/wp-json\/wp\/v2\/types\/product"}],"wp:featuredmedia":[{"embeddable":true,"href":"https:\/\/madelinefashion.pl\/en\/wp-json\/wp\/v2\/media\/60681"}],"wp:attachment":[{"href":"https:\/\/madelinefashion.pl\/en\/wp-json\/wp\/v2\/media?parent=60701"}],"wp:term":[{"taxonomy":"product_brand","embeddable":true,"href":"https:\/\/madelinefashion.pl\/en\/wp-json\/wp\/v2\/product_brand?post=60701"},{"taxonomy":"product_cat","embeddable":true,"href":"https:\/\/madelinefashion.pl\/en\/wp-json\/wp\/v2\/product_cat?post=60701"},{"taxonomy":"product_tag","embeddable":true,"href":"https:\/\/madelinefashion.pl\/en\/wp-json\/wp\/v2\/product_tag?post=60701"}],"curies":[{"name":"wp","href":"https:\/\/api.w.org\/{rel}","templated":true}]}}