{"id":61316,"date":"2022-10-06T10:08:59","date_gmt":"2022-10-06T08:08:59","guid":{"rendered":"https:\/\/madelinefashion.pl\/?post_type=product&#038;p=61316"},"modified":"2026-02-20T14:57:44","modified_gmt":"2026-02-20T13:57:44","slug":"sweter-krotki-z-golfem-w-warkocze-pari-bezowy","status":"publish","type":"product","link":"https:\/\/madelinefashion.pl\/en\/product\/sweter-krotki-z-golfem-w-warkocze-pari-bezowy\/","title":{"rendered":"Short Turtleneck Sweater with Braids Pari Beige"},"content":{"rendered":"<h2 style=\"text-align: center;\">Short Turtleneck Sweater with Braids Pari Beige<\/h2>\n<p style=\"text-align: center;\">Long-sleeved turtleneck sweater with a braid weave. Perfect sweater <strong>adapts to the figure<\/strong> and complements any outfit. A sweater perfect for colder days. The size is <strong>universal<\/strong>\u00a0fits perfectly with\u00a0<strong>S, M, L<\/strong>\u00a0, in the case of a larger size, we recommend careful measurement according to the dimension table below. In our online store you will find this product in a variety of colors for an unbeatable price <strong>low price<\/strong>. Therefore, do not hesitate and order as soon as possible. If you have any additional questions about this product, please do not hesitate to contact us by phone or via Facebook.<\/p>\n<p style=\"text-align: center;\">\u00a0.<\/p>\n<h3 style=\"text-align: center;\">Dimensions :<\/h3>\n<ul style=\"text-align: center;\">\n<li>From armpit to armpit 47-56 cm<\/li>\n<li>Overall length 67 cm<\/li>\n<li>Sleeve length from armpit 51 cm<\/li>\n<li>Sleeve length from shoulder 70 cm<\/li>\n<li>Recommended max. bust circumference 100 cm<\/li>\n<\/ul>\n<p style=\"text-align: center;\">Dimensions may slightly differ from the given +\/- 2cm. All dimensions given are measured flat.<strong>\u00a0<\/strong><\/p>\n<table width=\"355\">\n<tbody>\n<tr>\n<td width=\"302\">Model name<\/td>\n<td width=\"302\">Pari<\/td>\n<\/tr>\n<tr>\n<td width=\"302\">Collection<\/td>\n<td width=\"302\">Spring \/ Autumn \/ Winter<\/td>\n<\/tr>\n<tr>\n<td width=\"302\">Sizes<\/td>\n<td width=\"302\">Universal<\/td>\n<\/tr>\n<tr>\n<td width=\"302\">Color<\/td>\n<td width=\"302\">Without<\/td>\n<\/tr>\n<tr>\n<td width=\"302\">Dekold<\/td>\n<td width=\"302\">Golf<\/td>\n<\/tr>\n<tr>\n<td width=\"302\"><\/td>\n<td width=\"302\"><\/td>\n<\/tr>\n<\/tbody>\n<\/table>\n<div class=\"rte\" style=\"text-align: center;\">\n<p>The model has\u00a0<strong>169<\/strong>\u00a0cm tall, wears a size every day\u00a0<strong>S.<\/strong><\/p>\n<p>The width at the bust is 92 cm<\/p>\n<p>Waist width 62 cm<\/p>\n<p>The width at the hips is 94 cm<\/p>\n<\/div>\n<p style=\"text-align: center;\">","protected":false},"excerpt":{"rendered":"<p>Sweter Kr\u00f3tki z Golfem w Warkocze Pari Be\u017cowy Sweterek z golfem z d\u0142ugim r\u0119kawem o splocie w warkocze. Sweter\u00a0 idealnie dopasowuje si\u0119 do sylwetki i uzupe\u0142nia ka\u017cd\u0105 stylizacj\u0119. Sweter idealny na ch\u0142odniejsze dni. Rozmiar jest uniwersalny\u00a0, idealnie pasuje do\u00a0S, M, L\u00a0, w przypadku wi\u0119kszego rozmiaru zalecamy dok\u0142adny pomiar wed\u0142ug poni\u017cszej tabeli wymiar\u00f3w. W naszym sklepie<\/p>\n<div class=\"klb-readmore post-buttons\"><a class=\"button black outline size-sm\" href=\"https:\/\/madelinefashion.pl\/en\/product\/sweter-krotki-z-golfem-w-warkocze-pari-bezowy\/\">Read More <i class=\"klbth-icon-right-arrow\"><\/i><\/a><\/div>","protected":false},"featured_media":61155,"template":"","meta":[],"product_brand":[],"product_cat":[78,395],"product_tag":[],"class_list":{"0":"post-61316","1":"product","2":"type-product","3":"status-publish","4":"has-post-thumbnail","6":"product_cat-swetry-damskie","7":"product_cat-nowosci","9":"first","10":"instock","11":"purchasable","12":"product-type-simple"},"_links":{"self":[{"href":"https:\/\/madelinefashion.pl\/en\/wp-json\/wp\/v2\/product\/61316","targetHints":{"allow":["GET"]}}],"collection":[{"href":"https:\/\/madelinefashion.pl\/en\/wp-json\/wp\/v2\/product"}],"about":[{"href":"https:\/\/madelinefashion.pl\/en\/wp-json\/wp\/v2\/types\/product"}],"wp:featuredmedia":[{"embeddable":true,"href":"https:\/\/madelinefashion.pl\/en\/wp-json\/wp\/v2\/media\/61155"}],"wp:attachment":[{"href":"https:\/\/madelinefashion.pl\/en\/wp-json\/wp\/v2\/media?parent=61316"}],"wp:term":[{"taxonomy":"product_brand","embeddable":true,"href":"https:\/\/madelinefashion.pl\/en\/wp-json\/wp\/v2\/product_brand?post=61316"},{"taxonomy":"product_cat","embeddable":true,"href":"https:\/\/madelinefashion.pl\/en\/wp-json\/wp\/v2\/product_cat?post=61316"},{"taxonomy":"product_tag","embeddable":true,"href":"https:\/\/madelinefashion.pl\/en\/wp-json\/wp\/v2\/product_tag?post=61316"}],"curies":[{"name":"wp","href":"https:\/\/api.w.org\/{rel}","templated":true}]}}