{"id":61337,"date":"2022-10-06T11:25:26","date_gmt":"2022-10-06T09:25:26","guid":{"rendered":"https:\/\/madelinefashion.pl\/?post_type=product&#038;p=61337"},"modified":"2026-03-05T12:02:11","modified_gmt":"2026-03-05T11:02:11","slug":"plaszcz-teddy-brazowy","status":"publish","type":"product","link":"https:\/\/madelinefashion.pl\/en\/product\/plaszcz-teddy-brazowy\/","title":{"rendered":"Brown teddy coat"},"content":{"rendered":"<h3 style=\"text-align: center;\">Brown teddy coat<\/h3>\n<p style=\"text-align: center;\"><strong>Brown teddy coat <\/strong>fastened with a button it&#039;s real <strong>season hit<\/strong>. It is a combination of elegance, modernity and functionality - the coat fits every figure and style. Made of a very fashionable and extremely pleasant material. Stylish women&#039;s coat carefully sewn with <strong>warm and pleasant to the touch<\/strong> fabrics. <strong>Teddy coat <\/strong>\u00a0this model with a straight cut will mask the imperfections of the figure and, at the same time, will allow for freedom of movement. Warm, perfect for fall and spring. Oversized, loose cut suitable for elegant, casual and sporty styling. The cape has <strong>pockets<\/strong> on the sides. The coat has a lining. You can combine it with our jeans or matching skirts. Ours in every issue <strong>coat <\/strong>it will look impressive. Our coat is a treasure in a woman&#039;s wardrobe, necessarily <strong>you have to have it. <\/strong><strong>The coat is perfect for any occasion.<\/strong>\u00a0In our online store you will find a large selection of coats for unbeatable prices <strong>low price. <\/strong>Suitable for any style, for everyday wear, but thanks to the right accessories, you can also create an original outfit for the evening<strong>an omantic walk and a business trip<\/strong>. The model is suitable for ladies wearing size <strong>SML XL<\/strong><strong>\u00a0 . Add a fashionable outerwear to your order and stand out from the crowd with an original look for the fall \/ winter season.<\/strong><\/p>\n<h3 style=\"text-align: center;\">Coat dimensions:<\/h3>\n<ul style=\"text-align: center;\">\n<li>Total length: 112 cm<\/li>\n<li>Width from armpit to armpit: 57 cm x2<\/li>\n<li>Max bust circumference: 114 cm<\/li>\n<li>Sleeve length from the shoulder: 58 cm<br \/>\nSleeve length from armpit: 44 cm<\/li>\n<\/ul>\n<p style=\"text-align: center;\">Dimensions may slightly differ from the given +\/- 2cm. All dimensions given are measured flat.<\/p>\n<p style=\"text-align: center;\"><strong>\u00a0<\/strong><\/p>\n<table width=\"499\">\n<tbody>\n<tr>\n<td width=\"302\">Model name<\/td>\n<td width=\"302\">Teddy coat<\/td>\n<\/tr>\n<tr>\n<td width=\"302\">Color<\/td>\n<td width=\"302\">Brown<\/td>\n<\/tr>\n<tr>\n<td width=\"302\">Collection<\/td>\n<td width=\"302\">Spring \/ Autumn \/ Winter<\/td>\n<\/tr>\n<tr>\n<td width=\"302\">Sizes<\/td>\n<td width=\"302\">Universal<\/td>\n<\/tr>\n<tr>\n<td width=\"302\">Fashion<\/td>\n<td width=\"302\">Oversize<\/td>\n<\/tr>\n<tr>\n<td width=\"302\">Hood<\/td>\n<td width=\"302\">Not<\/td>\n<\/tr>\n<tr>\n<td width=\"302\">Fastening<\/td>\n<td width=\"302\">Button<\/td>\n<\/tr>\n<tr>\n<td width=\"302\">Material<\/td>\n<td width=\"302\">100 % polyester<\/td>\n<\/tr>\n<\/tbody>\n<\/table>\n<p style=\"text-align: center;\">\u00a0The model has\u00a0<strong>169<\/strong>\u00a0cm tall, wears a size every day\u00a0<strong>S.<\/strong><\/p>\n<p style=\"text-align: center;\">The width at the bust is 92 cm<\/p>\n<p style=\"text-align: center;\">Waist width 62 cm<\/p>\n<p style=\"text-align: center;\">The width at the hips is 94 cm<\/p>\n<section class=\"related products mb-80\"><\/section>","protected":false},"excerpt":{"rendered":"<p>P\u0142aszcz Teddy Br\u0105zowy P\u0142aszcz Teddy Br\u0105zowy zapinany na guzik\u00a0 to prawdziwy hit sezonu. Jest to po\u0142\u0105czenie elegancji, nowoczesno\u015bci i funkcjonalno\u015bci \u2013p\u0142aszczyk wpisuje si\u0119 w ka\u017cd\u0105 sylwetk\u0119 i stylizacj\u0119. Wykonany z bardzo modnego i niezwykle przyjemnego materia\u0142u . Stylowy p\u0142aszcz damski starannie uszyty z ciep\u0142ej i przyjemnej w dotyku tkaniny. P\u0142aszcz Teddy \u00a0to model o prostym<\/p>\n<div class=\"klb-readmore post-buttons\"><a class=\"button black outline size-sm\" href=\"https:\/\/madelinefashion.pl\/en\/product\/plaszcz-teddy-brazowy\/\">Read More <i class=\"klbth-icon-right-arrow\"><\/i><\/a><\/div>","protected":false},"featured_media":61233,"template":"","meta":[],"product_brand":[],"product_cat":[118,120],"product_tag":[],"class_list":{"0":"post-61337","1":"product","2":"type-product","3":"status-publish","4":"has-post-thumbnail","6":"product_cat-plaszcze","7":"product_cat-plaszcze-dlugie","9":"first","10":"instock","11":"sale","12":"purchasable","13":"product-type-simple"},"_links":{"self":[{"href":"https:\/\/madelinefashion.pl\/en\/wp-json\/wp\/v2\/product\/61337","targetHints":{"allow":["GET"]}}],"collection":[{"href":"https:\/\/madelinefashion.pl\/en\/wp-json\/wp\/v2\/product"}],"about":[{"href":"https:\/\/madelinefashion.pl\/en\/wp-json\/wp\/v2\/types\/product"}],"wp:featuredmedia":[{"embeddable":true,"href":"https:\/\/madelinefashion.pl\/en\/wp-json\/wp\/v2\/media\/61233"}],"wp:attachment":[{"href":"https:\/\/madelinefashion.pl\/en\/wp-json\/wp\/v2\/media?parent=61337"}],"wp:term":[{"taxonomy":"product_brand","embeddable":true,"href":"https:\/\/madelinefashion.pl\/en\/wp-json\/wp\/v2\/product_brand?post=61337"},{"taxonomy":"product_cat","embeddable":true,"href":"https:\/\/madelinefashion.pl\/en\/wp-json\/wp\/v2\/product_cat?post=61337"},{"taxonomy":"product_tag","embeddable":true,"href":"https:\/\/madelinefashion.pl\/en\/wp-json\/wp\/v2\/product_tag?post=61337"}],"curies":[{"name":"wp","href":"https:\/\/api.w.org\/{rel}","templated":true}]}}