{"id":6157,"date":"2021-03-21T23:19:14","date_gmt":"2021-03-21T22:19:14","guid":{"rendered":"https:\/\/madelinefashion.pl\/?post_type=product&#038;p=6157"},"modified":"2026-01-20T10:34:42","modified_gmt":"2026-01-20T09:34:42","slug":"bluzka-mickey-mouse-komix","status":"publish","type":"product","link":"https:\/\/madelinefashion.pl\/en\/product\/bluzka-mickey-mouse-komix\/","title":{"rendered":"Mickey Mouse Komix T-shirt"},"content":{"rendered":"<h3 style=\"text-align: center;\">Mickey Mouse Komix T-shirt<\/h3>\n<p style=\"text-align: center;\">Blouse with the iconic print - KOMIX <strong>. <\/strong>Thanks to it, you will create an unforgettable stylization. Another offer of this season&#039;s most fashionable t-shirts with a cute mouse. We recommend! The blouse has a welt at the bottom of the blouse, thanks to which it fits perfectly to the body. One size fits all, recommended from S to XL.<\/p>\n<h3 style=\"text-align: center;\">Dimensions:<\/h3>\n<ul style=\"text-align: center;\">\n<li style=\"list-style-type: none;\">\n<ul>\n<li style=\"list-style-type: none;\">\n<ul>\n<li>Overall length: 61 cm<\/li>\n<li>Width from armpit to armpit: 54-57 cm<\/li>\n<li>Width at the bottom (drawstring): 47 cm<\/li>\n<\/ul>\n<p>&nbsp;<\/li>\n<\/ul>\n<\/li>\n<\/ul>\n<p style=\"text-align: center;\">Dimensions may slightly differ from the given +\/- 2cm. All dimensions given are measured flat.<\/p>\n<p style=\"text-align: center;\"><span style=\"font-size: 10pt;\">\u00a0<\/span><\/p>\n<p style=\"text-align: center;\"><span style=\"font-size: 10pt;\">\u00a0<\/span><\/p>\n<table width=\"608\">\n<tbody>\n<tr>\n<td width=\"302\">Model name<\/td>\n<td width=\"302\">Mickey Mouse Komix T-shirt<\/td>\n<\/tr>\n<tr>\n<td width=\"302\">Color<\/td>\n<td width=\"302\">Black<\/td>\n<\/tr>\n<tr>\n<td width=\"302\">Sizes<\/td>\n<td width=\"302\">Universal<\/td>\n<\/tr>\n<tr>\n<td width=\"302\">Fashion<\/td>\n<td width=\"302\">Oversize<\/td>\n<\/tr>\n<tr>\n<td width=\"302\">Material<\/td>\n<td width=\"302\">Composition: 95% Polyester 5% elastane<\/td>\n<\/tr>\n<\/tbody>\n<\/table>\n<p style=\"text-align: center;\">The model has\u00a0<strong>169<\/strong>\u00a0cm tall, wears a size every day\u00a0<strong>S.<\/strong><\/p>\n<p style=\"text-align: center;\">The width at the bust is 92 cm<\/p>\n<p style=\"text-align: center;\">Waist width 62 cm<\/p>\n<p style=\"text-align: center;\">The width at the hips is 94 cm<\/p>","protected":false},"excerpt":{"rendered":"<p>Bluzka Mickey Mouse Komix Bluzka z kultowym nadrukiem &#8211; KOMIX . Dzi\u0119ki niej stworzysz niezapomnian\u0105 stylizacj\u0119. Kolejna ju\u017c propozycja najmodniejszych w tym sezonie t-shirt\u00f3w z urocz\u0105 myszk\u0105. Polecamy! Bluzka posiada \u015bci\u0105gacz na dole bluzki, dzi\u0119ki czemu idealnie dopasowuje si\u0119 do sylwetki. Rozmiar Uniwersalny zalecany od S do XL. Wymiary: D\u0142ugo\u015b\u0107 ca\u0142kowita: 61 cm Szeroko\u015b\u0107 od<\/p>\n<div class=\"klb-readmore post-buttons\"><a class=\"button black outline size-sm\" href=\"https:\/\/madelinefashion.pl\/en\/product\/bluzka-mickey-mouse-komix\/\">Read More <i class=\"klbth-icon-right-arrow\"><\/i><\/a><\/div>","protected":false},"featured_media":53636,"template":"","meta":[],"product_brand":[],"product_cat":[77],"product_tag":[252],"class_list":{"0":"post-6157","1":"product","2":"type-product","3":"status-publish","4":"has-post-thumbnail","6":"product_cat-bluzki","7":"product_tag-bluzka-czarna","9":"first","10":"instock","11":"sale","12":"purchasable","13":"product-type-simple"},"_links":{"self":[{"href":"https:\/\/madelinefashion.pl\/en\/wp-json\/wp\/v2\/product\/6157","targetHints":{"allow":["GET"]}}],"collection":[{"href":"https:\/\/madelinefashion.pl\/en\/wp-json\/wp\/v2\/product"}],"about":[{"href":"https:\/\/madelinefashion.pl\/en\/wp-json\/wp\/v2\/types\/product"}],"wp:featuredmedia":[{"embeddable":true,"href":"https:\/\/madelinefashion.pl\/en\/wp-json\/wp\/v2\/media\/53636"}],"wp:attachment":[{"href":"https:\/\/madelinefashion.pl\/en\/wp-json\/wp\/v2\/media?parent=6157"}],"wp:term":[{"taxonomy":"product_brand","embeddable":true,"href":"https:\/\/madelinefashion.pl\/en\/wp-json\/wp\/v2\/product_brand?post=6157"},{"taxonomy":"product_cat","embeddable":true,"href":"https:\/\/madelinefashion.pl\/en\/wp-json\/wp\/v2\/product_cat?post=6157"},{"taxonomy":"product_tag","embeddable":true,"href":"https:\/\/madelinefashion.pl\/en\/wp-json\/wp\/v2\/product_tag?post=6157"}],"curies":[{"name":"wp","href":"https:\/\/api.w.org\/{rel}","templated":true}]}}