{"id":6179,"date":"2021-03-22T00:29:48","date_gmt":"2021-03-21T23:29:48","guid":{"rendered":"https:\/\/madelinefashion.pl\/?post_type=product&#038;p=6179"},"modified":"2025-07-16T19:23:52","modified_gmt":"2025-07-16T17:23:52","slug":"body-sznurowane-czerwone","status":"publish","type":"product","link":"https:\/\/madelinefashion.pl\/en\/product\/body-sznurowane-czerwone\/","title":{"rendered":"Lace-up Red Body"},"content":{"rendered":"<h3 style=\"text-align: center;\">Lace-up Red Body<\/h3>\n<p style=\"text-align: center;\"><strong>Lace-up Body Red<\/strong>e. Bodysuit made of stretchy knit, which makes it <strong>perfectly fits the figure<\/strong>. Perfect for both elegant and evening stylizations. <strong>A model you will fall in love with<\/strong> . You can wear them with shorts, jeans, skirts and even leather pants. European product - Perfectly fits the figure. Perfect for a date!\u00a0<b> Extremely fashionable body perfectly emphasizes our figure, presenting its advantages. <\/b>Women&#039;s body is<b> must have <\/b>in your wardrobe<b>. <\/b>It is one of the <b>the sexiest garments, <\/b>which perfectly enhances and <b>emphasizes feminine shapes. Sexy bodysuit, <\/b>which will cause that\u00a0<b>you will stand out<\/b>out of the crowd<b>. <\/b>N<b>Dangerously tempting bodysuit <\/b>offered in our store in several<b> color variants. Buy and make yourself a gift.\u00a0\u00a0<\/b><br \/>\nSize <strong>universal recommended<\/strong> for ladies in sizes from<strong> XS to L\u00a0<\/strong><\/p>\n<h3 style=\"text-align: center;\">Dimensions<\/h3>\n<ul style=\"text-align: center;\">\n<li>overall length: 68 cm<\/li>\n<li>width from armpit to armpit: 38-48 cm<\/li>\n<li>recommended maximum bust circumference: 96 cm<\/li>\n<li><\/li>\n<\/ul>\n<p style=\"text-align: center;\">Dimensions may slightly differ from the given +\/- 2cm. All dimensions given are measured flat.<\/p>\n<p style=\"text-align: center;\"><strong>\u00a0<\/strong><\/p>\n<table width=\"617\">\n<tbody>\n<tr>\n<td width=\"302\">Model name<\/td>\n<td width=\"302\">Lace-up Bodysuit<\/td>\n<\/tr>\n<tr>\n<td width=\"302\">Color<\/td>\n<td width=\"302\">Red<\/td>\n<\/tr>\n<tr>\n<td width=\"302\">Collection<\/td>\n<td width=\"302\">Spring Summer Autumn Winter<\/td>\n<\/tr>\n<tr>\n<td width=\"302\">Sizes<\/td>\n<td width=\"302\">Universal<\/td>\n<\/tr>\n<tr>\n<td width=\"302\">Fashion<\/td>\n<td width=\"302\">Matched<\/td>\n<\/tr>\n<tr>\n<td width=\"302\">Cleavage<\/td>\n<td width=\"302\">Round<\/td>\n<\/tr>\n<tr>\n<td width=\"302\">Panties<\/td>\n<td width=\"302\">Figs<\/td>\n<\/tr>\n<tr>\n<td width=\"302\">Sleeve<\/td>\n<td width=\"302\">Long<\/td>\n<\/tr>\n<\/tbody>\n<\/table>\n<p>&nbsp;<\/p>\n<p>&nbsp;<\/p>\n<p style=\"text-align: center;\">The model has\u00a0<strong>169<\/strong>\u00a0cm tall, wears a size every day\u00a0<strong>S.<\/strong><\/p>\n<p style=\"text-align: center;\">The width at the bust is 92 cm<\/p>\n<p style=\"text-align: center;\">Waist width 62 cm<\/p>\n<p style=\"text-align: center;\">The width at the hips is 94 cm<\/p>","protected":false},"excerpt":{"rendered":"<p>Body Sznurowane Czerwone Body Sznurowane Czerwone . Body wykonane z rozci\u0105gliwej dzianiny, co sprawia, \u017ce idealnie dopasowuje si\u0119 do sylwetki. Rewelacyjnie sprawdzi si\u0119 zar\u00f3wno w eleganckich, jak i wieczorowych stylizacjach. Model w kt\u00f3rym si\u0119 zakochasz . Mo\u017cesz je nosi\u0107 do szort\u00f3w, d\u017cins\u00f3w, sp\u00f3dnicy, a nawet spodni ze sk\u00f3ry. Produkt europejski &#8211;\u00a0 Idealnie dopasowuje si\u0119 do<\/p>\n<div class=\"klb-readmore post-buttons\"><a class=\"button black outline size-sm\" href=\"https:\/\/madelinefashion.pl\/en\/product\/body-sznurowane-czerwone\/\">Read More <i class=\"klbth-icon-right-arrow\"><\/i><\/a><\/div>","protected":false},"featured_media":56719,"template":"","meta":[],"product_brand":[],"product_cat":[84,395],"product_tag":[],"class_list":{"0":"post-6179","1":"product","2":"type-product","3":"status-publish","4":"has-post-thumbnail","6":"product_cat-body","7":"product_cat-nowosci","9":"first","10":"instock","11":"purchasable","12":"product-type-simple"},"_links":{"self":[{"href":"https:\/\/madelinefashion.pl\/en\/wp-json\/wp\/v2\/product\/6179","targetHints":{"allow":["GET"]}}],"collection":[{"href":"https:\/\/madelinefashion.pl\/en\/wp-json\/wp\/v2\/product"}],"about":[{"href":"https:\/\/madelinefashion.pl\/en\/wp-json\/wp\/v2\/types\/product"}],"wp:featuredmedia":[{"embeddable":true,"href":"https:\/\/madelinefashion.pl\/en\/wp-json\/wp\/v2\/media\/56719"}],"wp:attachment":[{"href":"https:\/\/madelinefashion.pl\/en\/wp-json\/wp\/v2\/media?parent=6179"}],"wp:term":[{"taxonomy":"product_brand","embeddable":true,"href":"https:\/\/madelinefashion.pl\/en\/wp-json\/wp\/v2\/product_brand?post=6179"},{"taxonomy":"product_cat","embeddable":true,"href":"https:\/\/madelinefashion.pl\/en\/wp-json\/wp\/v2\/product_cat?post=6179"},{"taxonomy":"product_tag","embeddable":true,"href":"https:\/\/madelinefashion.pl\/en\/wp-json\/wp\/v2\/product_tag?post=6179"}],"curies":[{"name":"wp","href":"https:\/\/api.w.org\/{rel}","templated":true}]}}