{"id":622,"date":"2018-10-12T18:17:03","date_gmt":"2018-10-12T16:17:03","guid":{"rendered":"http:\/\/serwer2078743.home.pl\/?post_type=product&#038;p=622"},"modified":"2026-01-15T12:43:47","modified_gmt":"2026-01-15T11:43:47","slug":"plaszcz-czarny-dlugi-z-flauszu","status":"publish","type":"product","link":"https:\/\/madelinefashion.pl\/en\/product\/plaszcz-czarny-dlugi-z-flauszu\/","title":{"rendered":"Long Black Coat with Fleece"},"content":{"rendered":"<h3 style=\"text-align: center;\">Long Black Coat with Fleece<\/h3>\n<p style=\"text-align: center;\"><strong>Black long coat\u00a0<\/strong>tied with fleece is real <strong>season hit<\/strong>. It is a combination of elegance, modernity and functionality - the black coat fits into every figure and styling. The black coat is universal - it is suitable for any occasion, <strong>it will be perfect at any time of the year<\/strong>Additionally, the fact that it is made of fleece makes it perfectly arranged. A coat perfect for any occasion Successful women in high positions know perfectly well what colors should be worn in order to inspire trust and confidence.<strong> look professional<\/strong> in any situation. In fashion, you like everything black. You choose <strong>black clothes<\/strong> and extras. Even if you don&#039;t drink black coffee, this color is your everyday companion. You are <strong>black lover<\/strong>which is experiencing its great renaissance. In our online store you will find this product in a variety of colors for an unbeatable price <strong>low price<\/strong>. Recommended for ladies wearing size\u00a0<strong>SML XL -\u00a0<\/strong> in<strong> other offers<\/strong> Also available in size <strong>Plus size recommended<\/strong> for ladies in size\u00a0<strong>44,46,48,50. <\/strong>If you cannot decide which color or size is best for you, please contact us via Facebook or by phone.<\/p>\n<h3 style=\"text-align: center;\">Long coat dimensions:<\/h3>\n<ul style=\"text-align: center;\">\n<li>total length back: 90 cm<\/li>\n<li>width from armpit to armpit: 52 cm<\/li>\n<li>sleeve length from the shoulder: 62 cm<\/li>\n<li>sleeve length from armpit: 47 cm<\/li>\n<li>recommended maximum bust circumference: 125-130 cm<\/li>\n<li>bicep width: 36 cm<\/li>\n<\/ul>\n<p style=\"text-align: center;\">Dimensions may slightly differ from the given +\/- 2cm. All dimensions given are measured flat.<\/p>\n<p style=\"text-align: center;\"><strong>\u00a0<\/strong><\/p>\n<table width=\"499\">\n<tbody>\n<tr>\n<td width=\"302\">Model name<\/td>\n<td width=\"302\">Long black fleece coat<\/td>\n<\/tr>\n<tr>\n<td width=\"302\">Color<\/td>\n<td width=\"302\">Black<\/td>\n<\/tr>\n<tr>\n<td width=\"302\">Collection<\/td>\n<td width=\"302\">Fall \/ Winter \/ Spring<\/td>\n<\/tr>\n<tr>\n<td width=\"302\">Sizes<\/td>\n<td width=\"302\">Universal<\/td>\n<\/tr>\n<tr>\n<td width=\"302\">Fashion<\/td>\n<td width=\"302\">Oversize<\/td>\n<\/tr>\n<tr>\n<td width=\"302\">Hood<\/td>\n<td width=\"302\">Without the hood<\/td>\n<\/tr>\n<tr>\n<td width=\"302\">Warmed up<\/td>\n<td width=\"302\">Uninsulated<\/td>\n<\/tr>\n<tr>\n<td width=\"302\">Material<\/td>\n<td width=\"302\">Petersham<\/td>\n<\/tr>\n<\/tbody>\n<\/table>\n<p style=\"text-align: center;\">The model has\u00a0<strong>169<\/strong>\u00a0cm tall, wears a size every day\u00a0<strong>S.<\/strong><\/p>\n<p style=\"text-align: center;\">The width at the bust is 92 cm<\/p>\n<p style=\"text-align: center;\">Waist width 62 cm<\/p>\n<p style=\"text-align: center;\">The width at the hips is 94 cm<\/p>","protected":false},"excerpt":{"rendered":"<p>P\u0142aszcz Czarny D\u0142ugi z Flauszu P\u0142aszcz czarny d\u0142ugi\u00a0wi\u0105zany\u00a0z flauszu to prawdziwy hit sezonu. Jest to po\u0142\u0105czenie elegancji, nowoczesno\u015bci i funkcjonalno\u015bci \u2013 Czarny \u00a0p\u0142aszczyk wpisuje si\u0119 w ka\u017cd\u0105 sylwetk\u0119 i stylizacj\u0119. P\u0142aszcz czarny jest uniwersalny \u2013 jest stosowny na ka\u017cd\u0105 okazj\u0119, \u015bwietnie sprawdzi si\u0119 w ka\u017cdej porze roku, dodatkowo wykonanie z flauszu sprawia, \u017ce idealnie si\u0119<\/p>\n<div class=\"klb-readmore post-buttons\"><a class=\"button black outline size-sm\" href=\"https:\/\/madelinefashion.pl\/en\/product\/plaszcz-czarny-dlugi-z-flauszu\/\">Read More <i class=\"klbth-icon-right-arrow\"><\/i><\/a><\/div>","protected":false},"featured_media":60062,"template":"","meta":[],"product_brand":[],"product_cat":[120,279],"product_tag":[510],"class_list":{"0":"post-622","1":"product","2":"type-product","3":"status-publish","4":"has-post-thumbnail","6":"product_cat-plaszcze-dlugie","7":"product_cat-plaszcze-wiosenne","8":"product_tag-plaszcze-flauszowe","10":"first","11":"outofstock","12":"sale","13":"purchasable","14":"product-type-simple"},"_links":{"self":[{"href":"https:\/\/madelinefashion.pl\/en\/wp-json\/wp\/v2\/product\/622","targetHints":{"allow":["GET"]}}],"collection":[{"href":"https:\/\/madelinefashion.pl\/en\/wp-json\/wp\/v2\/product"}],"about":[{"href":"https:\/\/madelinefashion.pl\/en\/wp-json\/wp\/v2\/types\/product"}],"wp:featuredmedia":[{"embeddable":true,"href":"https:\/\/madelinefashion.pl\/en\/wp-json\/wp\/v2\/media\/60062"}],"wp:attachment":[{"href":"https:\/\/madelinefashion.pl\/en\/wp-json\/wp\/v2\/media?parent=622"}],"wp:term":[{"taxonomy":"product_brand","embeddable":true,"href":"https:\/\/madelinefashion.pl\/en\/wp-json\/wp\/v2\/product_brand?post=622"},{"taxonomy":"product_cat","embeddable":true,"href":"https:\/\/madelinefashion.pl\/en\/wp-json\/wp\/v2\/product_cat?post=622"},{"taxonomy":"product_tag","embeddable":true,"href":"https:\/\/madelinefashion.pl\/en\/wp-json\/wp\/v2\/product_tag?post=622"}],"curies":[{"name":"wp","href":"https:\/\/api.w.org\/{rel}","templated":true}]}}