{"id":62435,"date":"2022-10-12T14:00:57","date_gmt":"2022-10-12T12:00:57","guid":{"rendered":"https:\/\/madelinefashion.pl\/?post_type=product&#038;p=62435"},"modified":"2026-03-01T12:58:29","modified_gmt":"2026-03-01T11:58:29","slug":"czapka-zimowa-z-paskiem-kolibra-bezowa","status":"publish","type":"product","link":"https:\/\/madelinefashion.pl\/en\/product\/czapka-zimowa-z-paskiem-kolibra-bezowa\/","title":{"rendered":"Beige Hummingbird Winter Hat with Stripe"},"content":{"rendered":"<h3 style=\"text-align: center;\">Beige Hummingbird Winter Hat with Stripe<\/h3>\n<ul style=\"text-align: center;\">\n<li>The hat is made of warm, nice materials<\/li>\n<li>Autumn \/ winter hat with fleece lining<\/li>\n<li>The cap has a decorative white stripe<\/li>\n<li>A perfect proposition for the upcoming cold days.<\/li>\n<li>Very pleasant to use.<\/li>\n<li>Polish product<\/li>\n<\/ul>\n<h3 style=\"text-align: center;\">Cap dimensions:<\/h3>\n<ul style=\"text-align: center;\">\n<li>Universal size,<\/li>\n<li>Comfortable, does not compress the head, freely adjusts to its shape,<\/li>\n<li>Hat height: 24 cm,<\/li>\n<li>Cap circumference: 2 x 23 cm (measured flat)<\/li>\n<li>The maximum circumference of the hat is 54cm<\/li>\n<li><\/li>\n<\/ul>\n<table class=\"aligncenter\" style=\"margin-left: auto; margin-right: auto; height: 192px;\" width=\"611\">\n<tbody>\n<tr>\n<td width=\"302\">Model<\/td>\n<td width=\"302\">Hummingbird<\/td>\n<\/tr>\n<tr>\n<td width=\"302\">Color<\/td>\n<td width=\"302\">Without<\/td>\n<\/tr>\n<tr>\n<td width=\"302\">Collection<\/td>\n<td width=\"302\">Spring \/ Fall \/ Winter<\/td>\n<\/tr>\n<tr>\n<td width=\"302\">Sizes<\/td>\n<td width=\"302\">Universal<\/td>\n<\/tr>\n<tr>\n<td width=\"302\">Kids<\/td>\n<td width=\"302\">from 3 years<\/td>\n<\/tr>\n<tr>\n<td width=\"302\">Warmed up<\/td>\n<td width=\"302\">Fleece<\/td>\n<\/tr>\n<tr>\n<td width=\"302\"><\/td>\n<td width=\"302\"><\/td>\n<\/tr>\n<\/tbody>\n<\/table>\n<p style=\"text-align: center;\">","protected":false},"excerpt":{"rendered":"<p>Czapka Zimowa z Paskiem Kolibra Be\u017cowa Czapka wykonana jest z ciep\u0142ego, mi\u0142ego materia\u0142y Czapka Jesienno-zimowa podszyta polarem Czapka posiada ozdobny pasek w kolorze bia\u0142ym Idealna propozycja na nadchodz\u0105ce ch\u0142odne dni. Bardzo\u00a0 przyjemna w u\u017cytkowaniu. Produkt Polski Wymiary czapka: Rozmiar uniwersalny, Wygodna, nie uciska g\u0142owy, swobodnie dopasowuje si\u0119 do jej kszta\u0142tu, Wysoko\u015b\u0107 czapki: 24 cm, Obw\u00f3d<\/p>\n<div class=\"klb-readmore post-buttons\"><a class=\"button black outline size-sm\" href=\"https:\/\/madelinefashion.pl\/en\/product\/czapka-zimowa-z-paskiem-kolibra-bezowa\/\">Read More <i class=\"klbth-icon-right-arrow\"><\/i><\/a><\/div>","protected":false},"featured_media":62326,"template":"","meta":[],"product_brand":[],"product_cat":[115,395],"product_tag":[],"class_list":{"0":"post-62435","1":"product","2":"type-product","3":"status-publish","4":"has-post-thumbnail","6":"product_cat-czapki","7":"product_cat-nowosci","9":"first","10":"instock","11":"sale","12":"purchasable","13":"product-type-simple"},"_links":{"self":[{"href":"https:\/\/madelinefashion.pl\/en\/wp-json\/wp\/v2\/product\/62435","targetHints":{"allow":["GET"]}}],"collection":[{"href":"https:\/\/madelinefashion.pl\/en\/wp-json\/wp\/v2\/product"}],"about":[{"href":"https:\/\/madelinefashion.pl\/en\/wp-json\/wp\/v2\/types\/product"}],"wp:featuredmedia":[{"embeddable":true,"href":"https:\/\/madelinefashion.pl\/en\/wp-json\/wp\/v2\/media\/62326"}],"wp:attachment":[{"href":"https:\/\/madelinefashion.pl\/en\/wp-json\/wp\/v2\/media?parent=62435"}],"wp:term":[{"taxonomy":"product_brand","embeddable":true,"href":"https:\/\/madelinefashion.pl\/en\/wp-json\/wp\/v2\/product_brand?post=62435"},{"taxonomy":"product_cat","embeddable":true,"href":"https:\/\/madelinefashion.pl\/en\/wp-json\/wp\/v2\/product_cat?post=62435"},{"taxonomy":"product_tag","embeddable":true,"href":"https:\/\/madelinefashion.pl\/en\/wp-json\/wp\/v2\/product_tag?post=62435"}],"curies":[{"name":"wp","href":"https:\/\/api.w.org\/{rel}","templated":true}]}}