{"id":62647,"date":"2022-10-13T17:41:46","date_gmt":"2022-10-13T15:41:46","guid":{"rendered":"https:\/\/madelinefashion.pl\/?post_type=product&#038;p=62647"},"modified":"2025-12-19T11:15:44","modified_gmt":"2025-12-19T10:15:44","slug":"kurtka-parka-dwustronna-z-futerkiem-granatowo-rozowa","status":"publish","type":"product","link":"https:\/\/madelinefashion.pl\/en\/product\/kurtka-parka-dwustronna-z-futerkiem-granatowo-rozowa\/","title":{"rendered":"Reversible Parka Jacket with Fur Navy Blue Pink"},"content":{"rendered":"<h3 style=\"text-align: center;\">Reversible Parka Jacket with Fur Navy Blue Pink<\/h3>\n<p style=\"text-align: center;\">Reversible Parka Jacket with Fur Navy Blue and Pink is a perfect proposition for the winter season.<b> Jacket <\/b>adapts beautifully to the figure<b>\u00a0 The model fits perfectly with elegant stylizations and casual combinations, giving many opportunities to create unique looks. <\/b>A long, asymmetrical parka with a hood is a great choice. The jacket has a detachable fur, a welt, it is insulated with fur. Design with two pockets and a hood fastened with a zipper. The jacket is reversible, so by choosing this model you have two jackets in one \ud83d\ude09. <b>The product is available in several color variants. <strong>Composition: 100% POLYESTER<\/strong><\/b><\/p>\n<p style=\"text-align: center;\"><strong>\u00a0<\/strong><\/p>\n<h3 style=\"text-align: center;\">Dimensions:<\/h3>\n<p style=\"text-align: center;\"><strong>Size: 36 \/ S<\/strong><br \/>\nTotal length front - 77cm<br \/>\nTotal length back-82cm<br \/>\nWidth from armpit to armpit - 48cm<br \/>\nSleeve length from the shoulder - 64cm<br \/>\nSleeve length from armpit - 47cm<\/p>\n<p style=\"text-align: center;\"><strong>Size: 38 \/ M<\/strong><br \/>\nTotal length front - 77cm<br \/>\nTotal length back-83cm<br \/>\nWidth from armpit to armpit - 50cm<br \/>\nSleeve length from the shoulder - 64cm<br \/>\nSleeve length from armpit - 47cm<\/p>\n<p style=\"text-align: center;\"><strong>Size: 40 \/ L<\/strong><br \/>\nTotal length front - 78cm<br \/>\nTotal length back-84cm<br \/>\nWidth from armpit to armpit - 52cm<br \/>\nSleeve length from the shoulder - 64cm<br \/>\nSleeve length from armpit - 48cm<\/p>\n<p>\u00a0<\/p>\n<p style=\"text-align: center;\"><strong>Size: 42 \/ XL<\/strong><br \/>\nTotal length front - 79cm<br \/>\nTotal length back-86cm<br \/>\nWidth from armpit to armpit - 53cm<br \/>\nSleeve length from the shoulder - 65cm<br \/>\nSleeve length from armpit - 49cm<\/p>\n<p style=\"text-align: center;\"><strong>Size: 44 \/ XXL<\/strong><br \/>\nTotal length front -80cm<br \/>\nTotal length back-88cm<br \/>\nWidth from armpit to armpit - 56cm<br \/>\nSleeve length from the shoulder - 67cm<br \/>\nSleeve length from armpit - 50cm<\/p>\n<p style=\"text-align: center;\">Dimensions may slightly differ from the given +\/- 2cm. All dimensions are provided <strong>measured flat<\/strong>.\u00a0<strong>X2 dimension<\/strong><\/p>\n<p>\u00a0<\/p>\n<table width=\"605\">\n<tbody>\n<tr>\n<td width=\"302\">Model name<\/td>\n<td width=\"302\">Reversible Parka Jacket with Fur<\/td>\n<\/tr>\n<tr>\n<td width=\"302\">Color<\/td>\n<td width=\"302\">Navy blue and pink<\/td>\n<\/tr>\n<tr>\n<td width=\"302\">Sizes<\/td>\n<td width=\"302\">\u00a0SML XL XXL<\/td>\n<\/tr>\n<tr>\n<td width=\"302\">Collection<\/td>\n<td width=\"302\">Winter<\/td>\n<\/tr>\n<tr>\n<td width=\"302\">Hood<\/td>\n<td width=\"302\">Yes<\/td>\n<\/tr>\n<tr>\n<td width=\"302\">Quality<\/td>\n<td width=\"302\">Premium<\/td>\n<\/tr>\n<tr>\n<td width=\"302\">Fastening<\/td>\n<td width=\"302\">Lock<\/td>\n<\/tr>\n<\/tbody>\n<\/table>\n<p style=\"text-align: center;\">The model has\u00a0<strong>169<\/strong>\u00a0cm tall, wears a size every day\u00a0<strong>S.<\/strong><\/p>\n<p style=\"text-align: center;\">The width at the bust is 92 cm<\/p>\n<p style=\"text-align: center;\">Waist width 62 cm<\/p>\n<p style=\"text-align: center;\">The width at the hips is 94 cm<\/p>","protected":false},"excerpt":{"rendered":"<p>Kurtka Parka Dwustronna z Futerkiem Granatowo R\u00f3\u017cowa Kurtka Parka Dwustronna z Futerkiem Granatowo- R\u00f3\u017cowa to idealna propozycja na sezon zimowy. Kurtka pi\u0119knie si\u0119 dopasowuje do sylwetki\u00a0 Model \u015bwietnie pasuje do eleganckich stylizacji jak i casualowych zestawie\u0144, daj\u0105c wiele mo\u017cliwo\u015bci tworzenia wyj\u0105tkowych look\u2019\u00f3w. D\u0142uga parka o asymetrycznym kroju z kapturem to \u015bwietny wyb\u00f3r. Kurtka posiada odpinane<\/p>\n<div class=\"klb-readmore post-buttons\"><a class=\"button black outline size-sm\" href=\"https:\/\/madelinefashion.pl\/en\/product\/kurtka-parka-dwustronna-z-futerkiem-granatowo-rozowa\/\">Read More <i class=\"klbth-icon-right-arrow\"><\/i><\/a><\/div>","protected":false},"featured_media":62452,"template":"","meta":[],"product_brand":[],"product_cat":[117,395],"product_tag":[508],"class_list":{"0":"post-62647","1":"product","2":"type-product","3":"status-publish","4":"has-post-thumbnail","6":"product_cat-kurtki","7":"product_cat-nowosci","8":"product_tag-kurtka-zimowa","9":"pa_rozmiar-470","10":"pa_rozmiar-l-40","11":"pa_rozmiar-m-38","12":"pa_rozmiar-s-36","13":"pa_rozmiar-xl-42","14":"pa_rozmiar-xs-34","15":"pa_rozmiar-xxl","17":"first","18":"outofstock","19":"product-type-variable"},"_links":{"self":[{"href":"https:\/\/madelinefashion.pl\/en\/wp-json\/wp\/v2\/product\/62647","targetHints":{"allow":["GET"]}}],"collection":[{"href":"https:\/\/madelinefashion.pl\/en\/wp-json\/wp\/v2\/product"}],"about":[{"href":"https:\/\/madelinefashion.pl\/en\/wp-json\/wp\/v2\/types\/product"}],"wp:featuredmedia":[{"embeddable":true,"href":"https:\/\/madelinefashion.pl\/en\/wp-json\/wp\/v2\/media\/62452"}],"wp:attachment":[{"href":"https:\/\/madelinefashion.pl\/en\/wp-json\/wp\/v2\/media?parent=62647"}],"wp:term":[{"taxonomy":"product_brand","embeddable":true,"href":"https:\/\/madelinefashion.pl\/en\/wp-json\/wp\/v2\/product_brand?post=62647"},{"taxonomy":"product_cat","embeddable":true,"href":"https:\/\/madelinefashion.pl\/en\/wp-json\/wp\/v2\/product_cat?post=62647"},{"taxonomy":"product_tag","embeddable":true,"href":"https:\/\/madelinefashion.pl\/en\/wp-json\/wp\/v2\/product_tag?post=62647"}],"curies":[{"name":"wp","href":"https:\/\/api.w.org\/{rel}","templated":true}]}}