{"id":62938,"date":"2022-10-17T11:23:25","date_gmt":"2022-10-17T09:23:25","guid":{"rendered":"https:\/\/madelinefashion.pl\/?post_type=product&#038;p=62938"},"modified":"2026-02-16T15:02:26","modified_gmt":"2026-02-16T14:02:26","slug":"czarne-botki-z-fredzalmi-czarne-haidanassa","status":"publish","type":"product","link":"https:\/\/madelinefashion.pl\/en\/product\/czarne-botki-z-fredzalmi-czarne-haidanassa\/","title":{"rendered":"Black Boots with Fringes Black Haidanassa"},"content":{"rendered":"<h3 style=\"text-align: center;\">Black Boots with Fringes Black Haidanassa<\/h3>\n<p>Black Boots with Fringe Black Haidanassa is a perfect solution for more important social meetings. Extremely comfortable and comfortable thanks to the use of optimal profiling for a woman&#039;s delicate foot and a soft insole. You will be happy to match high-heeled boots to numerous styles.<strong>\u00a0<\/strong>In addition, they are able to keep the foot at a comfortable temperature very well. They will be a great decoration for everyday styling.<\/p>\n<h3 style=\"text-align: center;\">Characteristics:<\/h3>\n<ul>\n<li style=\"text-align: center;\">Classic boots on the post - elegance and pleasure to use<\/li>\n<li style=\"text-align: center;\">Fashionable - recommended by bloggers<\/li>\n<li style=\"text-align: center;\">A solid heel - they are stable in use<\/li>\n<li style=\"text-align: center;\">Comfortable - you will spend the whole day in them comfortably<\/li>\n<li style=\"text-align: center;\">Classic look - universal and timeless design<\/li>\n<\/ul>\n<div class=\"mb-4\" style=\"text-align: center;\"><b>Color:\u00a0<\/b>Black<\/div>\n<div class=\"mb-4\" style=\"text-align: center;\" data-key=\"sizes\"><b>Sizing:\u00a0<\/b>Typical<\/div>\n<div class=\"mb-4\" style=\"text-align: center;\" data-key=\"foot-thickness\"><b>Foot width:\u00a0<\/b>Neutral<\/div>\n<div class=\"mb-4\" style=\"text-align: center;\" data-key=\"type-of-heel\"><b>Type of heel:\u00a0<\/b>Post<\/div>\n<div class=\"mb-4\" style=\"text-align: center;\" data-key=\"warming\"><b>Warming:\u00a0<\/b>Lightly padded<\/div>\n<div class=\"mb-4\" style=\"text-align: center;\" data-key=\"cloth\"><b>Material:\u00a0<\/b>Eco-leather<\/div>\n<div class=\"mb-4\" style=\"text-align: center;\" data-key=\"nose-of-shoe\"><b>Shoe toecap:\u00a0<\/b>Tonsil<\/div>\n<div class=\"mb-4\" style=\"text-align: center;\"><b>Heel height:\u00a0<\/b>8 cm<\/div>\n<h3 style=\"text-align: center;\"><\/h3>\n<table width=\"540\">\n<thead>\n<tr>\n<td width=\"216\"><strong>EU size<\/strong><\/td>\n<td width=\"316\"><strong>The length of the insert<\/strong><\/td>\n<\/tr>\n<\/thead>\n<tbody>\n<tr>\n<td width=\"216\"><strong>36<\/strong><\/td>\n<td width=\"316\">23 cm<\/td>\n<\/tr>\n<tr>\n<td width=\"216\"><strong>37<\/strong><\/td>\n<td width=\"316\">24 cm<\/td>\n<\/tr>\n<tr>\n<td width=\"216\"><strong>38<\/strong><\/td>\n<td width=\"316\">24.5 cm<\/td>\n<\/tr>\n<tr>\n<td width=\"216\"><strong>39<\/strong><\/td>\n<td width=\"316\">25 cm<\/td>\n<\/tr>\n<tr>\n<td width=\"216\"><strong>40<\/strong><\/td>\n<td width=\"316\">25.5 cm<\/td>\n<\/tr>\n<tr>\n<td width=\"216\"><strong>41<\/strong><\/td>\n<td width=\"316\">26 cm<\/td>\n<\/tr>\n<\/tbody>\n<\/table>\n<div class=\"wrap-content\">\n<div class=\"main-container container\">\n<div class=\"row\">\n<section class=\"main-content sidebar-left-false\">\n<div class=\"product-page page\">\n<div class=\"page-content\">\n<div id=\"ProductSizing\" class=\"product-sizing modal fade in\" tabindex=\"-1\" role=\"dialog\" aria-hidden=\"false\">\n<div class=\"modal-dialog\">\n<div class=\"modal-content\">\n<div class=\"widget html_editor\">\n<p>&nbsp;<\/p>\n<\/div>\n<p>&nbsp;<\/p>\n<\/div>\n<\/div>\n<\/div>\n<\/div>\n<\/div>\n<\/section>\n<\/div>\n<\/div>\n<\/div>\n<div class=\"wrap-footer\">\n<footer class=\"\">\n<div class=\"container\">\n<div class=\"footer-newsletter-box\"><\/div>\n<\/div>\n<\/footer>\n<\/div>\n<table>\n<tbody>\n<tr>\n<td width=\"302\">Model name<\/td>\n<td width=\"302\">Black Boots with Haidanassa fringe<\/td>\n<\/tr>\n<tr>\n<td width=\"302\">Color<\/td>\n<td width=\"302\">Black<\/td>\n<\/tr>\n<tr>\n<td width=\"302\">Sizes<\/td>\n<td width=\"302\">36 37\u00a0 38\u00a0 39 40 41<\/td>\n<\/tr>\n<tr>\n<td width=\"302\">Material<\/td>\n<td width=\"302\">Eco-leather<\/td>\n<\/tr>\n<tr>\n<td width=\"302\">Warming<\/td>\n<td width=\"302\">Yes<\/td>\n<\/tr>\n<tr>\n<td width=\"302\">Clasp<\/td>\n<td width=\"302\">Lock<\/td>\n<\/tr>\n<tr>\n<td width=\"302\">Collection<\/td>\n<td width=\"302\">Spring \/ Autumn \/ Winter<\/td>\n<\/tr>\n<\/tbody>\n<\/table>\n<div class=\"tabs tabs-bb clear mb-80\">\n<div class=\"tab-content\">\n<div id=\"tab-description\" class=\"tab-pane fade in woocommerce-Tabs-panel--description active\">\n<p style=\"text-align: center;\">\n<\/div>\n<\/div>\n<\/div>\n<section class=\"up-sells upsells products mb-80\"><\/section>\n<p style=\"text-align: left;\">A9881<\/p>","protected":false},"excerpt":{"rendered":"<p>Czarne Botki z Fr\u0119dzalmi Czarne Haidanassa Czarne Botki z Fr\u0119dzalmi Czarne Haidanassa\u00a0 to doskona\u0142e rozwi\u0105zanie na wa\u017cniejsze spotkania towarzyskie. Niezwykle wygodne i komfortowe dzi\u0119ki zastosowaniu optymalnego wyprofilowania do kobiecej delikatnej stopy oraz mi\u0119kkiej wk\u0142adce. Botki na obcasie z przyjemno\u015bci\u0105 dopasujesz do licznych stylizacji.\u00a0Ponadto s\u0105 w stanie bardzo dobrze utrzyma\u0107 stop\u0119 w komfortowej temperaturze. B\u0119d\u0105 \u015bwietn\u0105<\/p>\n<div class=\"klb-readmore post-buttons\"><a class=\"button black outline size-sm\" href=\"https:\/\/madelinefashion.pl\/en\/product\/czarne-botki-z-fredzalmi-czarne-haidanassa\/\">Read More <i class=\"klbth-icon-right-arrow\"><\/i><\/a><\/div>","protected":false},"featured_media":62970,"template":"","meta":[],"product_brand":[],"product_cat":[400,395],"product_tag":[492],"class_list":{"0":"post-62938","1":"product","2":"type-product","3":"status-publish","4":"has-post-thumbnail","6":"product_cat-buty","7":"product_cat-nowosci","8":"product_tag-botki","10":"first","11":"instock","12":"sale","13":"purchasable","14":"product-type-variable"},"_links":{"self":[{"href":"https:\/\/madelinefashion.pl\/en\/wp-json\/wp\/v2\/product\/62938","targetHints":{"allow":["GET"]}}],"collection":[{"href":"https:\/\/madelinefashion.pl\/en\/wp-json\/wp\/v2\/product"}],"about":[{"href":"https:\/\/madelinefashion.pl\/en\/wp-json\/wp\/v2\/types\/product"}],"wp:featuredmedia":[{"embeddable":true,"href":"https:\/\/madelinefashion.pl\/en\/wp-json\/wp\/v2\/media\/62970"}],"wp:attachment":[{"href":"https:\/\/madelinefashion.pl\/en\/wp-json\/wp\/v2\/media?parent=62938"}],"wp:term":[{"taxonomy":"product_brand","embeddable":true,"href":"https:\/\/madelinefashion.pl\/en\/wp-json\/wp\/v2\/product_brand?post=62938"},{"taxonomy":"product_cat","embeddable":true,"href":"https:\/\/madelinefashion.pl\/en\/wp-json\/wp\/v2\/product_cat?post=62938"},{"taxonomy":"product_tag","embeddable":true,"href":"https:\/\/madelinefashion.pl\/en\/wp-json\/wp\/v2\/product_tag?post=62938"}],"curies":[{"name":"wp","href":"https:\/\/api.w.org\/{rel}","templated":true}]}}