{"id":635,"date":"2018-10-12T18:30:28","date_gmt":"2018-10-12T16:30:28","guid":{"rendered":"http:\/\/serwer2078743.home.pl\/?post_type=product&#038;p=635"},"modified":"2026-03-16T14:44:23","modified_gmt":"2026-03-16T13:44:23","slug":"paszcz-fuksja-pink-dlugi-z-flauszu","status":"publish","type":"product","link":"https:\/\/madelinefashion.pl\/en\/product\/paszcz-fuksja-pink-dlugi-z-flauszu\/","title":{"rendered":"Fuchsia Pink Long coat with fleece"},"content":{"rendered":"<h2 style=\"text-align: center;\">Fuchsia Pink Long coat with fleece<\/h2>\n<p style=\"text-align: center;\">Fuchsia color is otherwise amaranth, a distinctive color that is a mixture of pink and purple. <strong>Energetic<\/strong> color <strong>Fuchsia Pink<\/strong>\u00a0 - liven up your style not only in spring! Fuchsia colored clothes - <strong>clear pink<\/strong>\u00a0 they are not only for brave and willing women <strong>stand out from the crowd.<\/strong> <strong>Wrap coat\u00a0<\/strong>\u00a0is a universal product - you can easily use it for different\u00a0\u00a0<strong>styling:<\/strong>\u00a0 elegant and sporty,\u00a0<strong>it will be perfect at any time of the year<\/strong>, not only\u00a0<strong>in spring, in autumn<\/strong>\u00a0if\u00a0<strong>winter<\/strong>. Made of fleece makes it perfectly arranged. The coat is perfect for any occasion, additionally made of fleece makes it perfectly arranged.<\/p>\n<h2 style=\"text-align: center;\">The coat is perfect for any occasion<\/h2>\n<p style=\"text-align: center;\">Fuchsia is very much now <strong>fashionable color<\/strong> and we can really afford all possible garments in this color. Size <strong>universal <\/strong>\u00a0recommended for ladies wearing size\u00a0<strong>S, M, L, XL<\/strong> which is a huge advantage of this model. In the offer <strong>we have<\/strong> <strong>also<\/strong> bigger <strong>PLUS SIZE<\/strong> recommended for ladies in size <strong>44,46,48,50<\/strong>\u00a0. The coat is also available in others <strong>color variants<\/strong> - we encourage you to familiarize yourself with our other products. If you cannot decide which color or size is best for you, please contact us via Facebook or by phone.<\/p>\n<h3 style=\"text-align: center;\">Long coat dimensions:<\/h3>\n<ul style=\"text-align: center;\">\n<li>total length back: 90 cm<\/li>\n<li>width from armpit to armpit: 52 cm<\/li>\n<li>sleeve length from the shoulder: 62 cm<\/li>\n<li>sleeve length from armpit: 47 cm<\/li>\n<li>recommended maximum bust circumference: 125-130 cm<\/li>\n<li>bicep width: 36 cm<\/li>\n<\/ul>\n<p style=\"text-align: center;\">Dimensions may slightly differ from the given +\/- 2cm. All dimensions given are measured flat.<\/p>\n<p style=\"text-align: center;\"><strong>\u00a0<\/strong><\/p>\n<table class=\"aligncenter\" style=\"height: 212px;\" width=\"613\">\n<tbody>\n<tr>\n<td width=\"302\">Model name<\/td>\n<td width=\"302\">Fuchsia coat<\/td>\n<\/tr>\n<tr>\n<td width=\"302\">Color<\/td>\n<td width=\"302\">Amaranth \/ Fuchsia<\/td>\n<\/tr>\n<tr>\n<td width=\"302\">Collection<\/td>\n<td width=\"302\">Spring \/ Autumn \/ Winter<\/td>\n<\/tr>\n<tr>\n<td width=\"302\">Sizes<\/td>\n<td width=\"302\">Universal<\/td>\n<\/tr>\n<tr>\n<td width=\"302\">Fashion<\/td>\n<td width=\"302\">Oversize<\/td>\n<\/tr>\n<tr>\n<td width=\"302\">Hood<\/td>\n<td width=\"302\">Without the hood<\/td>\n<\/tr>\n<tr>\n<td width=\"302\">Warmed up<\/td>\n<td width=\"302\">Uninsulated<\/td>\n<\/tr>\n<tr>\n<td width=\"302\">Material<\/td>\n<td width=\"302\">Petersham<\/td>\n<\/tr>\n<\/tbody>\n<\/table>\n<p>&nbsp;<\/p>\n<p>&nbsp;<\/p>\n<p style=\"text-align: center;\">The model has\u00a0<strong>169<\/strong>\u00a0cm tall, wears a size every day\u00a0<strong>S.<\/strong><\/p>\n<p style=\"text-align: center;\">The width at the bust is 92 cm<\/p>\n<p style=\"text-align: center;\">Waist width 62 cm<\/p>\n<p style=\"text-align: center;\">The width at the hips is 94 cm<\/p>\n<p style=\"text-align: center;\">","protected":false},"excerpt":{"rendered":"<p>P\u0142aszcz Fuksja Pink D\u0142ugi z Flauszu Fuksja kolor to inaczej amarant, wyrazista barwa b\u0119d\u0105ca mieszank\u0105 r\u00f3\u017cu i fioletu. Energetyczny kolor Fuksja Pink\u00a0 &#8211; o\u017cyw sw\u00f3j styl nie tylko na wiosn\u0119!\u00a0 Ubrania w kolorze Fuksji &#8211; wyra\u017anego r\u00f3\u017cu\u00a0 s\u0105 nie tylko dla kobiet odwa\u017cnych, chc\u0105cych wyr\u00f3\u017cni\u0107 si\u0119 z t\u0142umu. P\u0142aszcz kopertowy\u00a0\u00a0jest uniwersalnym produktem- z \u0142atwo\u015bci\u0105 wykorzystasz<\/p>\n<div class=\"klb-readmore post-buttons\"><a class=\"button black outline size-sm\" href=\"https:\/\/madelinefashion.pl\/en\/product\/paszcz-fuksja-pink-dlugi-z-flauszu\/\">Read More <i class=\"klbth-icon-right-arrow\"><\/i><\/a><\/div>","protected":false},"featured_media":56275,"template":"","meta":[],"product_brand":[],"product_cat":[120,279],"product_tag":[510],"class_list":{"0":"post-635","1":"product","2":"type-product","3":"status-publish","4":"has-post-thumbnail","6":"product_cat-plaszcze-dlugie","7":"product_cat-plaszcze-wiosenne","8":"product_tag-plaszcze-flauszowe","10":"first","11":"instock","12":"sale","13":"purchasable","14":"product-type-simple"},"_links":{"self":[{"href":"https:\/\/madelinefashion.pl\/en\/wp-json\/wp\/v2\/product\/635","targetHints":{"allow":["GET"]}}],"collection":[{"href":"https:\/\/madelinefashion.pl\/en\/wp-json\/wp\/v2\/product"}],"about":[{"href":"https:\/\/madelinefashion.pl\/en\/wp-json\/wp\/v2\/types\/product"}],"wp:featuredmedia":[{"embeddable":true,"href":"https:\/\/madelinefashion.pl\/en\/wp-json\/wp\/v2\/media\/56275"}],"wp:attachment":[{"href":"https:\/\/madelinefashion.pl\/en\/wp-json\/wp\/v2\/media?parent=635"}],"wp:term":[{"taxonomy":"product_brand","embeddable":true,"href":"https:\/\/madelinefashion.pl\/en\/wp-json\/wp\/v2\/product_brand?post=635"},{"taxonomy":"product_cat","embeddable":true,"href":"https:\/\/madelinefashion.pl\/en\/wp-json\/wp\/v2\/product_cat?post=635"},{"taxonomy":"product_tag","embeddable":true,"href":"https:\/\/madelinefashion.pl\/en\/wp-json\/wp\/v2\/product_tag?post=635"}],"curies":[{"name":"wp","href":"https:\/\/api.w.org\/{rel}","templated":true}]}}