{"id":63602,"date":"2022-10-21T15:08:44","date_gmt":"2022-10-21T13:08:44","guid":{"rendered":"https:\/\/madelinefashion.pl\/?post_type=product&#038;p=63602"},"modified":"2026-03-07T13:47:04","modified_gmt":"2026-03-07T12:47:04","slug":"sukienka-cekinowa-hiszpanka-matylda-miedziana","status":"publish","type":"product","link":"https:\/\/madelinefashion.pl\/en\/product\/sukienka-cekinowa-hiszpanka-matylda-miedziana\/","title":{"rendered":"Matylda Copper Sequin Dress"},"content":{"rendered":"<h3 style=\"text-align: center;\">Matylda Copper Sequin Dress<\/h3>\n<p style=\"text-align: center;\">Beautiful sequin dress, Spanish style, fitted to the body. Put it on for a special occasion and make sure that no one will pass by you indifferently. The dress can be worn in two ways: with a neckline or put on it as a typical Spanish with bare shoulders, which will beautifully present feminine shapes. In combination with your favorite high heels, you will create a unique look. The dress has a lining.\u00a0 <strong>The size is UNIVERSAL\u00a0<\/strong>\u00a0recommended for ladies wearing XS, S, M, L\u00a0<strong>,<\/strong>\u00a0but we recommend\u00a0<strong>accurate measurement\u00a0<\/strong>according to the dimension table below. Available in our e-shop in several color variants, so do not hesitate and choose the one that is perfect for you.<\/p>\n<h3 style=\"text-align: center;\">Dress dimensions<\/h3>\n<ul style=\"text-align: center;\">\n<li>total length 84 cm<\/li>\n<li>width from armpit to armpit: 41-52 cm<\/li>\n<li>width at the waist: 31-42 cm<\/li>\n<li>sleeve length from shoulder: 55 cm<\/li>\n<li>sleeve length from armpit 51 cm<br \/>\nhip width: 39-47 cm<\/li>\n<li><\/li>\n<\/ul>\n<p style=\"text-align: center;\">Dimensions may slightly differ from the given +\/- 2cm. All dimensions given are measured flat. <strong>X2 dimension<\/strong><\/p>\n<p style=\"text-align: center;\"><strong>\u00a0<\/strong><\/p>\n<table style=\"height: 175px;\" width=\"690\">\n<tbody>\n<tr>\n<td width=\"302\">Model name<\/td>\n<td width=\"302\">Matilda<\/td>\n<\/tr>\n<tr>\n<td width=\"302\">Color<\/td>\n<td width=\"302\">Copper<\/td>\n<\/tr>\n<tr>\n<td width=\"302\">Collection<\/td>\n<td width=\"302\">Fall \/ Winter \/ Spring<\/td>\n<\/tr>\n<tr>\n<td width=\"302\">Sizes<\/td>\n<td width=\"302\">Universal<\/td>\n<\/tr>\n<tr>\n<td width=\"302\">Fashion<\/td>\n<td width=\"302\">Fitted \/ Flexible<\/td>\n<\/tr>\n<tr>\n<td width=\"302\">Material<\/td>\n<td width=\"302\">95 % Polyester 5% Elastane<\/td>\n<\/tr>\n<\/tbody>\n<\/table>\n<section class=\"page-product-box\">\n<div class=\"rte\">\n<p style=\"text-align: center;\">The model has\u00a0<strong>169<\/strong>\u00a0cm tall, wears a size every day\u00a0<strong>S.<\/strong><\/p>\n<p style=\"text-align: center;\">The width at the bust is 92 cm<\/p>\n<p style=\"text-align: center;\">Waist width 62 cm<\/p>\n<p style=\"text-align: center;\">The width at the hips is 94 cm<\/p>\n<\/div>\n<\/section>","protected":false},"excerpt":{"rendered":"<p>Sukienka Cekinowa Hiszpanka Matylda Miedziana Pi\u0119kna cekinowa sukienka, w stylu hiszpanki, dopasowana do cia\u0142a.\u00a0 Za\u0142\u00f3\u017c j\u0105 na wyj\u0105tkow\u0105 okazj\u0119 i spraw, \u017ce nikt nie przejdzie obok Ciebie oboj\u0119tnie. Sukienk\u0119 mo\u017cna nosi\u0107 na dwa sposoby : z dekoltem b\u0105d\u017a za\u0142o\u017cy\u0107 j\u0105 jako typow\u0105 hiszpank\u0119 z odkrytymi ramionami co pi\u0119knie \u00a0zaprezentuje kobiece kszta\u0142ty. W zestawieniu z ulubionymi<\/p>\n<div class=\"klb-readmore post-buttons\"><a class=\"button black outline size-sm\" href=\"https:\/\/madelinefashion.pl\/en\/product\/sukienka-cekinowa-hiszpanka-matylda-miedziana\/\">Read More <i class=\"klbth-icon-right-arrow\"><\/i><\/a><\/div>","protected":false},"featured_media":63583,"template":"","meta":[],"product_brand":[],"product_cat":[124,558],"product_tag":[262],"class_list":{"0":"post-63602","1":"product","2":"type-product","3":"status-publish","4":"has-post-thumbnail","6":"product_cat-sukienki-okolicznosciowe","7":"product_cat-sukienki-cekinowe","8":"product_tag-sukienki-krotkie","10":"first","11":"instock","12":"sale","13":"purchasable","14":"product-type-simple"},"_links":{"self":[{"href":"https:\/\/madelinefashion.pl\/en\/wp-json\/wp\/v2\/product\/63602","targetHints":{"allow":["GET"]}}],"collection":[{"href":"https:\/\/madelinefashion.pl\/en\/wp-json\/wp\/v2\/product"}],"about":[{"href":"https:\/\/madelinefashion.pl\/en\/wp-json\/wp\/v2\/types\/product"}],"wp:featuredmedia":[{"embeddable":true,"href":"https:\/\/madelinefashion.pl\/en\/wp-json\/wp\/v2\/media\/63583"}],"wp:attachment":[{"href":"https:\/\/madelinefashion.pl\/en\/wp-json\/wp\/v2\/media?parent=63602"}],"wp:term":[{"taxonomy":"product_brand","embeddable":true,"href":"https:\/\/madelinefashion.pl\/en\/wp-json\/wp\/v2\/product_brand?post=63602"},{"taxonomy":"product_cat","embeddable":true,"href":"https:\/\/madelinefashion.pl\/en\/wp-json\/wp\/v2\/product_cat?post=63602"},{"taxonomy":"product_tag","embeddable":true,"href":"https:\/\/madelinefashion.pl\/en\/wp-json\/wp\/v2\/product_tag?post=63602"}],"curies":[{"name":"wp","href":"https:\/\/api.w.org\/{rel}","templated":true}]}}