{"id":637,"date":"2018-10-12T18:32:18","date_gmt":"2018-10-12T16:32:18","guid":{"rendered":"http:\/\/serwer2078743.home.pl\/?post_type=product&#038;p=637"},"modified":"2026-04-14T06:42:46","modified_gmt":"2026-04-14T04:42:46","slug":"plaszcz-limonka-dlugi-z-flauszu","status":"publish","type":"product","link":"https:\/\/madelinefashion.pl\/en\/product\/plaszcz-limonka-dlugi-z-flauszu\/","title":{"rendered":"Long Lime Coat made of Fleece"},"content":{"rendered":"<h3 style=\"text-align: center;\">Long Lime Coat made of Fleece<\/h3>\n<p style=\"text-align: center;\">Energetic lime color - liven up your style not only in spring! Neon clothes reign on the catwalks, will you also reach for a juicy lime? It is a combination of elegance, modernity and functionality - The coat is universal - it is suitable for any occasion, it will be perfect at any time of the year, additionally made of fleece makes it perfectly arranged.<\/p>\n<h3 style=\"text-align: center;\">The coat is perfect for any occasion<\/h3>\n<p style=\"text-align: center;\">The real hit is the Lime color of the coat - this color is a real bestseller, chosen by many women. The color adds energy and character, but also allows it to be adapted to different styles.\u00a0<strong>Wrap coat\u00a0<\/strong>\u00a0is a universal product - you can easily use it for different\u00a0\u00a0<strong>styling:<\/strong>\u00a0 elegant and sporty,\u00a0<strong>it will be perfect at any time of the year<\/strong>, not only\u00a0<strong>in spring, in autumn<\/strong>\u00a0if\u00a0<strong>winter<\/strong>. Made of fleece makes it perfectly arranged. The coat is perfect for any occasion. In the offer <strong>we have<\/strong> <strong>also<\/strong> bigger <strong>PLUS SIZE<\/strong> recommended for ladies in size <strong>44,46,48,50<\/strong>\u00a0. The coat is also available in others <strong>color variants<\/strong> - we encourage you to familiarize yourself with our other products. If you cannot decide which color or size is best for you, please contact us via Facebook or by phone.<\/p>\n<h3 style=\"text-align: center;\">Long coat dimensions:<\/h3>\n<ul style=\"text-align: center;\">\n<li>total length back: 90 cm<\/li>\n<li>width from armpit to armpit: 52 cm<\/li>\n<li>sleeve length from the shoulder: 62 cm<\/li>\n<li>sleeve length from armpit: 47 cm<\/li>\n<li>recommended maximum bust circumference: 125-130 cm<\/li>\n<li>bicep width: 36 cm<\/li>\n<\/ul>\n<p style=\"text-align: center;\">Dimensions may slightly differ from the given +\/- 2cm. All dimensions given are measured flat.<\/p>\n<p style=\"text-align: center;\"><strong>\u00a0One size fits all recommended SML XL\u00a0<\/strong><\/p>\n<table width=\"616\">\n<tbody>\n<tr>\n<td width=\"302\">Model name<\/td>\n<td width=\"302\">Lime fleece coat<\/td>\n<\/tr>\n<tr>\n<td width=\"302\">Color<\/td>\n<td width=\"302\">Lime<\/td>\n<\/tr>\n<tr>\n<td width=\"302\">Collection<\/td>\n<td width=\"302\">Spring \/ Autumn \/ Winter<\/td>\n<\/tr>\n<tr>\n<td width=\"302\">Sizes<\/td>\n<td width=\"302\">Universal<\/td>\n<\/tr>\n<tr>\n<td width=\"302\">Fashion<\/td>\n<td width=\"302\">Oversize<\/td>\n<\/tr>\n<tr>\n<td width=\"302\">Hood<\/td>\n<td width=\"302\">Without the hood<\/td>\n<\/tr>\n<tr>\n<td width=\"302\">Warmed up<\/td>\n<td width=\"302\">Uninsulated<\/td>\n<\/tr>\n<tr>\n<td width=\"302\">Material<\/td>\n<td width=\"302\">Petersham<\/td>\n<\/tr>\n<\/tbody>\n<\/table>\n<p>&nbsp;<\/p>\n<p style=\"text-align: center;\">The model has\u00a0<strong>169<\/strong>\u00a0cm tall, wears a size every day\u00a0<strong>S.<\/strong><\/p>\n<p style=\"text-align: center;\">The width at the bust is 92 cm<\/p>\n<p style=\"text-align: center;\">Waist width 62 cm<\/p>\n<p style=\"text-align: center;\">The width at the hips is 94 cm<\/p>","protected":false},"excerpt":{"rendered":"<p>P\u0142aszcz Limonka D\u0142ugi z Flauszu Energetyczny kolor limonkowy\u00a0 &#8211; o\u017cyw sw\u00f3j styl nie tylko na wiosn\u0119!\u00a0\u00a0Neonowe ubrania kr\u00f3luj\u0105 na wybiegach, czy i Ty si\u0119gniesz po soczyst\u0105 limonk\u0119?\u00a0Jest to po\u0142\u0105czenie elegancji, nowoczesno\u015bci i funkcjonalno\u015bci \u2013 P\u0142aszcz jest uniwersalny \u2013 jest stosowny na ka\u017cd\u0105 okazj\u0119, \u015bwietnie sprawdzi si\u0119 w ka\u017cdej porze roku, dodatkowo wykonanie z flauszu sprawia,<\/p>\n<div class=\"klb-readmore post-buttons\"><a class=\"button black outline size-sm\" href=\"https:\/\/madelinefashion.pl\/en\/product\/plaszcz-limonka-dlugi-z-flauszu\/\">Read More <i class=\"klbth-icon-right-arrow\"><\/i><\/a><\/div>","protected":false},"featured_media":34772,"template":"","meta":[],"product_brand":[],"product_cat":[120,395,279],"product_tag":[510],"class_list":{"0":"post-637","1":"product","2":"type-product","3":"status-publish","4":"has-post-thumbnail","6":"product_cat-plaszcze-dlugie","7":"product_cat-nowosci","8":"product_cat-plaszcze-wiosenne","9":"product_tag-plaszcze-flauszowe","11":"first","12":"instock","13":"sale","14":"purchasable","15":"product-type-simple"},"_links":{"self":[{"href":"https:\/\/madelinefashion.pl\/en\/wp-json\/wp\/v2\/product\/637","targetHints":{"allow":["GET"]}}],"collection":[{"href":"https:\/\/madelinefashion.pl\/en\/wp-json\/wp\/v2\/product"}],"about":[{"href":"https:\/\/madelinefashion.pl\/en\/wp-json\/wp\/v2\/types\/product"}],"wp:featuredmedia":[{"embeddable":true,"href":"https:\/\/madelinefashion.pl\/en\/wp-json\/wp\/v2\/media\/34772"}],"wp:attachment":[{"href":"https:\/\/madelinefashion.pl\/en\/wp-json\/wp\/v2\/media?parent=637"}],"wp:term":[{"taxonomy":"product_brand","embeddable":true,"href":"https:\/\/madelinefashion.pl\/en\/wp-json\/wp\/v2\/product_brand?post=637"},{"taxonomy":"product_cat","embeddable":true,"href":"https:\/\/madelinefashion.pl\/en\/wp-json\/wp\/v2\/product_cat?post=637"},{"taxonomy":"product_tag","embeddable":true,"href":"https:\/\/madelinefashion.pl\/en\/wp-json\/wp\/v2\/product_tag?post=637"}],"curies":[{"name":"wp","href":"https:\/\/api.w.org\/{rel}","templated":true}]}}