{"id":6384,"date":"2021-03-23T19:36:22","date_gmt":"2021-03-23T18:36:22","guid":{"rendered":"https:\/\/madelinefashion.pl\/?post_type=product&#038;p=6384"},"modified":"2026-01-20T10:34:40","modified_gmt":"2026-01-20T09:34:40","slug":"tunika-beautiful-czarna","status":"publish","type":"product","link":"https:\/\/madelinefashion.pl\/en\/product\/tunika-beautiful-czarna\/","title":{"rendered":"Beautiful black tunic"},"content":{"rendered":"<h2 style=\"text-align: center;\">Beautiful black tunic<\/h2>\n<p style=\"text-align: center;\">Are you looking for a comfortable and <strong>stylish tunic<\/strong>which you can also wear as <a href=\"https:\/\/madelinefashion.pl\/en\/sukienki-i-kombinezony\/sukienki\/\" target=\"_blank\" rel=\"noopener\">dress<\/a>\u00a0or a tunic? Check ours\u00a0<strong>tunics <\/strong>! A light tunic will be perfect for every season. The tunic is finished with a decorative lace at the bottom and a decorative one at the front<strong> golden inscription\u00a0<\/strong>. Made of pleasant and light material. The classic cut will be perfect for school, work or everyday going out. The tunic is covered with suede on the front.\u00a0 \u00a0<strong>Black tunic<\/strong>\u00a0is the perfect idea for a comfortable and fashionable styling. Recommended for women in size SML XL XXL<\/p>\n<h3 style=\"text-align: center;\">\u00a0 \u00a0 \u00a0 \u00a0Dimensions<\/h3>\n<ul style=\"text-align: center;\">\n<li style=\"list-style-type: none;\">\n<ul>\n<li>\u00a0\u00a0\u00a0\u00a0\u00a0\u00a0\u00a0 overall length: 88 cm<\/li>\n<li>\u00a0\u00a0\u00a0\u00a0\u00a0\u00a0\u00a0 width from armpit to armpit: 54-60 cm<\/li>\n<li>\u00a0\u00a0\u00a0\u00a0\u00a0\u00a0\u00a0 sleeve length from shoulder: 42 cm<\/li>\n<li>\u00a0\u00a0\u00a0\u00a0\u00a0\u00a0\u00a0 sleeve length from armpit: 28 cm<\/li>\n<li>\u00a0\u00a0\u00a0\u00a0\u00a0\u00a0\u00a0 recommended maximum bust circumference: 120 cm<\/li>\n<\/ul>\n<\/li>\n<\/ul>\n<table>\n<tbody>\n<tr>\n<td width=\"302\">Model name<\/td>\n<td width=\"302\">Beautiful tunic<\/td>\n<\/tr>\n<tr>\n<td width=\"302\">Color<\/td>\n<td width=\"302\">Black<\/td>\n<\/tr>\n<tr>\n<td width=\"302\">Sizes<\/td>\n<td width=\"302\">Universal<\/td>\n<\/tr>\n<tr>\n<td width=\"302\">Fashion<\/td>\n<td width=\"302\">Oversize<\/td>\n<\/tr>\n<tr>\n<td width=\"302\">Material<\/td>\n<td width=\"302\">95 % Cotton 5% Elastane<\/td>\n<\/tr>\n<\/tbody>\n<\/table>\n<p>1<\/p>\n<div class=\"tabs tabs-bb clear mb-80\">\n<div class=\"tab-content\">\n<div id=\"tab-description\" class=\"tab-pane fade in woocommerce-Tabs-panel--description active\">\n<p style=\"text-align: center;\">\u00a0The model has\u00a0<strong>175<\/strong>\u00a0cm tall, wears a size every day\u00a0<strong>S.<\/strong><\/p>\n<p>&nbsp;<\/p>\n<\/div>\n<\/div>\n<\/div>\n<section class=\"up-sells upsells products mb-80\"><\/section>\n<p style=\"text-align: center;\">","protected":false},"excerpt":{"rendered":"<p>Tunika Beautiful Czarna Szukasz wygodnej i stylowej Tuniki, kt\u00f3r\u0105 mo\u017cesz nosi\u0107 r\u00f3wnie\u017c jako sukienk\u0119\u00a0lub tunik\u0119? Sprawd\u017a nasze\u00a0tuniki ! Lekka tunika sprawdzi si\u0119 idealnie na ka\u017cd\u0105 por\u0119 roku. Tunika zako\u0144czona jest na dole ozdobn\u0105 koronk\u0105 a z przodu posiada ozdobny z\u0142oty napis\u00a0. Wykonana z przyjemnego i lekkiego materia\u0142u. Klasyczny fason b\u0119dzie idealny do szko\u0142y, pracy czy<\/p>\n<div class=\"klb-readmore post-buttons\"><a class=\"button black outline size-sm\" href=\"https:\/\/madelinefashion.pl\/en\/product\/tunika-beautiful-czarna\/\">Read More <i class=\"klbth-icon-right-arrow\"><\/i><\/a><\/div>","protected":false},"featured_media":6382,"template":"","meta":[],"product_brand":[],"product_cat":[77],"product_tag":[296],"class_list":{"0":"post-6384","1":"product","2":"type-product","3":"status-publish","4":"has-post-thumbnail","6":"product_cat-bluzki","7":"product_tag-tuniki","9":"first","10":"instock","11":"sale","12":"purchasable","13":"product-type-simple"},"_links":{"self":[{"href":"https:\/\/madelinefashion.pl\/en\/wp-json\/wp\/v2\/product\/6384","targetHints":{"allow":["GET"]}}],"collection":[{"href":"https:\/\/madelinefashion.pl\/en\/wp-json\/wp\/v2\/product"}],"about":[{"href":"https:\/\/madelinefashion.pl\/en\/wp-json\/wp\/v2\/types\/product"}],"wp:featuredmedia":[{"embeddable":true,"href":"https:\/\/madelinefashion.pl\/en\/wp-json\/wp\/v2\/media\/6382"}],"wp:attachment":[{"href":"https:\/\/madelinefashion.pl\/en\/wp-json\/wp\/v2\/media?parent=6384"}],"wp:term":[{"taxonomy":"product_brand","embeddable":true,"href":"https:\/\/madelinefashion.pl\/en\/wp-json\/wp\/v2\/product_brand?post=6384"},{"taxonomy":"product_cat","embeddable":true,"href":"https:\/\/madelinefashion.pl\/en\/wp-json\/wp\/v2\/product_cat?post=6384"},{"taxonomy":"product_tag","embeddable":true,"href":"https:\/\/madelinefashion.pl\/en\/wp-json\/wp\/v2\/product_tag?post=6384"}],"curies":[{"name":"wp","href":"https:\/\/api.w.org\/{rel}","templated":true}]}}