{"id":63884,"date":"2022-10-24T14:03:53","date_gmt":"2022-10-24T12:03:53","guid":{"rendered":"https:\/\/madelinefashion.pl\/?post_type=product&#038;p=63884"},"modified":"2026-03-07T13:47:00","modified_gmt":"2026-03-07T12:47:00","slug":"sukienka-asymetryczna-cekinowa-gloria-srebrna","status":"publish","type":"product","link":"https:\/\/madelinefashion.pl\/en\/product\/sukienka-asymetryczna-cekinowa-gloria-srebrna\/","title":{"rendered":"Asymmetric sequin dress Gloria Srebrna"},"content":{"rendered":"<h3 style=\"text-align: center;\">Asymmetric sequin dress Gloria Srebrna<\/h3>\n<p style=\"text-align: center;\">Beautiful sequin dress, fitted to the body with a longer back. Put it on for a special occasion and make sure that no one will pass by you indifferently. Dress with straps with a beautiful V-neckline, the dress has an elastic band at the waist which beautifully emphasizes the feminine shapes. <strong>The size is UNIVERSAL\u00a0<\/strong>\u00a0recommended for ladies wearing XS, S, M, L\u00a0<strong>,<\/strong>\u00a0but we recommend\u00a0<strong>accurate measurement\u00a0<\/strong>according to the dimension table below. Available in our e-shop in several color variants, so do not hesitate and choose the one that is perfect for you.<\/p>\n<h3 style=\"text-align: center;\">Dress dimensions<\/h3>\n<ul>\n<li style=\"text-align: center;\">total length at the front: 85 cm<br \/>\ntotal length back: 114 cm<\/li>\n<li style=\"text-align: center;\">width from armpit to armpit: 38 - 49 cm cm<\/li>\n<li style=\"text-align: center;\">waist width: 32 - 48 (elastic band)<\/li>\n<li style=\"text-align: center;\">maximum width at the hips: 110 cm<\/li>\n<\/ul>\n<p>&nbsp;<\/p>\n<p style=\"text-align: center;\">Dimensions may slightly differ from the given +\/- 2cm. All dimensions given are measured flat. X2 dimension<\/p>\n<p style=\"text-align: center;\"><strong>\u00a0<\/strong><\/p>\n<table style=\"height: 197px;\" width=\"662\">\n<tbody>\n<tr>\n<td width=\"302\">Model name<\/td>\n<td width=\"302\">Asymmetric Sequin Gloria Dress<\/td>\n<\/tr>\n<tr>\n<td width=\"302\">Color<\/td>\n<td width=\"302\">Silver<\/td>\n<\/tr>\n<tr>\n<td width=\"302\">Collection<\/td>\n<td width=\"302\">Fall \/ Winter \/ Spring \/ Summer<\/td>\n<\/tr>\n<tr>\n<td width=\"302\">Sizes<\/td>\n<td width=\"302\">Universal<\/td>\n<\/tr>\n<tr>\n<td width=\"302\">Fashion<\/td>\n<td width=\"302\">Fitted \/ Elastic \/ Asymmetrical<\/td>\n<\/tr>\n<tr>\n<td width=\"302\">Decoration<\/td>\n<td width=\"302\">Sequins<\/td>\n<\/tr>\n<\/tbody>\n<\/table>\n<p>&nbsp;<\/p>\n<section class=\"page-product-box\">\n<div class=\"rte\">\n<p style=\"text-align: center;\">The model has\u00a0<strong>169<\/strong>\u00a0cm tall, wears a size every day\u00a0<strong>S.<\/strong><\/p>\n<p style=\"text-align: center;\">The width at the bust is 92 cm<\/p>\n<p style=\"text-align: center;\">Waist width 62 cm<\/p>\n<p style=\"text-align: center;\">The width at the hips is 94 cm<\/p>\n<p>&nbsp;<\/p>\n<p style=\"text-align: center;\">\n<\/div>\n<\/section>","protected":false},"excerpt":{"rendered":"<p>Sukienka Asymetryczna Cekinowa Gloria Srebrna Pi\u0119kna cekinowa sukienka, dopasowana do cia\u0142a z d\u0142u\u017cszym ty\u0142em. Za\u0142\u00f3\u017c j\u0105 na wyj\u0105tkow\u0105 okazj\u0119 i spraw, \u017ce nikt nie przejdzie obok Ciebie oboj\u0119tnie. Sukienka na rami\u0105czka z pi\u0119knym dekoltem\u00a0 V, sukienka posiada gumk\u0119 w talii co pi\u0119knie podkre\u015bla kobiece kszta\u0142ty. Rozmiar jest UNIWERSALNY\u00a0\u00a0zalecany dla Pa\u0144 nosz\u0105cych XS,S,M,L\u00a0,\u00a0ale zalecamy\u00a0dok\u0142adne zmierzenie\u00a0zgodnie z<\/p>\n<div class=\"klb-readmore post-buttons\"><a class=\"button black outline size-sm\" href=\"https:\/\/madelinefashion.pl\/en\/product\/sukienka-asymetryczna-cekinowa-gloria-srebrna\/\">Read More <i class=\"klbth-icon-right-arrow\"><\/i><\/a><\/div>","protected":false},"featured_media":63813,"template":"","meta":[],"product_brand":[],"product_cat":[124,395,558],"product_tag":[],"class_list":{"0":"post-63884","1":"product","2":"type-product","3":"status-publish","4":"has-post-thumbnail","6":"product_cat-sukienki-okolicznosciowe","7":"product_cat-nowosci","8":"product_cat-sukienki-cekinowe","10":"first","11":"instock","12":"sale","13":"purchasable","14":"product-type-simple"},"_links":{"self":[{"href":"https:\/\/madelinefashion.pl\/en\/wp-json\/wp\/v2\/product\/63884","targetHints":{"allow":["GET"]}}],"collection":[{"href":"https:\/\/madelinefashion.pl\/en\/wp-json\/wp\/v2\/product"}],"about":[{"href":"https:\/\/madelinefashion.pl\/en\/wp-json\/wp\/v2\/types\/product"}],"wp:featuredmedia":[{"embeddable":true,"href":"https:\/\/madelinefashion.pl\/en\/wp-json\/wp\/v2\/media\/63813"}],"wp:attachment":[{"href":"https:\/\/madelinefashion.pl\/en\/wp-json\/wp\/v2\/media?parent=63884"}],"wp:term":[{"taxonomy":"product_brand","embeddable":true,"href":"https:\/\/madelinefashion.pl\/en\/wp-json\/wp\/v2\/product_brand?post=63884"},{"taxonomy":"product_cat","embeddable":true,"href":"https:\/\/madelinefashion.pl\/en\/wp-json\/wp\/v2\/product_cat?post=63884"},{"taxonomy":"product_tag","embeddable":true,"href":"https:\/\/madelinefashion.pl\/en\/wp-json\/wp\/v2\/product_tag?post=63884"}],"curies":[{"name":"wp","href":"https:\/\/api.w.org\/{rel}","templated":true}]}}