{"id":639,"date":"2018-10-12T18:33:34","date_gmt":"2018-10-12T16:33:34","guid":{"rendered":"http:\/\/serwer2078743.home.pl\/?post_type=product&#038;p=639"},"modified":"2026-03-11T11:33:06","modified_gmt":"2026-03-11T10:33:06","slug":"plaszcz-bordowy-dlugi-z-flauszu","status":"publish","type":"product","link":"https:\/\/madelinefashion.pl\/en\/product\/plaszcz-bordowy-dlugi-z-flauszu\/","title":{"rendered":"Long burgundy coat made of fleece"},"content":{"rendered":"<h3 style=\"text-align: center;\">Long burgundy coat made of fleece<\/h3>\n<p style=\"text-align: center;\"><strong>Maroon coat<\/strong> long fleece is a real bestseller for spring and autumn. It is a combination of elegance, modernity and functionality - the maroon coat fits every figure. The coats are very comfortable, making them suitable for everyday wear or to a party when you want to look great and feel great at the same time. Thanks to the structure of the material, it will work better <strong>on colder days and during transitional periods.<\/strong> Size <strong>universal <\/strong>\u00a0recommended for ladies wearing size\u00a0<strong>S, M, L, XL<\/strong> which is a huge advantage of this model. In the offer <strong>we have<\/strong> <strong>also<\/strong> bigger <strong>PLUS SIZE<\/strong> recommended for ladies in size <strong>44,46,48,50<\/strong>\u00a0. The coat is also available in others <strong>color variants<\/strong> - we encourage you to familiarize yourself with our other products. If you cannot decide which color or size is best for you, please contact us via Facebook or by phone.<\/p>\n<h3 style=\"text-align: center;\">The coat is perfect for any occasion<\/h3>\n<p style=\"text-align: center;\"><strong>Claret<\/strong>\u00a0also called color\u00a0<strong>fault<\/strong>\u00a0or\u00a0<strong>burgundy<\/strong>. In our opinion, burgundy color, like khaki, mustard or brown, is perfect for the period<strong>\u00a0autumn-winter<\/strong>. This color adds character - it also allows you to match it to different styles.<br \/>\n<strong>Buy a coat<\/strong> in maroon color - and\u00a0<strong>feel special.\u00a0 <\/strong>You will use our coats for most of your stylizations, due to the fact that the colors are subdued, elegant and chic.<\/p>\n<h3 style=\"text-align: center;\">Long coat dimensions:<\/h3>\n<ul style=\"text-align: center;\">\n<li>total length back: 90 cm<\/li>\n<li>width from armpit to armpit: 52 cm<\/li>\n<li>sleeve length from the shoulder: 62 cm<\/li>\n<li>sleeve length from armpit: 47 cm<\/li>\n<li>recommended maximum bust circumference: 125-130 cm<\/li>\n<li>bicep width: 36 cm<\/li>\n<\/ul>\n<p style=\"text-align: center;\">Dimensions may slightly differ from the given +\/- 2cm. All dimensions given are measured flat.<\/p>\n<p style=\"text-align: center;\"><strong>One size fits all, recommended for SML XL\u00a0<\/strong><\/p>\n<p style=\"text-align: center;\"><strong>\u00a0<\/strong><\/p>\n<table width=\"610\">\n<tbody>\n<tr>\n<td width=\"302\">Model name<\/td>\n<td width=\"302\">Claret coat<\/td>\n<\/tr>\n<tr>\n<td width=\"302\">Color<\/td>\n<td width=\"302\">Claret<\/td>\n<\/tr>\n<tr>\n<td width=\"302\">Collection<\/td>\n<td width=\"302\">Spring \/ Autumn \/ Winter<\/td>\n<\/tr>\n<tr>\n<td width=\"302\">Sizes<\/td>\n<td width=\"302\">Universal<\/td>\n<\/tr>\n<tr>\n<td width=\"302\">Fashion<\/td>\n<td width=\"302\">Oversize<\/td>\n<\/tr>\n<tr>\n<td width=\"302\">Hood<\/td>\n<td width=\"302\">Without the hood<\/td>\n<\/tr>\n<tr>\n<td width=\"302\">Pockets<\/td>\n<td width=\"302\">Yes<\/td>\n<\/tr>\n<tr>\n<td width=\"302\">Material<\/td>\n<td width=\"302\">Petersham<\/td>\n<\/tr>\n<\/tbody>\n<\/table>\n<p>&nbsp;<\/p>\n<p style=\"text-align: center;\">The model has\u00a0<strong>169<\/strong>\u00a0cm tall, wears a size every day\u00a0<strong>S.<\/strong><\/p>\n<p style=\"text-align: center;\">The width at the bust is 92 cm<\/p>\n<p style=\"text-align: center;\">Waist width 62 cm<\/p>\n<p style=\"text-align: center;\">The width at the hips is 94 cm<\/p>","protected":false},"excerpt":{"rendered":"<p>P\u0142aszcz Bordowy D\u0142ugi z Flauszu Bordowy p\u0142aszcz d\u0142ugi z flauszu to prawdziwy bestseler na wiosn\u0119 i jesie\u0144. Jest to po\u0142\u0105czenie elegancji, nowoczesno\u015bci i funkcjonalno\u015bci \u2013 Bordowy p\u0142aszczyk wpisuje si\u0119 w ka\u017cd\u0105 sylwetk\u0119. P\u0142aszcze s\u0105 bardzo wygodne, dzi\u0119ki czemu nadaj\u0105 si\u0119 do noszenia na co dzie\u0144 lub na imprez\u0119, kiedy chcesz wygl\u0105da\u0107 doskonale i jednocze\u015bnie \u015bwietnie<\/p>\n<div class=\"klb-readmore post-buttons\"><a class=\"button black outline size-sm\" href=\"https:\/\/madelinefashion.pl\/en\/product\/plaszcz-bordowy-dlugi-z-flauszu\/\">Read More <i class=\"klbth-icon-right-arrow\"><\/i><\/a><\/div>","protected":false},"featured_media":56295,"template":"","meta":[],"product_brand":[],"product_cat":[120,279],"product_tag":[510],"class_list":{"0":"post-639","1":"product","2":"type-product","3":"status-publish","4":"has-post-thumbnail","6":"product_cat-plaszcze-dlugie","7":"product_cat-plaszcze-wiosenne","8":"product_tag-plaszcze-flauszowe","10":"first","11":"instock","12":"sale","13":"purchasable","14":"product-type-simple"},"_links":{"self":[{"href":"https:\/\/madelinefashion.pl\/en\/wp-json\/wp\/v2\/product\/639","targetHints":{"allow":["GET"]}}],"collection":[{"href":"https:\/\/madelinefashion.pl\/en\/wp-json\/wp\/v2\/product"}],"about":[{"href":"https:\/\/madelinefashion.pl\/en\/wp-json\/wp\/v2\/types\/product"}],"wp:featuredmedia":[{"embeddable":true,"href":"https:\/\/madelinefashion.pl\/en\/wp-json\/wp\/v2\/media\/56295"}],"wp:attachment":[{"href":"https:\/\/madelinefashion.pl\/en\/wp-json\/wp\/v2\/media?parent=639"}],"wp:term":[{"taxonomy":"product_brand","embeddable":true,"href":"https:\/\/madelinefashion.pl\/en\/wp-json\/wp\/v2\/product_brand?post=639"},{"taxonomy":"product_cat","embeddable":true,"href":"https:\/\/madelinefashion.pl\/en\/wp-json\/wp\/v2\/product_cat?post=639"},{"taxonomy":"product_tag","embeddable":true,"href":"https:\/\/madelinefashion.pl\/en\/wp-json\/wp\/v2\/product_tag?post=639"}],"curies":[{"name":"wp","href":"https:\/\/api.w.org\/{rel}","templated":true}]}}