{"id":6412,"date":"2021-03-23T21:21:55","date_gmt":"2021-03-23T20:21:55","guid":{"rendered":"https:\/\/madelinefashion.pl\/?post_type=product&#038;p=6412"},"modified":"2026-01-20T10:34:40","modified_gmt":"2026-01-20T09:34:40","slug":"tunika-jeans-gloria-ciemna","status":"publish","type":"product","link":"https:\/\/madelinefashion.pl\/en\/product\/tunika-jeans-gloria-ciemna\/","title":{"rendered":"Tunic Jeans Gloria Dark"},"content":{"rendered":"<h3 style=\"text-align: center;\">Tunic Jeans Gloria Dark<\/h3>\n<p style=\"text-align: center;\">Are you looking for a comfortable and <strong>stylish tunic<\/strong>which you can also wear as <a href=\"https:\/\/madelinefashion.pl\/en\/sukienki-i-kombinezony\/sukienki\/\" target=\"_blank\" rel=\"noopener\">dress<\/a> or a tunic? A light shirt tunic will be perfect for any season. The asymmetrical tunic comes with a belt so that <strong>you will perfectly emphasize feminine shapes<\/strong>. Made of pleasant and light material. A casual tunic made of thin denim. A shirt dress with a belt, pockets on the chest. Sleeves can be fastened. <strong>It looks great every day, at work or at night out.<\/strong> It goes with everything. <b>Our denim shirt tunic is<\/b>\u00a0a perfect idea for a comfortable and fashionable styling. Recommended for ladies in size <strong>SML XL Universal size.<\/strong><\/p>\n<p>&nbsp;<\/p>\n<h3 style=\"text-align: center;\">\u00a0 \u00a0 \u00a0 \u00a0Dimensions<\/h3>\n<ul>\n<li style=\"text-align: center;\">overall length: 98 cm<\/li>\n<li style=\"text-align: center;\">width from armpit to armpit: 57 cm<\/li>\n<li style=\"text-align: center;\">sleeve length from armpit: 26-32 cm<\/li>\n<li style=\"text-align: center;\">sleeve length from shoulder: 23-42 cm<\/li>\n<li style=\"text-align: center;\">waist width: 40-50 cm<\/li>\n<li style=\"text-align: center;\">recommended maximum bust circumference: 108 cm<\/li>\n<\/ul>\n<p>&nbsp;<\/p>\n<p style=\"text-align: center;\">Dimensions may slightly differ from the given +\/- 2cm. All dimensions given are measured flat.<\/p>\n<table>\n<tbody>\n<tr>\n<td width=\"302\">Model name<\/td>\n<td width=\"302\">Jeans Gloria tunic<\/td>\n<\/tr>\n<tr>\n<td width=\"302\">Color<\/td>\n<td width=\"302\">Dark Jeans<\/td>\n<\/tr>\n<tr>\n<td width=\"302\">Sizes<\/td>\n<td width=\"302\">Universal<\/td>\n<\/tr>\n<tr>\n<td width=\"302\">Fashion<\/td>\n<td width=\"302\">Oversize<\/td>\n<\/tr>\n<tr>\n<td width=\"302\">Material<\/td>\n<td width=\"302\">95 % Cotton 5% Elastane<\/td>\n<\/tr>\n<\/tbody>\n<\/table>\n<p>&nbsp;<\/p>\n<div class=\"tabs tabs-bb clear mb-80\">\n<div class=\"tab-content\">\n<div id=\"tab-description\" class=\"tab-pane fade in woocommerce-Tabs-panel--description active\">\n<p style=\"text-align: center;\">The model has\u00a0<strong>169<\/strong>\u00a0cm tall, wears a size every day\u00a0<strong>S.<\/strong><\/p>\n<p style=\"text-align: center;\">The width at the bust is 92 cm<\/p>\n<p style=\"text-align: center;\">Waist width 62 cm<\/p>\n<p style=\"text-align: center;\">The width at the hips is 94 cm<\/p>\n<\/div>\n<\/div>\n<\/div>","protected":false},"excerpt":{"rendered":"<p>Tunika Jeans Gloria Ciemna Szukasz wygodnej i stylowej Tuniki, kt\u00f3r\u0105 mo\u017cesz nosi\u0107 r\u00f3wnie\u017c jako sukienk\u0119 lub tunik\u0119? Lekka koszulowa tunika sprawdzi si\u0119 idealnie na ka\u017cd\u0105 por\u0119 roku. Asymetryczna tunika posiada w zestawie pasek dzi\u0119ki czemu idealnie podkre\u015blisz kobiece kszta\u0142ty. \u00a0Wykonana z przyjemnego i lekkiego materia\u0142u. Tunika \u00a0w stylu casual wykonana z cienkiego jeansu. Fason typu<\/p>\n<div class=\"klb-readmore post-buttons\"><a class=\"button black outline size-sm\" href=\"https:\/\/madelinefashion.pl\/en\/product\/tunika-jeans-gloria-ciemna\/\">Read More <i class=\"klbth-icon-right-arrow\"><\/i><\/a><\/div>","protected":false},"featured_media":78920,"template":"","meta":[],"product_brand":[],"product_cat":[92],"product_tag":[296],"class_list":{"0":"post-6412","1":"product","2":"type-product","3":"status-publish","4":"has-post-thumbnail","6":"product_cat-koszule","7":"product_tag-tuniki","9":"first","10":"instock","11":"sale","12":"purchasable","13":"product-type-simple"},"_links":{"self":[{"href":"https:\/\/madelinefashion.pl\/en\/wp-json\/wp\/v2\/product\/6412","targetHints":{"allow":["GET"]}}],"collection":[{"href":"https:\/\/madelinefashion.pl\/en\/wp-json\/wp\/v2\/product"}],"about":[{"href":"https:\/\/madelinefashion.pl\/en\/wp-json\/wp\/v2\/types\/product"}],"wp:featuredmedia":[{"embeddable":true,"href":"https:\/\/madelinefashion.pl\/en\/wp-json\/wp\/v2\/media\/78920"}],"wp:attachment":[{"href":"https:\/\/madelinefashion.pl\/en\/wp-json\/wp\/v2\/media?parent=6412"}],"wp:term":[{"taxonomy":"product_brand","embeddable":true,"href":"https:\/\/madelinefashion.pl\/en\/wp-json\/wp\/v2\/product_brand?post=6412"},{"taxonomy":"product_cat","embeddable":true,"href":"https:\/\/madelinefashion.pl\/en\/wp-json\/wp\/v2\/product_cat?post=6412"},{"taxonomy":"product_tag","embeddable":true,"href":"https:\/\/madelinefashion.pl\/en\/wp-json\/wp\/v2\/product_tag?post=6412"}],"curies":[{"name":"wp","href":"https:\/\/api.w.org\/{rel}","templated":true}]}}