{"id":643,"date":"2018-10-12T18:35:28","date_gmt":"2018-10-12T16:35:28","guid":{"rendered":"http:\/\/serwer2078743.home.pl\/?post_type=product&#038;p=643"},"modified":"2026-04-14T06:42:46","modified_gmt":"2026-04-14T04:42:46","slug":"plaszcz-mietowy-dlugi-z-flauszu","status":"publish","type":"product","link":"https:\/\/madelinefashion.pl\/en\/product\/plaszcz-mietowy-dlugi-z-flauszu\/","title":{"rendered":"Long Mint Coat made of Fleece"},"content":{"rendered":"<h3 style=\"text-align: center;\">Long Mint Coat made of Fleece<\/h3>\n<p style=\"text-align: center;\">Color coat <strong>Mint<\/strong> <strong>long fleece<\/strong> this <strong>ideal\u00a0<\/strong>suggestion on\u00a0<strong>spring, autumn<\/strong>\u00a0and delicate\u00a0<strong>winter<\/strong>. It is a combination of elegance, modernity and functionality - Beige coat fits every figure. The coat is universal - it is appropriate for any occasion, it will be perfect for any occasion\u00a0<strong>time of year<\/strong>Additionally, the fact that it is made of fleece makes it fit perfectly.<\/p>\n<p style=\"text-align: center;\">A modern, elegant and stylish fleece coat that fits every figure and is suitable for any occasion and any season. The coat is available in various colors. The colors are subdued, and thus they seem very elegant and chic. Perfect for school, work, a date or meeting with friends! Recommended for ladies wearing <strong>SML XL\u00a0<\/strong><\/p>\n<p style=\"text-align: center;\"><strong>Perfect for any time and occasion!<\/strong><\/p>\n<p style=\"text-align: center;\">\u2022 total length back: 90 cm<br \/>\n\u2022 width from armpit to armpit: 52 cm<br \/>\n\u2022 sleeve length from the shoulder: 62 cm<br \/>\n\u2022 sleeve length from armpit: 47 cm<br \/>\n\u2022 recommended maximum bust circumference: 125-130 cm<br \/>\n\u2022 bicep width: 36 cm<\/p>\n<p style=\"text-align: center;\">The dimensions may be slightly different from the given +\/- 2cm. All dimensions given are measured flat.<\/p>\n<p>&nbsp;<\/p>\n<p>&nbsp;<\/p>\n<table width=\"620\">\n<tbody>\n<tr>\n<td width=\"302\">Model name<\/td>\n<td width=\"302\">Mint fleece coat<\/td>\n<\/tr>\n<tr>\n<td width=\"302\">Color<\/td>\n<td width=\"302\">Beige<\/td>\n<\/tr>\n<tr>\n<td width=\"302\">Collection<\/td>\n<td width=\"302\">Spring \/ Autumn \/ Winter<\/td>\n<\/tr>\n<tr>\n<td width=\"302\">Sizes<\/td>\n<td width=\"302\">Universal<\/td>\n<\/tr>\n<tr>\n<td width=\"302\">Fashion<\/td>\n<td width=\"302\">Oversize<\/td>\n<\/tr>\n<tr>\n<td width=\"302\">Hood<\/td>\n<td width=\"302\">Without the hood<\/td>\n<\/tr>\n<tr>\n<td width=\"302\">Pockets<\/td>\n<td width=\"302\">Yes<\/td>\n<\/tr>\n<tr>\n<td width=\"302\">Material<\/td>\n<td width=\"302\">Petersham<\/td>\n<\/tr>\n<\/tbody>\n<\/table>\n<p>&nbsp;<\/p>\n<p style=\"text-align: center;\">The model has\u00a0<strong>169<\/strong>\u00a0cm tall, wears a size every day\u00a0<strong>S.<\/strong><\/p>\n<p style=\"text-align: center;\">The width at the bust is 92 cm<\/p>\n<p style=\"text-align: center;\">Waist width 62 cm<\/p>\n<p style=\"text-align: center;\">The width at the hips is 94 cm<\/p>","protected":false},"excerpt":{"rendered":"<p>P\u0142aszcz Mi\u0119towy D\u0142ugi z Flauszu P\u0142aszcz w kolorze Mi\u0119towym d\u0142ugi z flauszu to idealna\u00a0propozycja na\u00a0wiosn\u0119, jesie\u0144\u00a0i delikatn\u0105\u00a0zim\u0119. Jest to po\u0142\u0105czenie elegancji, nowoczesno\u015bci i funkcjonalno\u015bci \u2013 Be\u017cowy p\u0142aszczyk wpisuje si\u0119 w ka\u017cd\u0105 sylwetk\u0119. P\u0142aszcz jest uniwersalny \u2013 jest stosowny na ka\u017cd\u0105 okazj\u0119, \u015bwietnie sprawdzi si\u0119 w ka\u017cdej\u00a0porze roku, dodatkowo wykonanie z flauszu sprawia, \u017ce idealnie si\u0119<\/p>\n<div class=\"klb-readmore post-buttons\"><a class=\"button black outline size-sm\" href=\"https:\/\/madelinefashion.pl\/en\/product\/plaszcz-mietowy-dlugi-z-flauszu\/\">Read More <i class=\"klbth-icon-right-arrow\"><\/i><\/a><\/div>","protected":false},"featured_media":60058,"template":"","meta":[],"product_brand":[],"product_cat":[118,120,279],"product_tag":[510],"class_list":{"0":"post-643","1":"product","2":"type-product","3":"status-publish","4":"has-post-thumbnail","6":"product_cat-plaszcze","7":"product_cat-plaszcze-dlugie","8":"product_cat-plaszcze-wiosenne","9":"product_tag-plaszcze-flauszowe","11":"first","12":"instock","13":"sale","14":"purchasable","15":"product-type-simple"},"_links":{"self":[{"href":"https:\/\/madelinefashion.pl\/en\/wp-json\/wp\/v2\/product\/643","targetHints":{"allow":["GET"]}}],"collection":[{"href":"https:\/\/madelinefashion.pl\/en\/wp-json\/wp\/v2\/product"}],"about":[{"href":"https:\/\/madelinefashion.pl\/en\/wp-json\/wp\/v2\/types\/product"}],"wp:featuredmedia":[{"embeddable":true,"href":"https:\/\/madelinefashion.pl\/en\/wp-json\/wp\/v2\/media\/60058"}],"wp:attachment":[{"href":"https:\/\/madelinefashion.pl\/en\/wp-json\/wp\/v2\/media?parent=643"}],"wp:term":[{"taxonomy":"product_brand","embeddable":true,"href":"https:\/\/madelinefashion.pl\/en\/wp-json\/wp\/v2\/product_brand?post=643"},{"taxonomy":"product_cat","embeddable":true,"href":"https:\/\/madelinefashion.pl\/en\/wp-json\/wp\/v2\/product_cat?post=643"},{"taxonomy":"product_tag","embeddable":true,"href":"https:\/\/madelinefashion.pl\/en\/wp-json\/wp\/v2\/product_tag?post=643"}],"curies":[{"name":"wp","href":"https:\/\/api.w.org\/{rel}","templated":true}]}}