{"id":64508,"date":"2022-10-27T10:15:25","date_gmt":"2022-10-27T08:15:25","guid":{"rendered":"https:\/\/madelinefashion.pl\/?post_type=product&#038;p=64508"},"modified":"2026-03-05T17:03:19","modified_gmt":"2026-03-05T16:03:19","slug":"sukienka-prazkowana-z-koronka-aguero-bordowa","status":"publish","type":"product","link":"https:\/\/madelinefashion.pl\/en\/product\/sukienka-prazkowana-z-koronka-aguero-bordowa\/","title":{"rendered":"Ribbed Dress with Lace Aguero Burgundy"},"content":{"rendered":"<h3 style=\"text-align: center;\">Ribbed Dress with Lace Aguero Burgundy<\/h3>\n<p style=\"text-align: center;\">Aguero Ribbed Dress with Lace has a wonderful cut that perfectly emphasizes the figure and beautifully <strong>female shapes<\/strong>. Phenomenal knitwear <strong>fitted dress <\/strong>with lace. Made of extremely pleasant material. Slipped over the head, it fits perfectly on the body. <strong>Dress<\/strong> for a long, straight sleeve. Its simple cut and classic pattern will fit into many styles. You can successfully dress it for everyday outings, work, family gatherings or even more important occasions. <strong>The size is UNIVERSAL<\/strong> recommended for ladies wearing <strong>XS SML <\/strong><strong>,<\/strong>\u00a0but we recommend\u00a0<strong>accurate measurement <\/strong>according to the dimension table below. Available in our e-shop in several color variants, so do not hesitate and choose the one that is perfect for you.<\/p>\n<h3 style=\"text-align: center;\">Dress dimensions:<\/h3>\n<ul style=\"text-align: center;\">\n<li>Overall length 87 cm<\/li>\n<li>Lace length 8.5 cm<\/li>\n<li>The width from armpit to armpit -44 - 87 cm<\/li>\n<li>Waist width: 38 - 50 cm<\/li>\n<li>The width of the hips is 40 - 53 cm<\/li>\n<li>Sleeve length from armpit 32 cm<\/li>\n<li>Sleeve length from the shoulder 45 cm<\/li>\n<\/ul>\n<p style=\"text-align: center;\">Dimensions may slightly differ from the given +\/- 2cm. All dimensions given are measured flat.<\/p>\n<table width=\"610\">\n<tbody>\n<tr>\n<td width=\"302\">Model name<\/td>\n<td width=\"302\">Ribbed Dress with Lace Aguero<\/td>\n<\/tr>\n<tr>\n<td width=\"302\">Color<\/td>\n<td width=\"302\">Claret<\/td>\n<\/tr>\n<tr>\n<td width=\"302\">Sizes<\/td>\n<td width=\"302\">Universal<\/td>\n<\/tr>\n<tr>\n<td width=\"302\">Collection<\/td>\n<td width=\"302\">Spring Summer Autumn Winter<\/td>\n<\/tr>\n<tr>\n<td width=\"302\">Cleavage<\/td>\n<td width=\"302\">Round<\/td>\n<\/tr>\n<tr>\n<td width=\"302\">Length<\/td>\n<td width=\"302\">Mini<\/td>\n<\/tr>\n<tr>\n<td width=\"302\">Material<\/td>\n<td width=\"302\">60% Viscose 35% Polyester 5% Elastane<\/td>\n<\/tr>\n<\/tbody>\n<\/table>\n<section class=\"page-product-box\">\n<div class=\"rte\">\n<div class=\"tabs tabs-bb clear mb-80\">\n<div class=\"tab-content\">\n<div id=\"tab-description\" class=\"tab-pane fade in woocommerce-Tabs-panel--description active\">\n<p style=\"text-align: center;\">The model has\u00a0<strong>169<\/strong>\u00a0cm tall, wears a size every day\u00a0<strong>S.<\/strong><\/p>\n<p style=\"text-align: center;\">The width at the bust is 92 cm<\/p>\n<p style=\"text-align: center;\">Waist width 62 cm<\/p>\n<p style=\"text-align: center;\">The width at the hips is 94 cm<\/p>\n<\/div>\n<\/div>\n<\/div>\n<\/div>\n<\/section>\n<p style=\"text-align: center;\">","protected":false},"excerpt":{"rendered":"<p>Sukienka Pr\u0105\u017ckowana z Koronk\u0105 Aguero Bordowa Sukienka Pr\u0105\u017ckowana z Koronk\u0105 Aguero posiada cudowny kr\u00f3j kt\u00f3ry idealnie pi\u0119knie podkre\u015bla figur\u0119 i kobiece kszta\u0142ty. Zjawiskowa dzianinowa sukienka dopasowana z koronk\u0105. Wykonana z niezwykle przyjemnego materia\u0142u. Wk\u0142adana przez g\u0142ow\u0119, \u015bwietnie uk\u0142ada si\u0119 na ciele. Sukienka na d\u0142ugi, prosty r\u0119kaw. Jej prosty kr\u00f3j i klasyczny wz\u00f3r wpisze si\u0119 w<\/p>\n<div class=\"klb-readmore post-buttons\"><a class=\"button black outline size-sm\" href=\"https:\/\/madelinefashion.pl\/en\/product\/sukienka-prazkowana-z-koronka-aguero-bordowa\/\">Read More <i class=\"klbth-icon-right-arrow\"><\/i><\/a><\/div>","protected":false},"featured_media":64424,"template":"","meta":[],"product_brand":[],"product_cat":[395,125,158],"product_tag":[],"class_list":{"0":"post-64508","1":"product","2":"type-product","3":"status-publish","4":"has-post-thumbnail","6":"product_cat-nowosci","7":"product_cat-sukienki","8":"product_cat-sukienki-sweterkowe","10":"first","11":"instock","12":"sale","13":"purchasable","14":"product-type-simple"},"_links":{"self":[{"href":"https:\/\/madelinefashion.pl\/en\/wp-json\/wp\/v2\/product\/64508","targetHints":{"allow":["GET"]}}],"collection":[{"href":"https:\/\/madelinefashion.pl\/en\/wp-json\/wp\/v2\/product"}],"about":[{"href":"https:\/\/madelinefashion.pl\/en\/wp-json\/wp\/v2\/types\/product"}],"wp:featuredmedia":[{"embeddable":true,"href":"https:\/\/madelinefashion.pl\/en\/wp-json\/wp\/v2\/media\/64424"}],"wp:attachment":[{"href":"https:\/\/madelinefashion.pl\/en\/wp-json\/wp\/v2\/media?parent=64508"}],"wp:term":[{"taxonomy":"product_brand","embeddable":true,"href":"https:\/\/madelinefashion.pl\/en\/wp-json\/wp\/v2\/product_brand?post=64508"},{"taxonomy":"product_cat","embeddable":true,"href":"https:\/\/madelinefashion.pl\/en\/wp-json\/wp\/v2\/product_cat?post=64508"},{"taxonomy":"product_tag","embeddable":true,"href":"https:\/\/madelinefashion.pl\/en\/wp-json\/wp\/v2\/product_tag?post=64508"}],"curies":[{"name":"wp","href":"https:\/\/api.w.org\/{rel}","templated":true}]}}