{"id":64527,"date":"2022-10-27T10:48:34","date_gmt":"2022-10-27T08:48:34","guid":{"rendered":"https:\/\/madelinefashion.pl\/?post_type=product&#038;p=64527"},"modified":"2026-02-20T14:57:38","modified_gmt":"2026-02-20T13:57:38","slug":"kardigan-z-zlotym-pasem-belts-bialy","status":"publish","type":"product","link":"https:\/\/madelinefashion.pl\/en\/product\/kardigan-z-zlotym-pasem-belts-bialy\/","title":{"rendered":"Cardigan with a Gold Belt Belts White"},"content":{"rendered":"<h3 style=\"text-align: center;\">Cardigan with a Gold Belt Belts White<\/h3>\n<p>&nbsp;<\/p>\n<p style=\"text-align: center;\">Cardigan with a Golden Belt Belts White is a perfect model for autumn days. Classic cardigan with ribbing on the sleeves, very nice to the touch. with a fashionable golden belt. Looser cut makes you feel very comfortable in it. The long sleeves are finished with a light welt. Cardigan will make you <strong>you will stand out from the crowd<\/strong>\u00a0and you will attract everyone&#039;s eyes. The cardigan will be perfect in combination with a skirt, dress or classic jeans. Each of us should have such a sweater in our wardrobe. Classic cut, unique in casual style. Superb quality at the best price! European product, very good quality of the material. Perfectly fits the figure.<strong>\u00a0<\/strong>Perfect for school, work, a date or meeting with friends! Recommended for ladies in size SML XL XXL when wearing a larger size, please see the table below.<\/p>\n<p>&nbsp;<\/p>\n<p>&nbsp;<\/p>\n<h3 style=\"text-align: center;\">Dimensions:<\/h3>\n<ul style=\"text-align: center;\">\n<li>Overall length: 84 cm<\/li>\n<li>Width from armpit to armpit: 47-70cm<\/li>\n<li>Sleeve length from armpit: 47 cm<\/li>\n<li>Sleeve length (welt): 10 cm<\/li>\n<\/ul>\n<p style=\"text-align: center;\"><span style=\"font-size: 10pt;\">Dimensions may slightly differ from the given +\/- 2cm. All dimensions given are measured flat. X2 dimension\u00a0<\/span><\/p>\n<p style=\"text-align: center;\"><span style=\"font-size: 10pt;\"><strong>\u00a0<\/strong>\u00a0<\/span><\/p>\n<table width=\"582\">\n<tbody>\n<tr>\n<td width=\"302\">Model name<\/td>\n<td width=\"302\">Belts<\/td>\n<\/tr>\n<tr>\n<td width=\"302\">Color<\/td>\n<td width=\"302\">White<\/td>\n<\/tr>\n<tr>\n<td width=\"302\">Sizes<\/td>\n<td width=\"302\">Universal<\/td>\n<\/tr>\n<tr>\n<td width=\"302\">Fashion<\/td>\n<td width=\"302\">Oversize<\/td>\n<\/tr>\n<tr>\n<td width=\"302\">Hood<\/td>\n<td width=\"302\">Not<\/td>\n<\/tr>\n<tr>\n<td width=\"302\">Warmed up<\/td>\n<td width=\"302\">Uninsulated<\/td>\n<\/tr>\n<tr>\n<td width=\"302\">Composition<\/td>\n<td width=\"302\">100% Acrylic<\/td>\n<\/tr>\n<\/tbody>\n<\/table>\n<p>&nbsp;<\/p>\n<p style=\"text-align: center;\">The model has\u00a0<strong>169<\/strong>\u00a0cm tall, wears a size every day\u00a0<strong>S.<\/strong><\/p>\n<p style=\"text-align: center;\">The width at the bust is 92 cm<\/p>\n<p style=\"text-align: center;\">Waist width 62 cm<\/p>\n<p style=\"text-align: center;\">The width at the hips is 94 cm<\/p>","protected":false},"excerpt":{"rendered":"<p>Kardigan z Z\u0142otym Pasem Belts Bia\u0142y &nbsp; Kardigan z Z\u0142otym Pasem Belts Bia\u0142y to model idealny na jesienne dni. Klasyczny Kardigan ze \u015bci\u0105gaczem na r\u0119kawkach, bardzo mi\u0142y w dotyku. z modnym z\u0142otym pasem. Lu\u017aniejszy fason sprawia, \u017ce b\u0119dziesz si\u0119 w nim czu\u0142a bardzo komfortowo. D\u0142ugi r\u0119kaw zako\u0144czony jest lekkim \u015bci\u0105gaczem. Kardigan sprawi, \u017ce wyr\u00f3\u017cnisz si\u0119<\/p>\n<div class=\"klb-readmore post-buttons\"><a class=\"button black outline size-sm\" href=\"https:\/\/madelinefashion.pl\/en\/product\/kardigan-z-zlotym-pasem-belts-bialy\/\">Read More <i class=\"klbth-icon-right-arrow\"><\/i><\/a><\/div>","protected":false},"featured_media":64432,"template":"","meta":[],"product_brand":[],"product_cat":[91,395],"product_tag":[222],"class_list":{"0":"post-64527","1":"product","2":"type-product","3":"status-publish","4":"has-post-thumbnail","6":"product_cat-kardigany-damskie","7":"product_cat-nowosci","8":"product_tag-swetry-biale","10":"first","11":"instock","12":"purchasable","13":"product-type-simple"},"_links":{"self":[{"href":"https:\/\/madelinefashion.pl\/en\/wp-json\/wp\/v2\/product\/64527","targetHints":{"allow":["GET"]}}],"collection":[{"href":"https:\/\/madelinefashion.pl\/en\/wp-json\/wp\/v2\/product"}],"about":[{"href":"https:\/\/madelinefashion.pl\/en\/wp-json\/wp\/v2\/types\/product"}],"wp:featuredmedia":[{"embeddable":true,"href":"https:\/\/madelinefashion.pl\/en\/wp-json\/wp\/v2\/media\/64432"}],"wp:attachment":[{"href":"https:\/\/madelinefashion.pl\/en\/wp-json\/wp\/v2\/media?parent=64527"}],"wp:term":[{"taxonomy":"product_brand","embeddable":true,"href":"https:\/\/madelinefashion.pl\/en\/wp-json\/wp\/v2\/product_brand?post=64527"},{"taxonomy":"product_cat","embeddable":true,"href":"https:\/\/madelinefashion.pl\/en\/wp-json\/wp\/v2\/product_cat?post=64527"},{"taxonomy":"product_tag","embeddable":true,"href":"https:\/\/madelinefashion.pl\/en\/wp-json\/wp\/v2\/product_tag?post=64527"}],"curies":[{"name":"wp","href":"https:\/\/api.w.org\/{rel}","templated":true}]}}