{"id":6457,"date":"2021-03-23T23:33:49","date_gmt":"2021-03-23T22:33:49","guid":{"rendered":"https:\/\/madelinefashion.pl\/?post_type=product&#038;p=6457"},"modified":"2021-10-25T19:13:10","modified_gmt":"2021-10-25T17:13:10","slug":"komplet-asymetryczny-spodnica-bluzka-pudrowy-roz","status":"publish","type":"product","link":"https:\/\/madelinefashion.pl\/en\/product\/komplet-asymetryczny-spodnica-bluzka-pudrowy-roz\/","title":{"rendered":"Asymmetrical Set Skirt + Blouse Powder Pink"},"content":{"rendered":"<h3 style=\"text-align: center;\">Asymmetrical Set Skirt + Blouse Powder Pink<\/h3>\n<p style=\"text-align: center;\"><strong>Dreamlike Set Asymmetrical skirt + blouse<\/strong> in a powder pink color. The summer set consists of a Spanish blouse with long, puffed sleeves and an asymmetrical, ground-length skirt with a deep cut and a decorative frill. The whole thing is very impressive. The elastic state of the skirt makes it fit most body shapes. Our set is the perfect choice for styles in which you want to shine. The set is available in beautiful colors that perfectly match the upcoming season. Recommended for ladies wearing size <strong>SML\u00a0<\/strong><\/p>\n<h3 style=\"text-align: center;\">\u00a0 \u00a0 \u00a0Dimensions :<\/h3>\n<p style=\"text-align: center;\"><strong>TOP<\/strong><br \/>\nUnderarm width: 43-48 cm<br \/>\nOverall length: 44 cm<\/p>\n<p style=\"text-align: center;\"><strong>SKIRT<\/strong><br \/>\nWaist width (elastic band): 30-42 cm<br \/>\nBack length: 100 cm<\/p>\n<p style=\"text-align: center;\">Dimensions may slightly differ from the given +\/- 2cm. All dimensions given are measured flat.<\/p>\n<table width=\"618\">\n<tbody>\n<tr>\n<td width=\"302\">Model name<\/td>\n<td width=\"302\">Asymmetric set Skirt + Blouse<\/td>\n<\/tr>\n<tr>\n<td width=\"302\">Color<\/td>\n<td width=\"302\">Powder pink<\/td>\n<\/tr>\n<tr>\n<td width=\"302\">Sizes<\/td>\n<td width=\"302\">Universal<\/td>\n<\/tr>\n<tr>\n<td width=\"302\">Fashion<\/td>\n<td width=\"302\">Oversize<\/td>\n<\/tr>\n<tr>\n<td width=\"302\">Material<\/td>\n<td width=\"302\">95 % Polyester 5% Elastane<\/td>\n<\/tr>\n<\/tbody>\n<\/table>\n<div class=\"tabs tabs-bb clear mb-80\">\n<div class=\"tab-content\">\n<div id=\"tab-description\" class=\"tab-pane fade in woocommerce-Tabs-panel--description active\">\n<p style=\"text-align: center;\">\u00a0The model is 175 cm tall and wears a size every day\u00a0<strong>S.<\/strong><\/p>\n<\/div>\n<\/div>\n<\/div>\n<section class=\"related products mb-80\"><\/section>\n<p style=\"text-align: center;\">","protected":false},"excerpt":{"rendered":"<p>Komplet Asymetryczny Sp\u00f3dnica + Bluzka Pudrowy R\u00f3\u017c Zjawiskowy Komplet Asymetryczny sp\u00f3dnica + bluzka w kolorze pudrowego r\u00f3\u017cu. Letni zestaw sk\u0142ada si\u0119 z bluzki hiszpanki z d\u0142ugimi, bufiastymi r\u0119kawami oraz asymetrycznej sp\u00f3dnicy do ziemi z g\u0142\u0119bokim rozci\u0119ciem zako\u0144czony ozdobn\u0105\u00a0 falban\u0105. Ca\u0142o\u015b\u0107 prezentuje niezwykle efektownie. Elastyczny stan sp\u00f3dniczki sprawia, \u017ce b\u0119dzie pasowa\u0142 na wi\u0119kszo\u015b\u0107 sylwetek. Nasz komplet<\/p>\n<div class=\"klb-readmore post-buttons\"><a class=\"button black outline size-sm\" href=\"https:\/\/madelinefashion.pl\/en\/product\/komplet-asymetryczny-spodnica-bluzka-pudrowy-roz\/\">Read More <i class=\"klbth-icon-right-arrow\"><\/i><\/a><\/div>","protected":false},"featured_media":6456,"template":"","meta":[],"product_brand":[],"product_cat":[89],"product_tag":[],"class_list":{"0":"post-6457","1":"product","2":"type-product","3":"status-publish","4":"has-post-thumbnail","6":"product_cat-komplety","7":"pa_rozmiar-s-m","8":"pa_rozmiar-l-xl","10":"first","11":"instock","12":"purchasable","13":"product-type-simple"},"_links":{"self":[{"href":"https:\/\/madelinefashion.pl\/en\/wp-json\/wp\/v2\/product\/6457","targetHints":{"allow":["GET"]}}],"collection":[{"href":"https:\/\/madelinefashion.pl\/en\/wp-json\/wp\/v2\/product"}],"about":[{"href":"https:\/\/madelinefashion.pl\/en\/wp-json\/wp\/v2\/types\/product"}],"wp:featuredmedia":[{"embeddable":true,"href":"https:\/\/madelinefashion.pl\/en\/wp-json\/wp\/v2\/media\/6456"}],"wp:attachment":[{"href":"https:\/\/madelinefashion.pl\/en\/wp-json\/wp\/v2\/media?parent=6457"}],"wp:term":[{"taxonomy":"product_brand","embeddable":true,"href":"https:\/\/madelinefashion.pl\/en\/wp-json\/wp\/v2\/product_brand?post=6457"},{"taxonomy":"product_cat","embeddable":true,"href":"https:\/\/madelinefashion.pl\/en\/wp-json\/wp\/v2\/product_cat?post=6457"},{"taxonomy":"product_tag","embeddable":true,"href":"https:\/\/madelinefashion.pl\/en\/wp-json\/wp\/v2\/product_tag?post=6457"}],"curies":[{"name":"wp","href":"https:\/\/api.w.org\/{rel}","templated":true}]}}