{"id":64591,"date":"2022-10-27T17:11:55","date_gmt":"2022-10-27T15:11:55","guid":{"rendered":"https:\/\/madelinefashion.pl\/?post_type=product&#038;p=64591"},"modified":"2025-09-09T10:22:06","modified_gmt":"2025-09-09T08:22:06","slug":"marynarka-w-krate-nikola-czerwona","status":"publish","type":"product","link":"https:\/\/madelinefashion.pl\/en\/product\/marynarka-w-krate-nikola-czerwona\/","title":{"rendered":"Checked jacket by Nikola Red"},"content":{"rendered":"<h3 style=\"text-align: center;\">Checked jacket by Nikola Red<\/h3>\n<p style=\"text-align: center;\">An elegant jacket with the most fashionable checked pattern this season. The jacket has mock pockets on the front and is fastened with a button. The model with the lining has an imitation pocket. The jacket has sewn-in cushions on the shoulders. <strong>A classic jacket is a garment that each of us should have in our wardrobe. <\/strong>Perfect for elegant styling and will be perfect for a regular T-shirt and jeans. High-quality material. <strong>Original cut<\/strong> blazers will work in both elegant and sporty styling. Decorative buttons at the cuffs. Extremely stylish proposition for everyday use as well as for more elegant stylizations.<\/p>\n<h3 style=\"text-align: center;\">Dimensions:<\/h3>\n<p style=\"text-align: center;\"><strong>36 \/ S<\/strong><\/p>\n<p style=\"text-align: center;\">Total length - 70\/72 cm<br \/>\nThe width from armpit to armpit -38-42 cm<br \/>\nSleeve length from the shoulder - 62 cm<br \/>\nSleeve length from armpit - 44 cm<\/p>\n<p style=\"text-align: center;\"><strong>38 \/ M<\/strong><\/p>\n<p style=\"text-align: center;\">Total length - 70\/72 cm<br \/>\nThe width from armpit to armpit -42-46 cm<br \/>\nSleeve length from the shoulder - 62 cm<br \/>\nSleeve length from armpit - 44 cm<\/p>\n<p style=\"text-align: center;\"><strong>40 \/ L<\/strong><\/p>\n<p style=\"text-align: center;\">Total length - 70\/72 cm<br \/>\nThe width from armpit to armpit -46-50 cm<br \/>\nSleeve length from the shoulder - 63 cm<br \/>\nSleeve length from armpit - 45 cm<\/p>\n<p style=\"text-align: center;\"><strong>42 \/ XL<\/strong><\/p>\n<p style=\"text-align: center;\">Total length - 70\/72 cm<br \/>\nWidth from armpit to armpit 50-54 cm<br \/>\nSleeve length from shoulder - 64 cm<br \/>\nSleeve length from armpit - 45 cm<\/p>\n<p>&nbsp;<\/p>\n<p style=\"text-align: center;\">The model has\u00a0<strong>169<\/strong>\u00a0cm tall, wears a size every day\u00a0<strong>S.<\/strong><\/p>\n<p style=\"text-align: center;\">The width at the bust is 92 cm<\/p>\n<p style=\"text-align: center;\">Waist width 62 cm<\/p>\n<p style=\"text-align: center;\">The width at the hips is 94 cm<\/p>\n<p style=\"text-align: center;\">","protected":false},"excerpt":{"rendered":"<p>Marynarka w Krat\u0119 Nikola Czerwona Elegancka marynarka w najmodniejsz\u0105 w tym sezonie krat\u0119. Marynarka posiada atrapy kieszeni z przodu, zapinana jest na guzik. Model z podszewk\u0105 posiada imitacje kieszeniu Marynarka posiada wszyte poduszki na ramionach. Klasyczna marynarka to element garderoby, kt\u00f3ra powinna mie\u0107 ka\u017cda z Nas w swojej szafie. Idealna do eleganckich stylizacji oraz \u015bwietnie<\/p>\n<div class=\"klb-readmore post-buttons\"><a class=\"button black outline size-sm\" href=\"https:\/\/madelinefashion.pl\/en\/product\/marynarka-w-krate-nikola-czerwona\/\">Read More <i class=\"klbth-icon-right-arrow\"><\/i><\/a><\/div>","protected":false},"featured_media":64584,"template":"","meta":[],"product_brand":[],"product_cat":[95,125],"product_tag":[],"class_list":{"0":"post-64591","1":"product","2":"type-product","3":"status-publish","4":"has-post-thumbnail","6":"product_cat-marynarki-i-zakiety","7":"product_cat-sukienki","8":"pa_rozmiar-s","9":"pa_rozmiar-m","10":"pa_rozmiar-l","11":"pa_rozmiar-xl","13":"first","14":"outofstock","15":"product-type-variable"},"_links":{"self":[{"href":"https:\/\/madelinefashion.pl\/en\/wp-json\/wp\/v2\/product\/64591","targetHints":{"allow":["GET"]}}],"collection":[{"href":"https:\/\/madelinefashion.pl\/en\/wp-json\/wp\/v2\/product"}],"about":[{"href":"https:\/\/madelinefashion.pl\/en\/wp-json\/wp\/v2\/types\/product"}],"wp:featuredmedia":[{"embeddable":true,"href":"https:\/\/madelinefashion.pl\/en\/wp-json\/wp\/v2\/media\/64584"}],"wp:attachment":[{"href":"https:\/\/madelinefashion.pl\/en\/wp-json\/wp\/v2\/media?parent=64591"}],"wp:term":[{"taxonomy":"product_brand","embeddable":true,"href":"https:\/\/madelinefashion.pl\/en\/wp-json\/wp\/v2\/product_brand?post=64591"},{"taxonomy":"product_cat","embeddable":true,"href":"https:\/\/madelinefashion.pl\/en\/wp-json\/wp\/v2\/product_cat?post=64591"},{"taxonomy":"product_tag","embeddable":true,"href":"https:\/\/madelinefashion.pl\/en\/wp-json\/wp\/v2\/product_tag?post=64591"}],"curies":[{"name":"wp","href":"https:\/\/api.w.org\/{rel}","templated":true}]}}