{"id":66349,"date":"2022-11-18T12:41:31","date_gmt":"2022-11-18T11:41:31","guid":{"rendered":"https:\/\/madelinefashion.pl\/?post_type=product&#038;p=66349"},"modified":"2026-03-05T17:03:16","modified_gmt":"2026-03-05T16:03:16","slug":"sukienka-sweterkowa-maxi-tamira-fuksja","status":"publish","type":"product","link":"https:\/\/madelinefashion.pl\/en\/product\/sukienka-sweterkowa-maxi-tamira-fuksja\/","title":{"rendered":"Maxi Sweater Dress Tamira Fuchsia"},"content":{"rendered":"<h3 style=\"text-align: center;\">Maxi Sweater Dress Tamira Fuchsia<\/h3>\n<p style=\"text-align: center;\"><strong>Maxi Sweater Dress Tamira Fuchsia<\/strong> has a half-turtleneck<strong> long, wide, rolled-up sleeves, making it perfect for colder days<\/strong>. <span style=\"font-family: arial, helvetica, sans-serif;\"><span style=\"font-size: 10pt;\">You can successfully wear it for everyday outings, to work, a family gathering or even for a more important occasion. <\/span><\/span>\u00a0Thanks to the structure of the material, it will work better <strong>on colder days and during transitional periods<\/strong> or for the winter in combination with a jacket. We recommend combining them with high boots, which will make you stand out from the crowd.\u00a0 <strong>The size is UNIVERSAL\u00a0 <\/strong><strong>,<\/strong>\u00a0but we recommend\u00a0<strong>accurate measurement <\/strong>according to the dimension table below. Fitted sweater <b>dress<\/b> made of a very pleasant material. Length version <strong>behind the knee<\/strong> . The stretchy fabric perfectly adapts to the body, emphasizing all the advantages of your figure.<br \/>\nAvailable in our e-shop in several color variants, so do not hesitate and choose the one that is perfect for you. If you cannot decide which color is best for you, please contact us via Facebook or by phone. <strong>Recommended for s to xl wearers.<\/strong><\/p>\n<h3 style=\"text-align: center;\">Dress dimensions:<\/h3>\n<ul style=\"text-align: center;\">\n<li>Total length 121 cm<\/li>\n<li>Width from armpit to armpit: 50 cm \u2013 61 cm<\/li>\n<li>Hip width: 48 cm \u2013 56 cm<\/li>\n<li>Sleeve length 46 cm<\/li>\n<li>Sleeve width 17 cm<\/li>\n<li><\/li>\n<\/ul>\n<p style=\"text-align: center;\">Dimensions may slightly differ from the given +\/- 2cm. All dimensions given are measured flat.<\/p>\n<p style=\"text-align: center;\">X2 dimension<\/p>\n<p style=\"text-align: center;\">The strap is not included<\/p>\n<table width=\"610\">\n<tbody>\n<tr>\n<td width=\"302\">Model name<\/td>\n<td width=\"302\">Tamira<\/td>\n<\/tr>\n<tr>\n<td width=\"302\">Color<\/td>\n<td width=\"302\">Fuchsia<\/td>\n<\/tr>\n<tr>\n<td width=\"302\">Sizes<\/td>\n<td width=\"302\">Universal<\/td>\n<\/tr>\n<tr>\n<td width=\"302\">Collection<\/td>\n<td width=\"302\">Spring \/ Autumn \/ Winter<\/td>\n<\/tr>\n<tr>\n<td width=\"302\">Hood<\/td>\n<td width=\"302\">Without the hood<\/td>\n<\/tr>\n<tr>\n<td width=\"302\">Warmed up<\/td>\n<td width=\"302\">Uninsulated<\/td>\n<\/tr>\n<tr>\n<td width=\"302\">Material<\/td>\n<td width=\"302\">80% Acrylic 20% Polyamide<\/td>\n<\/tr>\n<\/tbody>\n<\/table>\n<section class=\"page-product-box\">\n<div class=\"rte\">\n<p style=\"text-align: center;\">The model has\u00a0<strong>169<\/strong>\u00a0cm tall, wears a size every day\u00a0<strong>S.<\/strong><\/p>\n<p style=\"text-align: center;\">The width at the bust is 92 cm<\/p>\n<p style=\"text-align: center;\">Waist width 62 cm<\/p>\n<p style=\"text-align: center;\">The width at the hips is 94 cm<\/p>\n<\/div>\n<\/section>","protected":false},"excerpt":{"rendered":"<p>Sukienka Sweterkowa Maxi Tamira Fuksja Sukienka Sweterkowa Maxi Tamira Fuksja posiada p\u00f3\u0142golf\u00a0 jest na d\u0142ugi, szeroki, wywijany r\u0119kaw przez co idealnie sprawdzi si\u0119 na ch\u0142odniejsze dni. Z powodzeniem mo\u017cesz j\u0105 ubra\u0107 na codzienne wyj\u015bcia, do pracy, spotkanie rodzinne czy nawet na wa\u017cniejsz\u0105 okazj\u0119. \u00a0Dzi\u0119ki strukturze materia\u0142u\u00a0 lepiej sprawdzi si\u0119 w ch\u0142odniejsze dni i okresy przej\u015bciowe<\/p>\n<div class=\"klb-readmore post-buttons\"><a class=\"button black outline size-sm\" href=\"https:\/\/madelinefashion.pl\/en\/product\/sukienka-sweterkowa-maxi-tamira-fuksja\/\">Read More <i class=\"klbth-icon-right-arrow\"><\/i><\/a><\/div>","protected":false},"featured_media":66323,"template":"","meta":[],"product_brand":[],"product_cat":[158],"product_tag":[419,296],"class_list":{"0":"post-66349","1":"product","2":"type-product","3":"status-publish","4":"has-post-thumbnail","6":"product_cat-sukienki-sweterkowe","7":"product_tag-sweterkowa","8":"product_tag-tuniki","10":"first","11":"instock","12":"sale","13":"purchasable","14":"product-type-simple"},"_links":{"self":[{"href":"https:\/\/madelinefashion.pl\/en\/wp-json\/wp\/v2\/product\/66349","targetHints":{"allow":["GET"]}}],"collection":[{"href":"https:\/\/madelinefashion.pl\/en\/wp-json\/wp\/v2\/product"}],"about":[{"href":"https:\/\/madelinefashion.pl\/en\/wp-json\/wp\/v2\/types\/product"}],"wp:featuredmedia":[{"embeddable":true,"href":"https:\/\/madelinefashion.pl\/en\/wp-json\/wp\/v2\/media\/66323"}],"wp:attachment":[{"href":"https:\/\/madelinefashion.pl\/en\/wp-json\/wp\/v2\/media?parent=66349"}],"wp:term":[{"taxonomy":"product_brand","embeddable":true,"href":"https:\/\/madelinefashion.pl\/en\/wp-json\/wp\/v2\/product_brand?post=66349"},{"taxonomy":"product_cat","embeddable":true,"href":"https:\/\/madelinefashion.pl\/en\/wp-json\/wp\/v2\/product_cat?post=66349"},{"taxonomy":"product_tag","embeddable":true,"href":"https:\/\/madelinefashion.pl\/en\/wp-json\/wp\/v2\/product_tag?post=66349"}],"curies":[{"name":"wp","href":"https:\/\/api.w.org\/{rel}","templated":true}]}}