{"id":66530,"date":"2022-11-19T15:52:20","date_gmt":"2022-11-19T14:52:20","guid":{"rendered":"https:\/\/madelinefashion.pl\/?post_type=product&#038;p=66530"},"modified":"2026-03-05T17:03:14","modified_gmt":"2026-03-05T16:03:14","slug":"tunika-z-golfem-i-szerokimi-rekawami-ruby-karmelowa","status":"publish","type":"product","link":"https:\/\/madelinefashion.pl\/en\/product\/tunika-z-golfem-i-szerokimi-rekawami-ruby-karmelowa\/","title":{"rendered":"Tunic With Turtleneck And Wide Sleeves Ruby Caramel"},"content":{"rendered":"<h3 style=\"text-align: center;\">Tunic With Turtleneck And Wide Sleeves Ruby Caramel<\/h3>\n<p style=\"text-align: center;\">Oversize style tunic with side slits. It has a high and warm turtleneck, beautiful and fashionable decoration on the front. Made of <strong>the best quality<\/strong> yarn, complements any styling. Perfect tunic for colder days. the size is <strong>universal<\/strong>\u00a0fits perfectly with\u00a0<strong>S, M, L<\/strong> ,\u00a0<strong>XL\u00a0<\/strong> in the case of a larger size, we recommend that you measure accurately according to the dimensions table below. In our online store you will find this product in a variety of colors for an unbeatable price <strong>low price<\/strong>. Therefore, do not hesitate and order as soon as possible. If you have any additional questions about this product, please do not hesitate to contact us by phone or via Facebook.<\/p>\n<p style=\"text-align: center;\">\u00a0.<\/p>\n<h3 style=\"text-align: center;\">Dimensions :<\/h3>\n<ul style=\"text-align: center;\">\n<li>Width from armpit to armpit 62-74 cm<\/li>\n<li>Total front length 83 cm<br \/>\nTotal length back 91 cm<\/li>\n<li>Sleeve length from armpit 47 cm<\/li>\n<li>Sleeve length from the shoulder 66 cm<\/li>\n<\/ul>\n<p style=\"text-align: center;\">Dimensions may slightly differ from the given +\/- 2cm. All dimensions given are measured flat.<strong>\u00a0<\/strong><\/p>\n<table width=\"355\">\n<tbody>\n<tr>\n<td width=\"302\">Model name<\/td>\n<td width=\"302\">Turtleneck Tunic With Wide Ruby Sleeves<\/td>\n<\/tr>\n<tr>\n<td width=\"302\">Collection<\/td>\n<td width=\"302\">Spring \/ Autumn \/ Winter<\/td>\n<\/tr>\n<tr>\n<td width=\"302\">Sizes<\/td>\n<td width=\"302\">Universal<\/td>\n<\/tr>\n<tr>\n<td width=\"302\">Composition<\/td>\n<td width=\"302\">70% Acrylic 30% Polyester<\/td>\n<\/tr>\n<tr>\n<td width=\"302\">Color<\/td>\n<td width=\"302\">caramel<\/td>\n<\/tr>\n<tr>\n<td width=\"302\">Cleavage<\/td>\n<td width=\"302\">Golf<\/td>\n<\/tr>\n<\/tbody>\n<\/table>\n<div class=\"rte\" style=\"text-align: center;\">\n<p>The model has\u00a0<strong>169<\/strong>\u00a0cm tall, wears a size every day\u00a0<strong>S.<\/strong><\/p>\n<p>The width at the bust is 92 cm<\/p>\n<p>Waist width 62 cm<\/p>\n<p>The width at the hips is 94 cm<\/p>\n<\/div>\n<p style=\"text-align: center;\">","protected":false},"excerpt":{"rendered":"<p>Tunika Z Golfem I Szerokimi R\u0119kawami Ruby Karmelowa Tunika w stylu oversize, z rozci\u0119ciami na bokach. Posiada wysoki i ciep\u0142y golf, z przodu pi\u0119kne i modne zdobienie. Wykonana z najlepszej jako\u015bci prz\u0119dzy, uzupe\u0142nia ka\u017cd\u0105 stylizacj\u0119. Tunika idealna na ch\u0142odniejsze dni. Rozmiar jest uniwersalny\u00a0, idealnie pasuje do\u00a0S, M, L ,\u00a0XL\u00a0 w przypadku wi\u0119kszego rozmiaru zalecamy dok\u0142adny<\/p>\n<div class=\"klb-readmore post-buttons\"><a class=\"button black outline size-sm\" href=\"https:\/\/madelinefashion.pl\/en\/product\/tunika-z-golfem-i-szerokimi-rekawami-ruby-karmelowa\/\">Read More <i class=\"klbth-icon-right-arrow\"><\/i><\/a><\/div>","protected":false},"featured_media":66523,"template":"","meta":[],"product_brand":[],"product_cat":[158],"product_tag":[296],"class_list":{"0":"post-66530","1":"product","2":"type-product","3":"status-publish","4":"has-post-thumbnail","6":"product_cat-sukienki-sweterkowe","7":"product_tag-tuniki","9":"first","10":"instock","11":"sale","12":"purchasable","13":"product-type-simple"},"_links":{"self":[{"href":"https:\/\/madelinefashion.pl\/en\/wp-json\/wp\/v2\/product\/66530","targetHints":{"allow":["GET"]}}],"collection":[{"href":"https:\/\/madelinefashion.pl\/en\/wp-json\/wp\/v2\/product"}],"about":[{"href":"https:\/\/madelinefashion.pl\/en\/wp-json\/wp\/v2\/types\/product"}],"wp:featuredmedia":[{"embeddable":true,"href":"https:\/\/madelinefashion.pl\/en\/wp-json\/wp\/v2\/media\/66523"}],"wp:attachment":[{"href":"https:\/\/madelinefashion.pl\/en\/wp-json\/wp\/v2\/media?parent=66530"}],"wp:term":[{"taxonomy":"product_brand","embeddable":true,"href":"https:\/\/madelinefashion.pl\/en\/wp-json\/wp\/v2\/product_brand?post=66530"},{"taxonomy":"product_cat","embeddable":true,"href":"https:\/\/madelinefashion.pl\/en\/wp-json\/wp\/v2\/product_cat?post=66530"},{"taxonomy":"product_tag","embeddable":true,"href":"https:\/\/madelinefashion.pl\/en\/wp-json\/wp\/v2\/product_tag?post=66530"}],"curies":[{"name":"wp","href":"https:\/\/api.w.org\/{rel}","templated":true}]}}