{"id":66791,"date":"2022-11-21T11:28:36","date_gmt":"2022-11-21T10:28:36","guid":{"rendered":"https:\/\/madelinefashion.pl\/?post_type=product&#038;p=66791"},"modified":"2026-03-05T17:03:11","modified_gmt":"2026-03-05T16:03:11","slug":"sukienka-sweterkowa-z-golfem-pergo-czarna","status":"publish","type":"product","link":"https:\/\/madelinefashion.pl\/en\/product\/sukienka-sweterkowa-z-golfem-pergo-czarna\/","title":{"rendered":"Pergo Turtleneck Sweater Dress Black"},"content":{"rendered":"<h3 style=\"text-align: center;\">Pergo Turtleneck Sweater Dress Black<\/h3>\n<p style=\"text-align: center;\"><strong>Pergo Sweater Dress<\/strong>\u00a0 has a golf is<strong> long sleeve, which makes it perfect for colder days<\/strong>. The model has a welt on the sleeve and at the bottom. The model has a belt thanks to which we can perfectly emphasize the figure<span style=\"font-family: arial, helvetica, sans-serif;\"><span style=\"font-size: 10pt;\">\u00a0<\/span><\/span>\u00a0Thanks to the structure of the material, it will work better <strong>on colder days and during transitional periods<\/strong> or for the winter in combination with a jacket. We recommend combining them with high boots, which will make you stand out from the crowd.\u00a0 <strong>The size is UNIVERSAL\u00a0 <\/strong><strong>,<\/strong>\u00a0but we recommend\u00a0<strong>accurate measurement <\/strong>according to the dimension table below. Fitted sweater <b>dress<\/b> made of a very pleasant material. Length version <strong>behind the knee<\/strong> . The stretchy fabric perfectly adapts to the body, emphasizing all the advantages of your figure.<br \/>\nAvailable in our e-shop in several color variants, so do not hesitate and choose the one that is perfect for you. If you cannot decide which color is best for you, please contact us via Facebook or by phone. <strong>Recommended for s to xl wearers.<\/strong><\/p>\n<h3 style=\"text-align: center;\">Dress dimensions:<\/h3>\n<ul style=\"text-align: center;\">\n<li>Total length 105cm<\/li>\n<li>Width from armpit to armpit: 39 cm-47 cm<\/li>\n<li>Width at the hips: 39 cm - 45 cm<\/li>\n<li>Sleeve length from the shoulder 64 cm<\/li>\n<li>Sleeve length from the armpit 47 cm<\/li>\n<li><\/li>\n<\/ul>\n<p style=\"text-align: center;\">Dimensions may slightly differ from the given +\/- 2cm. All dimensions given are measured flat.<\/p>\n<p style=\"text-align: center;\">X2 dimension<\/p>\n<table width=\"610\">\n<tbody>\n<tr>\n<td width=\"302\">Model name<\/td>\n<td width=\"302\">pergo<\/td>\n<\/tr>\n<tr>\n<td width=\"302\">Color<\/td>\n<td width=\"302\">Black<\/td>\n<\/tr>\n<tr>\n<td width=\"302\">Sizes<\/td>\n<td width=\"302\">Universal<\/td>\n<\/tr>\n<tr>\n<td width=\"302\">Collection<\/td>\n<td width=\"302\">Spring \/ Autumn \/ Winter<\/td>\n<\/tr>\n<tr>\n<td width=\"302\">Hood<\/td>\n<td width=\"302\">Without the hood<\/td>\n<\/tr>\n<tr>\n<td width=\"302\">Warmed up<\/td>\n<td width=\"302\">Uninsulated<\/td>\n<\/tr>\n<tr>\n<td width=\"302\">Composition<\/td>\n<td width=\"302\">100% Acrylic<\/td>\n<\/tr>\n<\/tbody>\n<\/table>\n<section class=\"page-product-box\">\n<div class=\"rte\">\n<p style=\"text-align: center;\">The model has\u00a0<strong>169<\/strong>\u00a0cm tall, wears a size every day\u00a0<strong>S.<\/strong><\/p>\n<p style=\"text-align: center;\">The width at the bust is 92 cm<\/p>\n<p style=\"text-align: center;\">Waist width 62 cm<\/p>\n<p style=\"text-align: center;\">The width at the hips is 94 cm<\/p>\n<\/div>\n<\/section>","protected":false},"excerpt":{"rendered":"<p>Sukienka Sweterkowa z Golfem Pergo Czarna Sukienka Sweterkowa\u00a0 Pergo\u00a0 posiada golf\u00a0 jest na d\u0142ugi r\u0119kaw przez co idealnie sprawdzi si\u0119 na ch\u0142odniejsze dni. Model posiada \u015bci\u0105gacz na r\u0119kawie i na dole.\u00a0 Model posiada pasek dzi\u0119ki kt\u00f3remu mo\u017cemy idealnie podkre\u015bli\u0107 figur\u0119\u00a0\u00a0Dzi\u0119ki strukturze materia\u0142u\u00a0 lepiej sprawdzi si\u0119 w ch\u0142odniejsze dni i okresy przej\u015bciowe lub na zim\u0119 w<\/p>\n<div class=\"klb-readmore post-buttons\"><a class=\"button black outline size-sm\" href=\"https:\/\/madelinefashion.pl\/en\/product\/sukienka-sweterkowa-z-golfem-pergo-czarna\/\">Read More <i class=\"klbth-icon-right-arrow\"><\/i><\/a><\/div>","protected":false},"featured_media":66767,"template":"","meta":[],"product_brand":[],"product_cat":[158,395],"product_tag":[419,296],"class_list":{"0":"post-66791","1":"product","2":"type-product","3":"status-publish","4":"has-post-thumbnail","6":"product_cat-sukienki-sweterkowe","7":"product_cat-nowosci","8":"product_tag-sweterkowa","9":"product_tag-tuniki","11":"first","12":"instock","13":"sale","14":"purchasable","15":"product-type-simple"},"_links":{"self":[{"href":"https:\/\/madelinefashion.pl\/en\/wp-json\/wp\/v2\/product\/66791","targetHints":{"allow":["GET"]}}],"collection":[{"href":"https:\/\/madelinefashion.pl\/en\/wp-json\/wp\/v2\/product"}],"about":[{"href":"https:\/\/madelinefashion.pl\/en\/wp-json\/wp\/v2\/types\/product"}],"wp:featuredmedia":[{"embeddable":true,"href":"https:\/\/madelinefashion.pl\/en\/wp-json\/wp\/v2\/media\/66767"}],"wp:attachment":[{"href":"https:\/\/madelinefashion.pl\/en\/wp-json\/wp\/v2\/media?parent=66791"}],"wp:term":[{"taxonomy":"product_brand","embeddable":true,"href":"https:\/\/madelinefashion.pl\/en\/wp-json\/wp\/v2\/product_brand?post=66791"},{"taxonomy":"product_cat","embeddable":true,"href":"https:\/\/madelinefashion.pl\/en\/wp-json\/wp\/v2\/product_cat?post=66791"},{"taxonomy":"product_tag","embeddable":true,"href":"https:\/\/madelinefashion.pl\/en\/wp-json\/wp\/v2\/product_tag?post=66791"}],"curies":[{"name":"wp","href":"https:\/\/api.w.org\/{rel}","templated":true}]}}