{"id":66859,"date":"2022-11-21T15:53:18","date_gmt":"2022-11-21T14:53:18","guid":{"rendered":"https:\/\/madelinefashion.pl\/?post_type=product&#038;p=66859"},"modified":"2026-03-05T17:03:10","modified_gmt":"2026-03-05T16:03:10","slug":"sukienka-sweterkowa-z-golfem-kayla-bezowa","status":"publish","type":"product","link":"https:\/\/madelinefashion.pl\/en\/product\/sukienka-sweterkowa-z-golfem-kayla-bezowa\/","title":{"rendered":"Kayla Turtleneck Sweater Dress Beige"},"content":{"rendered":"<h2 style=\"text-align: center;\">Kayla Turtleneck Sweater Dress Beige<\/h2>\n<p style=\"text-align: center;\">The cut of the dress is beautiful <strong>emphasizes the figure and feminine shapes<\/strong>. A very comfortable and pleasant to the touch knitted dress will be perfect for everyday use, when you want to look perfect and feel great at the same time. <strong>S.<\/strong><strong>an orientation in which you will shine <\/strong>with friends or family gathering. Thanks to their material, they will work better\u00a0<strong>on colder days and during transitional periods<\/strong> or for the winter in combination with a jacket. The turtleneck sweater dress has a delicate opening at the bottom. Thanks to the structure of the material, it will work better <strong>on colder days and during transitional periods\u00a0<\/strong>or for the winter in combination with a jacket. The size is\u00a0<strong>universal<\/strong>\u00a0Perfect for ladies wearing\u00a0\u00a0<strong>S, M, L, XL<\/strong><strong>\u00a0<\/strong><\/p>\n<h2 style=\"text-align: center;\">Dress dimensions:<\/h2>\n<ul style=\"text-align: center;\">\n<li>total length 97 cm<\/li>\n<li>width from armpit to armpit: 40-65 cm<\/li>\n<li>waist width 33-47 cm<\/li>\n<li>width at hips 40-60<\/li>\n<li>sleeve length from shoulder: 57 cm<\/li>\n<li>sleeve length from armpit 54 cm<\/li>\n<\/ul>\n<p style=\"text-align: center;\">Dimensions may slightly differ from the given +\/- 2cm. All dimensions given are measured flat.<\/p>\n<p style=\"text-align: center;\">X2 dimension<\/p>\n<table style=\"height: 255px;\" width=\"613\">\n<tbody>\n<tr>\n<td width=\"302\">Model name<\/td>\n<td width=\"302\">Kayla<\/td>\n<\/tr>\n<tr>\n<td width=\"302\">Color<\/td>\n<td width=\"302\">Without<\/td>\n<\/tr>\n<tr>\n<td width=\"302\">Collection<\/td>\n<td width=\"302\">Spring \/ Autumn \/ Winter<\/td>\n<\/tr>\n<tr>\n<td width=\"302\">Sizes<\/td>\n<td width=\"302\">Universal<\/td>\n<\/tr>\n<tr>\n<td width=\"302\">Composition<\/td>\n<td width=\"302\">40% acrylic, 30% mohair 30% wool<\/td>\n<\/tr>\n<tr>\n<td width=\"302\"><\/td>\n<td width=\"302\"><\/td>\n<\/tr>\n<tr>\n<td width=\"302\"><\/td>\n<td width=\"302\"><\/td>\n<\/tr>\n<\/tbody>\n<\/table>\n<p>&nbsp;<\/p>\n<section class=\"page-product-box\">\n<div class=\"rte\">\n<p style=\"text-align: center;\">The model has\u00a0<strong>169<\/strong>\u00a0cm tall, wears a size every day\u00a0<strong>S.<\/strong><\/p>\n<p style=\"text-align: center;\">The width at the bust is 92 cm<\/p>\n<p style=\"text-align: center;\">Waist width 62 cm<\/p>\n<p style=\"text-align: center;\">The width at the hips is 94 cm<\/p>\n<p style=\"text-align: center;\">\n<\/div>\n<\/section>","protected":false},"excerpt":{"rendered":"<p>Sukienka Sweterkowa z Golfem Kayla Be\u017cowa Kr\u00f3j sukienki pi\u0119knie podkre\u015bla figur\u0119 i kobiece kszta\u0142ty. Bardzo wygodna i przyjemna w dotyku dzianinowa sukienka \u015bwietnie sprawdzi si\u0119 na co dzie\u0144, gdy chcesz wygl\u0105da\u0107 idealnie i jednocze\u015bnie \u015bwietnie si\u0119 czu\u0107. Sukienka, w kt\u00f3rej zab\u0142y\u015bniesz w gronie przyjaci\u00f3\u0142 lub spotkaniu rodzinnym. Dzi\u0119ki swojemu materia\u0142owi lepiej sprawdz\u0105 si\u0119\u00a0w ch\u0142odniejsze dni<\/p>\n<div class=\"klb-readmore post-buttons\"><a class=\"button black outline size-sm\" href=\"https:\/\/madelinefashion.pl\/en\/product\/sukienka-sweterkowa-z-golfem-kayla-bezowa\/\">Read More <i class=\"klbth-icon-right-arrow\"><\/i><\/a><\/div>","protected":false},"featured_media":66841,"template":"","meta":[],"product_brand":[],"product_cat":[80,158],"product_tag":[],"class_list":{"0":"post-66859","1":"product","2":"type-product","3":"status-publish","4":"has-post-thumbnail","6":"product_cat-sukienki-i-kombinezony","7":"product_cat-sukienki-sweterkowe","9":"first","10":"instock","11":"sale","12":"purchasable","13":"product-type-simple"},"_links":{"self":[{"href":"https:\/\/madelinefashion.pl\/en\/wp-json\/wp\/v2\/product\/66859","targetHints":{"allow":["GET"]}}],"collection":[{"href":"https:\/\/madelinefashion.pl\/en\/wp-json\/wp\/v2\/product"}],"about":[{"href":"https:\/\/madelinefashion.pl\/en\/wp-json\/wp\/v2\/types\/product"}],"wp:featuredmedia":[{"embeddable":true,"href":"https:\/\/madelinefashion.pl\/en\/wp-json\/wp\/v2\/media\/66841"}],"wp:attachment":[{"href":"https:\/\/madelinefashion.pl\/en\/wp-json\/wp\/v2\/media?parent=66859"}],"wp:term":[{"taxonomy":"product_brand","embeddable":true,"href":"https:\/\/madelinefashion.pl\/en\/wp-json\/wp\/v2\/product_brand?post=66859"},{"taxonomy":"product_cat","embeddable":true,"href":"https:\/\/madelinefashion.pl\/en\/wp-json\/wp\/v2\/product_cat?post=66859"},{"taxonomy":"product_tag","embeddable":true,"href":"https:\/\/madelinefashion.pl\/en\/wp-json\/wp\/v2\/product_tag?post=66859"}],"curies":[{"name":"wp","href":"https:\/\/api.w.org\/{rel}","templated":true}]}}