{"id":6704,"date":"2021-03-26T20:29:52","date_gmt":"2021-03-26T19:29:52","guid":{"rendered":"https:\/\/madelinefashion.pl\/?post_type=product&#038;p=6704"},"modified":"2023-09-17T09:12:22","modified_gmt":"2023-09-17T07:12:22","slug":"komplet-love-me-rozowy","status":"publish","type":"product","link":"https:\/\/madelinefashion.pl\/en\/product\/komplet-love-me-rozowy\/","title":{"rendered":"Love Me Pink Set"},"content":{"rendered":"<h3 style=\"text-align: center;\">Love Me Pink Set<\/h3>\n<p style=\"text-align: center;\"><strong>A phenomenal tracksuit set<\/strong> made of very good quality, soft and <strong>enjoyable<\/strong> in touch <strong>material<\/strong>. Tracksuit decorated with the inscription Love Me. <strong>Two-color set<\/strong> is a perfect proposition for those who love to feel comfortable on a daily basis, and at the same time to feel a friendly and soft touch. The set is made of high-quality material - it is very pleasant to the touch and very delicate on the inside.<br \/>\n<strong><span lang=\"en-us\" xml:lang=\"en-us\">Pants can be worn with a blouse or can also be combined with <\/span><\/strong><a href=\"https:\/\/madelinefashion.pl\/en\/casual-clothes\/t-shirty\/\"><span lang=\"en-us\" xml:lang=\"en-us\">shirt<\/span><\/a><strong><span lang=\"en-us\" xml:lang=\"en-us\"> and create the perfect everyday, casual look. <\/span><\/strong>The tracksuit is made of high-quality material, with the fashionable inscription Love Me<strong>. <\/strong>\u00a0Pants have two pockets. The set is available in beautiful colors that perfectly match the upcoming season. A set in a universal size recommended for ladies in size <strong>SML XL<\/strong> .<br \/>\nYou must have this set in your wardrobe!<\/p>\n<h3 style=\"text-align: center;\">\u00a0 \u00a0 \u00a0Dimensions :<\/h3>\n<p align=\"center\"><strong>Hoodie:<\/strong><br \/>\nTotal length - 63 cm<br \/>\nShoulder width - 48-52 cm<br \/>\nThe width from armpit to armpit - 50-55 cm<br \/>\nWaist width - 50-52 cm<br \/>\nSleeve length from armpit - 45 cm<\/p>\n<p align=\"center\"><strong>Pants :<\/strong><br \/>\nTotal length -98 cm<br \/>\nInside leg length - 66 cm<br \/>\nWaist - 30 cm<br \/>\nWaist width - 35-44 cm<br \/>\nThe width of the hips - 47-50 cm<\/p>\n<p style=\"text-align: center;\">Dimensions may slightly differ from the given +\/- 2cm. <strong>All dimensions given are measured flat x2\u00a0<\/strong><\/p>\n<h3 style=\"text-align: center;\">Product characteristics:<\/h3>\n<p align=\"center\">-pants<br \/>\n-hoodie<br \/>\n-light material<br \/>\n- trousers with drawstring<br \/>\n-loose<br \/>\n-convenient<br \/>\n-pants have pockets<br \/>\n-the inscription &quot;Love me&quot;<\/p>\n<table width=\"615\">\n<tbody>\n<tr>\n<td width=\"302\">Model name<\/td>\n<td width=\"302\">Love Me Pink Set<\/td>\n<\/tr>\n<tr>\n<td width=\"302\">Color<\/td>\n<td width=\"302\">Pink<\/td>\n<\/tr>\n<tr>\n<td width=\"302\">Sizes<\/td>\n<td width=\"302\">Universal<\/td>\n<\/tr>\n<tr>\n<td width=\"302\">Fashion<\/td>\n<td width=\"302\">Loose<\/td>\n<\/tr>\n<tr>\n<td width=\"302\">Material<\/td>\n<td width=\"302\">95% Cotton 5% Elastane<\/td>\n<\/tr>\n<\/tbody>\n<\/table>\n<p>&nbsp;<\/p>\n<div class=\"tabs tabs-bb clear mb-80\">\n<div class=\"tab-content\">\n<div id=\"tab-description\" class=\"tab-pane fade in woocommerce-Tabs-panel--description active\">\n<div class=\"tabs tabs-bb clear mb-80\">\n<div class=\"tab-content\">\n<div id=\"tab-description\" class=\"tab-pane fade in woocommerce-Tabs-panel--description active\">\n<p style=\"text-align: center;\">The model has\u00a0<strong>169<\/strong>\u00a0cm tall, wears a size every day\u00a0<strong>S.<\/strong><\/p>\n<p style=\"text-align: center;\">The width at the bust is 92 cm<\/p>\n<p style=\"text-align: center;\">Waist width 62 cm<\/p>\n<p style=\"text-align: center;\">The width at the hips is 94 cm<\/p>\n<\/div>\n<\/div>\n<\/div>\n<section class=\"related products mb-80\"><\/section>\n<section class=\"page-product-box\">\n<div class=\"rte\">\n<p style=\"text-align: center;\">\n<\/div>\n<\/section>\n<\/div>\n<\/div>\n<\/div>\n<section class=\"up-sells upsells products mb-80\"><\/section>\n<p>&nbsp;<\/p>\n<p style=\"text-align: center;\">","protected":false},"excerpt":{"rendered":"<p>Komplet Love Me R\u00f3\u017cowy Fenomenalny Komplet dresowy wykonany z bardzo dobrej jako\u015bci, mi\u0119kkiego i przyjemnego w dotyku materia\u0142u. Dres ozdobiony Napisem Love Me. Komplet dwu kolorowy to doskona\u0142a propozycja dla tych, kt\u00f3re uwielbiaj\u0105 na co dzie\u0144 mie\u0107 poczucie komfortu, a przy tym odczucie przyjaznego i mi\u0119kkiego dotyku. Komplet wykonany jest z wysokiej jako\u015bci materia\u0142u &#8211;<\/p>\n<div class=\"klb-readmore post-buttons\"><a class=\"button black outline size-sm\" href=\"https:\/\/madelinefashion.pl\/en\/product\/komplet-love-me-rozowy\/\">Read More <i class=\"klbth-icon-right-arrow\"><\/i><\/a><\/div>","protected":false},"featured_media":74957,"template":"","meta":[],"product_brand":[],"product_cat":[89],"product_tag":[282],"class_list":{"0":"post-6704","1":"product","2":"type-product","3":"status-publish","4":"has-post-thumbnail","6":"product_cat-komplety","7":"product_tag-komplety-dresowe","8":"pa_rozmiar-s-m","9":"pa_rozmiar-l-xl","11":"first","12":"instock","13":"purchasable","14":"product-type-simple"},"_links":{"self":[{"href":"https:\/\/madelinefashion.pl\/en\/wp-json\/wp\/v2\/product\/6704","targetHints":{"allow":["GET"]}}],"collection":[{"href":"https:\/\/madelinefashion.pl\/en\/wp-json\/wp\/v2\/product"}],"about":[{"href":"https:\/\/madelinefashion.pl\/en\/wp-json\/wp\/v2\/types\/product"}],"wp:featuredmedia":[{"embeddable":true,"href":"https:\/\/madelinefashion.pl\/en\/wp-json\/wp\/v2\/media\/74957"}],"wp:attachment":[{"href":"https:\/\/madelinefashion.pl\/en\/wp-json\/wp\/v2\/media?parent=6704"}],"wp:term":[{"taxonomy":"product_brand","embeddable":true,"href":"https:\/\/madelinefashion.pl\/en\/wp-json\/wp\/v2\/product_brand?post=6704"},{"taxonomy":"product_cat","embeddable":true,"href":"https:\/\/madelinefashion.pl\/en\/wp-json\/wp\/v2\/product_cat?post=6704"},{"taxonomy":"product_tag","embeddable":true,"href":"https:\/\/madelinefashion.pl\/en\/wp-json\/wp\/v2\/product_tag?post=6704"}],"curies":[{"name":"wp","href":"https:\/\/api.w.org\/{rel}","templated":true}]}}