{"id":67041,"date":"2022-11-22T15:13:56","date_gmt":"2022-11-22T14:13:56","guid":{"rendered":"https:\/\/madelinefashion.pl\/?post_type=product&#038;p=67041"},"modified":"2026-03-05T17:03:08","modified_gmt":"2026-03-05T16:03:08","slug":"sukienka-sweterkowa-z-paskiem-flora-jasny-karmel","status":"publish","type":"product","link":"https:\/\/madelinefashion.pl\/en\/product\/sukienka-sweterkowa-z-paskiem-flora-jasny-karmel\/","title":{"rendered":"Flora Light Caramel Sweater Dress with Belt"},"content":{"rendered":"<h3 style=\"text-align: center;\">Flora Light Caramel Sweater Dress with Belt<\/h3>\n<p style=\"text-align: center;\"><strong>Flora Sweater Dress with Belt<\/strong> emphasizes the figure beautifully <strong>female shapes<\/strong>. The dress has no neckline<strong> for long sleeves, which makes it perfect for colder days<\/strong>. <span style=\"font-family: arial, helvetica, sans-serif;\"><span style=\"font-size: 10pt;\">The dress is slightly flared, which adds lightness. You can successfully wear it for everyday outings, to work, a family meeting or even for a more important occasion. <\/span><\/span>\u00a0Thanks to the structure of the material, it will work better <strong>on colder days and during transitional periods<\/strong> or for the winter in combination with a jacket. We recommend combining them with high boots, which will make you stand out from the crowd.\u00a0 <strong>The size is UNIVERSAL\u00a0 <\/strong><strong>,<\/strong>\u00a0but we recommend\u00a0<strong>accurate measurement <\/strong>according to the dimension table below. Fitted sweater <b>dress<\/b> It is made of a material that is very pleasant to the body. The stretchy fabric perfectly fits the body, emphasizing all the advantages of your figure.<br \/>\nAvailable in our e-shop in several color variants, so do not hesitate and choose the one that is perfect for you. If you cannot decide which color is best for you, please contact us via Facebook or by phone. <strong>Recommended for s to xl wearers.<\/strong><\/p>\n<h3 style=\"text-align: center;\">Dress dimensions:<\/h3>\n<ul style=\"text-align: center;\">\n<li>Total length 97 cm<\/li>\n<li>Width from armpit to armpit 38 cm - 43 cm<\/li>\n<li>Waist width 37 cm - 41 cm<br \/>\nSleeve length from the shoulder 60 cm<\/li>\n<li>Sleeve length from armpit 44 cm<\/li>\n<li><\/li>\n<\/ul>\n<p style=\"text-align: center;\">Dimensions may slightly differ from the given +\/- 2cm. All dimensions given are measured flat.<\/p>\n<p style=\"text-align: center;\">X2 dimension<\/p>\n<table width=\"610\">\n<tbody>\n<tr>\n<td width=\"302\">Model name<\/td>\n<td width=\"302\">Flora<\/td>\n<\/tr>\n<tr>\n<td width=\"302\">Color<\/td>\n<td width=\"302\">Light Caramel<\/td>\n<\/tr>\n<tr>\n<td width=\"302\">Sizes<\/td>\n<td width=\"302\">Universal<\/td>\n<\/tr>\n<tr>\n<td width=\"302\">Collection<\/td>\n<td width=\"302\">Autumn winter<\/td>\n<\/tr>\n<tr>\n<td width=\"302\">Hood<\/td>\n<td width=\"302\">Without the hood<\/td>\n<\/tr>\n<tr>\n<td width=\"302\">Warmed up<\/td>\n<td width=\"302\">Uninsulated<\/td>\n<\/tr>\n<tr>\n<td width=\"302\">Material<\/td>\n<td width=\"302\">1000% Acrylic<\/td>\n<\/tr>\n<\/tbody>\n<\/table>\n<section class=\"page-product-box\">\n<div class=\"rte\">\n<p style=\"text-align: center;\">The model has\u00a0<strong>169<\/strong>\u00a0cm tall, wears a size every day\u00a0<strong>S.<\/strong><\/p>\n<p style=\"text-align: center;\">The width at the bust is 92 cm<\/p>\n<p style=\"text-align: center;\">Waist width 62 cm<\/p>\n<p style=\"text-align: center;\">The width at the hips is 94 cm<\/p>\n<\/div>\n<\/section>","protected":false},"excerpt":{"rendered":"<p>Sukienka Sweterkowa z Paskiem Flora Jasny Karmel Sukienka Sweterkowa z Paskiem Flora pi\u0119knie podkre\u015bla figur\u0119 i kobiece kszta\u0142ty. Sukienka nie posiada dekoltu jest na d\u0142ugi r\u0119kaw przez co jest idealna na ch\u0142odniejsze dni. Sukienka jest delikatnie rozkloszowana przez co dodaje lekko\u015bci. Z powodzeniem mo\u017cesz j\u0105 ubra\u0107 na codzienne wyj\u015bcia, do pracy, spotkanie rodzinne czy nawet<\/p>\n<div class=\"klb-readmore post-buttons\"><a class=\"button black outline size-sm\" href=\"https:\/\/madelinefashion.pl\/en\/product\/sukienka-sweterkowa-z-paskiem-flora-jasny-karmel\/\">Read More <i class=\"klbth-icon-right-arrow\"><\/i><\/a><\/div>","protected":false},"featured_media":67012,"template":"","meta":[],"product_brand":[],"product_cat":[158,395],"product_tag":[419,296],"class_list":{"0":"post-67041","1":"product","2":"type-product","3":"status-publish","4":"has-post-thumbnail","6":"product_cat-sukienki-sweterkowe","7":"product_cat-nowosci","8":"product_tag-sweterkowa","9":"product_tag-tuniki","11":"first","12":"instock","13":"sale","14":"purchasable","15":"product-type-simple"},"_links":{"self":[{"href":"https:\/\/madelinefashion.pl\/en\/wp-json\/wp\/v2\/product\/67041","targetHints":{"allow":["GET"]}}],"collection":[{"href":"https:\/\/madelinefashion.pl\/en\/wp-json\/wp\/v2\/product"}],"about":[{"href":"https:\/\/madelinefashion.pl\/en\/wp-json\/wp\/v2\/types\/product"}],"wp:featuredmedia":[{"embeddable":true,"href":"https:\/\/madelinefashion.pl\/en\/wp-json\/wp\/v2\/media\/67012"}],"wp:attachment":[{"href":"https:\/\/madelinefashion.pl\/en\/wp-json\/wp\/v2\/media?parent=67041"}],"wp:term":[{"taxonomy":"product_brand","embeddable":true,"href":"https:\/\/madelinefashion.pl\/en\/wp-json\/wp\/v2\/product_brand?post=67041"},{"taxonomy":"product_cat","embeddable":true,"href":"https:\/\/madelinefashion.pl\/en\/wp-json\/wp\/v2\/product_cat?post=67041"},{"taxonomy":"product_tag","embeddable":true,"href":"https:\/\/madelinefashion.pl\/en\/wp-json\/wp\/v2\/product_tag?post=67041"}],"curies":[{"name":"wp","href":"https:\/\/api.w.org\/{rel}","templated":true}]}}